{"id":1425,"date":"2019-10-26T15:15:02","date_gmt":"2019-10-26T13:15:02","guid":{"rendered":"https:\/\/molinodesimon.es\/a-casa\/galeria\/"},"modified":"2019-11-06T15:11:14","modified_gmt":"2019-11-06T14:11:14","slug":"galeria","status":"publish","type":"page","link":"https:\/\/molinodesimon.es\/pt-pt\/a-casa\/galeria\/","title":{"rendered":"Galeria"},"content":{"rendered":"<p>[et_pb_section fb_built=&#8221;1&#8243; custom_padding_last_edited=&#8221;off|desktop&#8221; admin_label=&#8221;Hero&#8221; _builder_version=&#8221;3.29.3&#8243; use_background_color_gradient=&#8221;on&#8221; background_color_gradient_start=&#8221;rgba(0,0,0,0.75)&#8221; background_color_gradient_end=&#8221;rgba(0,0,0,0.2)&#8221; background_color_gradient_direction=&#8221;90deg&#8221; background_color_gradient_overlays_image=&#8221;on&#8221; background_image=&#8221;https:\/\/molinodesimon.es\/wp-content\/uploads\/2019\/10\/salon.jpg&#8221; custom_padding=&#8221;10%||10%|&#8221; fb_built=&#8221;1&#8243; _i=&#8221;0&#8243; _address=&#8221;0&#8243;][et_pb_row _builder_version=&#8221;3.25&#8243; background_size=&#8221;initial&#8221; background_position=&#8221;top_left&#8221; background_repeat=&#8221;repeat&#8221; custom_margin=&#8221;|||&#8221; animation_style=&#8221;zoom&#8221; animation_intensity_zoom=&#8221;4%&#8221; _i=&#8221;0&#8243; _address=&#8221;0.0&#8243;][et_pb_column type=&#8221;4_4&#8243; _builder_version=&#8221;3.25&#8243; custom_padding=&#8221;|||&#8221; _i=&#8221;0&#8243; _address=&#8221;0.0.0&#8243; custom_padding__hover=&#8221;|||&#8221;][et_pb_text admin_label=&#8221;Title&#8221; _builder_version=&#8221;3.27.4&#8243; text_font=&#8221;||||||||&#8221; header_font=&#8221;Cormorant Garamond|700|||||||&#8221; header_font_size=&#8221;64px&#8221; background_layout=&#8221;dark&#8221; max_width=&#8221;600px&#8221; animation_style=&#8221;fold&#8221; animation_direction=&#8221;bottom&#8221; animation_delay=&#8221;50ms&#8221; animation_intensity_fold=&#8221;30%&#8221; animation_starting_opacity=&#8221;100%&#8221; _i=&#8221;0&#8243; _address=&#8221;0.0.0.0&#8243;]<\/p>\n<h1>Moinho de Simon<\/h1>\n<p>[\/et_pb_text][et_pb_text _builder_version=&#8221;3.27.4&#8243; text_font=&#8221;Cormorant Garamond|500|||||||&#8221; text_font_size=&#8221;24px&#8221; text_line_height=&#8221;1.8em&#8221; header_font=&#8221;||||||||&#8221; background_layout=&#8221;dark&#8221; max_width=&#8221;600px&#8221; animation_style=&#8221;fold&#8221; animation_direction=&#8221;bottom&#8221; animation_delay=&#8221;100ms&#8221; animation_intensity_fold=&#8221;30%&#8221; animation_starting_opacity=&#8221;100%&#8221; _i=&#8221;1&#8243; _address=&#8221;0.0.0.1&#8243;]<\/p>\n<p>Galeria<\/p>\n<p>[\/et_pb_text][\/et_pb_column][\/et_pb_row][\/et_pb_section][et_pb_section fb_built=&#8221;1&#8243; admin_label=&#8221;About&#8221; _builder_version=&#8221;3.22&#8243; custom_padding=&#8221;90px|0px|90px|0px&#8221; fb_built=&#8221;1&#8243; _i=&#8221;1&#8243; _address=&#8221;1&#8243;][et_pb_row _builder_version=&#8221;3.29.3&#8243; _i=&#8221;0&#8243; _address=&#8221;1.0&#8243;][et_pb_column type=&#8221;4_4&#8243; _builder_version=&#8221;3.29.3&#8243; _i=&#8221;0&#8243; _address=&#8221;1.0.0&#8243;][et_pb_gallery gallery_ids=&#8221;1347,1257,1212,1311,1221,1338,1284,1275,1230,1239,1293,1356,1320,1329,1248,1266,1302,1365&#8243; fullwidth=&#8221;on&#8221; _builder_version=&#8221;3.29.3&#8243; _i=&#8221;0&#8243; _address=&#8221;1.0.0.0&#8243;][\/et_pb_gallery][\/et_pb_column][\/et_pb_row][\/et_pb_section]<\/p>\n","protected":false},"excerpt":{"rendered":"<p>Moinho de SimonGaleria<\/p>\n","protected":false},"author":1,"featured_media":0,"parent":1048,"menu_order":0,"comment_status":"closed","ping_status":"closed","template":"","meta":{"_et_pb_use_builder":"on","_et_pb_old_content":"","_et_gb_content_width":"","footnotes":""},"class_list":["post-1425","page","type-page","status-publish","hentry"],"yoast_head":"<!-- This site is optimized with the Yoast SEO Premium plugin v21.2 (Yoast SEO v27.4) - https:\/\/yoast.com\/product\/yoast-seo-premium-wordpress\/ -->\n<title>Galeria - Molino de Sim&oacute;n<\/title>\n<meta name=\"description\" content=\"Molino de Sim\u00f3n presentamos nuestra galer\u00eda de Fotograf\u00edas de la casa rural situada en la Estaci\u00f3n de Benaoj\u00e1n a 10 minutos de Ronda\" \/>\n<meta name=\"robots\" content=\"index, follow, max-snippet:-1, max-image-preview:large, max-video-preview:-1\" \/>\n<link rel=\"canonical\" href=\"https:\/\/molinodesimon.es\/pt-pt\/a-casa\/galeria\/\" \/>\n<meta property=\"og:locale\" content=\"pt_PT\" \/>\n<meta property=\"og:type\" content=\"article\" \/>\n<meta property=\"og:title\" content=\"Galeria\" \/>\n<meta property=\"og:url\" content=\"https:\/\/molinodesimon.es\/pt-pt\/a-casa\/galeria\/\" \/>\n<meta property=\"og:site_name\" content=\"Molino de Sim&oacute;n\" \/>\n<meta property=\"article:publisher\" content=\"https:\/\/www.facebook.com\/molinodesimon\/\" \/>\n<meta property=\"article:modified_time\" content=\"2019-11-06T14:11:14+00:00\" \/>\n<meta name=\"twitter:card\" content=\"summary_large_image\" \/>\n<meta name=\"twitter:site\" content=\"@molinodesimon\" \/>\n<meta name=\"twitter:label1\" content=\"Tempo estimado de leitura\" \/>\n\t<meta name=\"twitter:data1\" content=\"1 minuto\" \/>\n<script type=\"application\/ld+json\" class=\"yoast-schema-graph\">{\"@context\":\"https:\\\/\\\/schema.org\",\"@graph\":[{\"@type\":\"WebPage\",\"@id\":\"https:\\\/\\\/molinodesimon.es\\\/pt-pt\\\/a-casa\\\/galeria\\\/\",\"url\":\"https:\\\/\\\/molinodesimon.es\\\/pt-pt\\\/a-casa\\\/galeria\\\/\",\"name\":\"Galeria - Molino de Sim&oacute;n\",\"isPartOf\":{\"@id\":\"https:\\\/\\\/molinodesimon.es\\\/pt-pt\\\/#website\"},\"datePublished\":\"2019-10-26T13:15:02+00:00\",\"dateModified\":\"2019-11-06T14:11:14+00:00\",\"description\":\"Molino de Sim\u00f3n presentamos nuestra galer\u00eda de Fotograf\u00edas de la casa rural situada en la Estaci\u00f3n de Benaoj\u00e1n a 10 minutos de Ronda\",\"breadcrumb\":{\"@id\":\"https:\\\/\\\/molinodesimon.es\\\/pt-pt\\\/a-casa\\\/galeria\\\/#breadcrumb\"},\"inLanguage\":\"pt-PT\",\"potentialAction\":[{\"@type\":\"ReadAction\",\"target\":[\"https:\\\/\\\/molinodesimon.es\\\/pt-pt\\\/a-casa\\\/galeria\\\/\"]}]},{\"@type\":\"BreadcrumbList\",\"@id\":\"https:\\\/\\\/molinodesimon.es\\\/pt-pt\\\/a-casa\\\/galeria\\\/#breadcrumb\",\"itemListElement\":[{\"@type\":\"ListItem\",\"position\":1,\"name\":\"Inicio\",\"item\":\"https:\\\/\\\/molinodesimon.es\\\/pt-pt\\\/\"},{\"@type\":\"ListItem\",\"position\":2,\"name\":\"A casa\",\"item\":\"https:\\\/\\\/molinodesimon.es\\\/pt-pt\\\/a-casa\\\/\"},{\"@type\":\"ListItem\",\"position\":3,\"name\":\"Galeria\"}]},{\"@type\":\"WebSite\",\"@id\":\"https:\\\/\\\/molinodesimon.es\\\/pt-pt\\\/#website\",\"url\":\"https:\\\/\\\/molinodesimon.es\\\/pt-pt\\\/\",\"name\":\"Molino de Sim&oacute;n\",\"description\":\"Casa Rural en la Estaci&oacute;n de Benaoj&aacute;n\",\"publisher\":{\"@id\":\"https:\\\/\\\/molinodesimon.es\\\/pt-pt\\\/#organization\"},\"potentialAction\":[{\"@type\":\"SearchAction\",\"target\":{\"@type\":\"EntryPoint\",\"urlTemplate\":\"https:\\\/\\\/molinodesimon.es\\\/pt-pt\\\/?s={search_term_string}\"},\"query-input\":{\"@type\":\"PropertyValueSpecification\",\"valueRequired\":true,\"valueName\":\"search_term_string\"}}],\"inLanguage\":\"pt-PT\"},{\"@type\":\"Organization\",\"@id\":\"https:\\\/\\\/molinodesimon.es\\\/pt-pt\\\/#organization\",\"name\":\"Molino de Sim\u00f3n\",\"url\":\"https:\\\/\\\/molinodesimon.es\\\/pt-pt\\\/\",\"logo\":{\"@type\":\"ImageObject\",\"inLanguage\":\"pt-PT\",\"@id\":\"https:\\\/\\\/molinodesimon.es\\\/pt-pt\\\/#\\\/schema\\\/logo\\\/image\\\/\",\"url\":\"https:\\\/\\\/molinodesimon.es\\\/wp-content\\\/uploads\\\/2019\\\/09\\\/niebla-en-la-estacion-de-benaojan-e1570199456228.jpg\",\"contentUrl\":\"https:\\\/\\\/molinodesimon.es\\\/wp-content\\\/uploads\\\/2019\\\/09\\\/niebla-en-la-estacion-de-benaojan-e1570199456228.jpg\",\"width\":700,\"height\":700,\"caption\":\"Molino de Sim\u00f3n\"},\"image\":{\"@id\":\"https:\\\/\\\/molinodesimon.es\\\/pt-pt\\\/#\\\/schema\\\/logo\\\/image\\\/\"},\"sameAs\":[\"https:\\\/\\\/www.facebook.com\\\/molinodesimon\\\/\",\"https:\\\/\\\/x.com\\\/molinodesimon\",\"https:\\\/\\\/www.instagram.com\\\/molinodesimon\\\/\",\"https:\\\/\\\/www.linkedin.com\\\/company\\\/51039578\\\/\",\"https:\\\/\\\/www.pinterest.es\\\/molinodesimon\\\/\",\"https:\\\/\\\/www.youtube.com\\\/channel\\\/UCtBlh0rPSz16lWMTxMIc7cw\"]}]}<\/script>\n<!-- \/ Yoast SEO Premium plugin. -->","yoast_head_json":{"title":"Galeria - Molino de Sim&oacute;n","description":"Molino de Sim\u00f3n presentamos nuestra galer\u00eda de Fotograf\u00edas de la casa rural situada en la Estaci\u00f3n de Benaoj\u00e1n a 10 minutos de Ronda","robots":{"index":"index","follow":"follow","max-snippet":"max-snippet:-1","max-image-preview":"max-image-preview:large","max-video-preview":"max-video-preview:-1"},"canonical":"https:\/\/molinodesimon.es\/pt-pt\/a-casa\/galeria\/","og_locale":"pt_PT","og_type":"article","og_title":"Galeria","og_url":"https:\/\/molinodesimon.es\/pt-pt\/a-casa\/galeria\/","og_site_name":"Molino de Sim&oacute;n","article_publisher":"https:\/\/www.facebook.com\/molinodesimon\/","article_modified_time":"2019-11-06T14:11:14+00:00","twitter_card":"summary_large_image","twitter_site":"@molinodesimon","twitter_misc":{"Tempo estimado de leitura":"1 minuto"},"schema":{"@context":"https:\/\/schema.org","@graph":[{"@type":"WebPage","@id":"https:\/\/molinodesimon.es\/pt-pt\/a-casa\/galeria\/","url":"https:\/\/molinodesimon.es\/pt-pt\/a-casa\/galeria\/","name":"Galeria - Molino de Sim&oacute;n","isPartOf":{"@id":"https:\/\/molinodesimon.es\/pt-pt\/#website"},"datePublished":"2019-10-26T13:15:02+00:00","dateModified":"2019-11-06T14:11:14+00:00","description":"Molino de Sim\u00f3n presentamos nuestra galer\u00eda de Fotograf\u00edas de la casa rural situada en la Estaci\u00f3n de Benaoj\u00e1n a 10 minutos de Ronda","breadcrumb":{"@id":"https:\/\/molinodesimon.es\/pt-pt\/a-casa\/galeria\/#breadcrumb"},"inLanguage":"pt-PT","potentialAction":[{"@type":"ReadAction","target":["https:\/\/molinodesimon.es\/pt-pt\/a-casa\/galeria\/"]}]},{"@type":"BreadcrumbList","@id":"https:\/\/molinodesimon.es\/pt-pt\/a-casa\/galeria\/#breadcrumb","itemListElement":[{"@type":"ListItem","position":1,"name":"Inicio","item":"https:\/\/molinodesimon.es\/pt-pt\/"},{"@type":"ListItem","position":2,"name":"A casa","item":"https:\/\/molinodesimon.es\/pt-pt\/a-casa\/"},{"@type":"ListItem","position":3,"name":"Galeria"}]},{"@type":"WebSite","@id":"https:\/\/molinodesimon.es\/pt-pt\/#website","url":"https:\/\/molinodesimon.es\/pt-pt\/","name":"Molino de Sim&oacute;n","description":"Casa Rural en la Estaci&oacute;n de Benaoj&aacute;n","publisher":{"@id":"https:\/\/molinodesimon.es\/pt-pt\/#organization"},"potentialAction":[{"@type":"SearchAction","target":{"@type":"EntryPoint","urlTemplate":"https:\/\/molinodesimon.es\/pt-pt\/?s={search_term_string}"},"query-input":{"@type":"PropertyValueSpecification","valueRequired":true,"valueName":"search_term_string"}}],"inLanguage":"pt-PT"},{"@type":"Organization","@id":"https:\/\/molinodesimon.es\/pt-pt\/#organization","name":"Molino de Sim\u00f3n","url":"https:\/\/molinodesimon.es\/pt-pt\/","logo":{"@type":"ImageObject","inLanguage":"pt-PT","@id":"https:\/\/molinodesimon.es\/pt-pt\/#\/schema\/logo\/image\/","url":"https:\/\/molinodesimon.es\/wp-content\/uploads\/2019\/09\/niebla-en-la-estacion-de-benaojan-e1570199456228.jpg","contentUrl":"https:\/\/molinodesimon.es\/wp-content\/uploads\/2019\/09\/niebla-en-la-estacion-de-benaojan-e1570199456228.jpg","width":700,"height":700,"caption":"Molino de Sim\u00f3n"},"image":{"@id":"https:\/\/molinodesimon.es\/pt-pt\/#\/schema\/logo\/image\/"},"sameAs":["https:\/\/www.facebook.com\/molinodesimon\/","https:\/\/x.com\/molinodesimon","https:\/\/www.instagram.com\/molinodesimon\/","https:\/\/www.linkedin.com\/company\/51039578\/","https:\/\/www.pinterest.es\/molinodesimon\/","https:\/\/www.youtube.com\/channel\/UCtBlh0rPSz16lWMTxMIc7cw"]}]}},"_links":{"self":[{"href":"https:\/\/molinodesimon.es\/pt-pt\/wp-json\/wp\/v2\/pages\/1425","targetHints":{"allow":["GET"]}}],"collection":[{"href":"https:\/\/molinodesimon.es\/pt-pt\/wp-json\/wp\/v2\/pages"}],"about":[{"href":"https:\/\/molinodesimon.es\/pt-pt\/wp-json\/wp\/v2\/types\/page"}],"author":[{"embeddable":true,"href":"https:\/\/molinodesimon.es\/pt-pt\/wp-json\/wp\/v2\/users\/1"}],"replies":[{"embeddable":true,"href":"https:\/\/molinodesimon.es\/pt-pt\/wp-json\/wp\/v2\/comments?post=1425"}],"version-history":[{"count":3,"href":"https:\/\/molinodesimon.es\/pt-pt\/wp-json\/wp\/v2\/pages\/1425\/revisions"}],"predecessor-version":[{"id":1680,"href":"https:\/\/molinodesimon.es\/pt-pt\/wp-json\/wp\/v2\/pages\/1425\/revisions\/1680"}],"up":[{"embeddable":true,"href":"https:\/\/molinodesimon.es\/pt-pt\/wp-json\/wp\/v2\/pages\/1048"}],"wp:attachment":[{"href":"https:\/\/molinodesimon.es\/pt-pt\/wp-json\/wp\/v2\/media?parent=1425"}],"curies":[{"name":"wp","href":"https:\/\/api.w.org\/{rel}","templated":true}]}}