{"id":1064,"date":"2019-10-20T23:49:58","date_gmt":"2019-10-20T21:49:58","guid":{"rendered":"https:\/\/molinodesimon.es\/trilhas\/"},"modified":"2019-10-21T00:32:33","modified_gmt":"2019-10-20T22:32:33","slug":"trilhas","status":"publish","type":"page","link":"https:\/\/molinodesimon.es\/pt-pt\/trilhas\/","title":{"rendered":"Trilhas"},"content":{"rendered":"<p>[et_pb_section fb_built=&#8221;1&#8243; custom_padding_last_edited=&#8221;off|desktop&#8221; prev_background_color=&#8221;#ffffff&#8221; next_background_color=&#8221;#ffffff&#8221; admin_label=&#8221;Hero&#8221; _builder_version=&#8221;3.29.3&#8243; use_background_color_gradient=&#8221;on&#8221; background_color_gradient_start=&#8221;rgba(0,0,0,0.75)&#8221; background_color_gradient_end=&#8221;rgba(0,0,0,0.2)&#8221; background_color_gradient_direction=&#8221;90deg&#8221; background_color_gradient_overlays_image=&#8221;on&#8221; background_image=&#8221;https:\/\/molinodesimon.es\/wp-content\/uploads\/2019\/09\/senderismo.jpg&#8221; custom_padding=&#8221;10%||10%|&#8221; top_divider_style=&#8221;waves2&#8243; bottom_divider_style=&#8221;waves2&#8243; fb_built=&#8221;1&#8243; _i=&#8221;0&#8243; _address=&#8221;0&#8243;][et_pb_row _builder_version=&#8221;3.25&#8243; background_size=&#8221;initial&#8221; background_position=&#8221;top_left&#8221; background_repeat=&#8221;repeat&#8221; custom_margin=&#8221;|||&#8221; animation_style=&#8221;zoom&#8221; animation_intensity_zoom=&#8221;4%&#8221; _i=&#8221;0&#8243; _address=&#8221;0.0&#8243;][et_pb_column type=&#8221;4_4&#8243; _builder_version=&#8221;3.25&#8243; custom_padding=&#8221;|||&#8221; _i=&#8221;0&#8243; _address=&#8221;0.0.0&#8243; custom_padding__hover=&#8221;|||&#8221;][et_pb_text admin_label=&#8221;Title&#8221; _builder_version=&#8221;3.29.3&#8243; text_font=&#8221;||||||||&#8221; header_font=&#8221;Cormorant Garamond|700|||||||&#8221; header_font_size=&#8221;64px&#8221; background_layout=&#8221;dark&#8221; max_width=&#8221;600px&#8221; animation_style=&#8221;fold&#8221; animation_direction=&#8221;bottom&#8221; animation_delay=&#8221;50ms&#8221; animation_intensity_fold=&#8221;30%&#8221; animation_starting_opacity=&#8221;100%&#8221; hover_enabled=&#8221;0&#8243; _i=&#8221;0&#8243; _address=&#8221;0.0.0.0&#8243;]<\/p>\n<div id=\"ez-toc-container\" class=\"ez-toc-v2_0_82_2 counter-hierarchy ez-toc-counter ez-toc-grey ez-toc-container-direction\">\n<p class=\"ez-toc-title\" style=\"cursor:inherit\">Tabla de Contenidos<\/p>\n<label for=\"ez-toc-cssicon-toggle-item-69ea239757965\" class=\"ez-toc-cssicon-toggle-label\"><span class=\"\"><span class=\"eztoc-hide\" style=\"display:none;\">Toggle<\/span><span class=\"ez-toc-icon-toggle-span\"><svg style=\"fill: #999;color:#999\" xmlns=\"http:\/\/www.w3.org\/2000\/svg\" class=\"list-377408\" width=\"20px\" height=\"20px\" viewBox=\"0 0 24 24\" fill=\"none\"><path d=\"M6 6H4v2h2V6zm14 0H8v2h12V6zM4 11h2v2H4v-2zm16 0H8v2h12v-2zM4 16h2v2H4v-2zm16 0H8v2h12v-2z\" fill=\"currentColor\"><\/path><\/svg><svg style=\"fill: #999;color:#999\" class=\"arrow-unsorted-368013\" xmlns=\"http:\/\/www.w3.org\/2000\/svg\" width=\"10px\" height=\"10px\" viewBox=\"0 0 24 24\" version=\"1.2\" baseProfile=\"tiny\"><path d=\"M18.2 9.3l-6.2-6.3-6.2 6.3c-.2.2-.3.4-.3.7s.1.5.3.7c.2.2.4.3.7.3h11c.3 0 .5-.1.7-.3.2-.2.3-.5.3-.7s-.1-.5-.3-.7zM5.8 14.7l6.2 6.3 6.2-6.3c.2-.2.3-.5.3-.7s-.1-.5-.3-.7c-.2-.2-.4-.3-.7-.3h-11c-.3 0-.5.1-.7.3-.2.2-.3.5-.3.7s.1.5.3.7z\"\/><\/svg><\/span><\/span><\/label><input type=\"checkbox\"  id=\"ez-toc-cssicon-toggle-item-69ea239757965\"  aria-label=\"Toggle\" \/><nav><ul class='ez-toc-list ez-toc-list-level-1 ' ><li class='ez-toc-page-1 ez-toc-heading-level-1'><a class=\"ez-toc-link ez-toc-heading-1\" href=\"https:\/\/molinodesimon.es\/pt-pt\/trilhas\/#Trilhos_pedestres_Estacao_Benaojan\" >Trilhos pedestres Esta\u00e7\u00e3o Benaoj\u00e1n<\/a><ul class='ez-toc-list-level-2' ><li class='ez-toc-heading-level-2'><a class=\"ez-toc-link ez-toc-heading-2\" href=\"https:\/\/molinodesimon.es\/pt-pt\/trilhas\/#Voce_pode_verificar_o_nivel_de_dificuldade_da_rota_com_as_nossas_direcoes_e_mapas_3D\" >Voc\u00ea pode verificar o n\u00edvel de dificuldade da rota com as nossas dire\u00e7\u00f5es e mapas 3D.<\/a><\/li><\/ul><\/li><li class='ez-toc-page-1 ez-toc-heading-level-1'><a class=\"ez-toc-link ez-toc-heading-3\" href=\"https:\/\/molinodesimon.es\/pt-pt\/trilhas\/#Estacao_de_Benaojan-caverna_do_gato\" >Esta\u00e7\u00e3o de Benaoj\u00e1n-caverna do gato<\/a><\/li><li class='ez-toc-page-1 ez-toc-heading-level-1'><a class=\"ez-toc-link ez-toc-heading-4\" href=\"https:\/\/molinodesimon.es\/pt-pt\/trilhas\/#Estacao_Benaojan-estacao_libar_Jimera\" >Esta\u00e7\u00e3o Benaoj\u00e1n-esta\u00e7\u00e3o libar Jimera<\/a><\/li><\/ul><\/nav><\/div>\n<h1><span class=\"ez-toc-section\" id=\"Trilhos_pedestres_Estacao_Benaojan\"><\/span>Trilhos pedestres Esta\u00e7\u00e3o Benaoj\u00e1n<span class=\"ez-toc-section-end\"><\/span><\/h1>\n<p>[\/et_pb_text][et_pb_text _builder_version=&#8221;3.29.3&#8243; text_font=&#8221;Cormorant Garamond|500|||||||&#8221; text_font_size=&#8221;24px&#8221; text_line_height=&#8221;1.8em&#8221; header_font=&#8221;||||||||&#8221; background_layout=&#8221;dark&#8221; max_width=&#8221;600px&#8221; animation_style=&#8221;fold&#8221; animation_direction=&#8221;bottom&#8221; animation_delay=&#8221;100ms&#8221; animation_intensity_fold=&#8221;30%&#8221; animation_starting_opacity=&#8221;100%&#8221; hover_enabled=&#8221;0&#8243; _i=&#8221;1&#8243; _address=&#8221;0.0.0.1&#8243;]<\/p>\n<p>Aqui est\u00e1 a nossa selec\u00e7\u00e3o de trilhas <a href=\"https:\/\/molinodesimon.es\/pt-pt\/trilhas\/\"><strong>mais pr\u00f3ximas<\/strong><\/a> para a nossa casa a partir de la <a href=\"https:\/\/molinodesimon.es\/pt-pt\/o-ambiente\/\"><strong>Esta\u00e7\u00e3o Benaoj\u00e1n<\/strong><\/a>, voc\u00ea pode assistir em v\u00eddeos de mapas 3D com o Tour de rota virtual.<\/p>\n<p>[\/et_pb_text][\/et_pb_column][\/et_pb_row][\/et_pb_section][et_pb_section fb_built=&#8221;1&#8243; admin_label=&#8221;About&#8221; _builder_version=&#8221;3.22&#8243; custom_padding=&#8221;90px|0px|90px|0px&#8221; fb_built=&#8221;1&#8243; _i=&#8221;1&#8243; _address=&#8221;1&#8243;][et_pb_row column_structure=&#8221;1_2,1_2&#8243; custom_padding_last_edited=&#8221;on|tablet&#8221; admin_label=&#8221;Nutrtion Plan Row&#8221; _builder_version=&#8221;3.25&#8243; background_color=&#8221;#f9f2f2&#8243; custom_margin=&#8221;|||&#8221; custom_padding=&#8221;27px|0px|90px|0px&#8221; custom_padding_tablet=&#8221;0px||0px|&#8221; box_shadow_style=&#8221;preset4&#8243; box_shadow_horizontal=&#8221;0px&#8221; box_shadow_vertical=&#8221;100px&#8221; box_shadow_color=&#8221;#ffffff&#8221; box_shadow_position=&#8221;inner&#8221; _i=&#8221;0&#8243; _address=&#8221;1.0&#8243;][et_pb_column type=&#8221;1_2&#8243; _builder_version=&#8221;3.25&#8243; custom_padding=&#8221;130px|30px||50px&#8221; custom_padding_tablet=&#8221;130px|50px||50px&#8221; custom_padding_last_edited=&#8221;on|desktop&#8221; padding_tablet=&#8221;130px|50px||50px&#8221; padding_last_edited=&#8221;on|desktop&#8221; padding_left=&#8221;50px&#8221; padding_right=&#8221;30px&#8221; padding_top=&#8221;130px&#8221; _i=&#8221;0&#8243; _address=&#8221;1.0.0&#8243; custom_padding__hover=&#8221;|||&#8221;][et_pb_text admin_label=&#8221;Title&#8221; _builder_version=&#8221;3.29.3&#8243; text_font=&#8221;||||||||&#8221; header_font=&#8221;||||||||&#8221; header_2_font=&#8221;Cormorant Garamond|600|||||||&#8221; header_2_font_size=&#8221;36px&#8221; header_2_line_height=&#8221;1.4em&#8221; animation_style=&#8221;fold&#8221; animation_direction=&#8221;left&#8221; animation_intensity_fold=&#8221;5%&#8221; animation_starting_opacity=&#8221;100%&#8221; hover_enabled=&#8221;0&#8243; _i=&#8221;0&#8243; _address=&#8221;1.0.0.0&#8243;]<\/p>\n<h2><span class=\"ez-toc-section\" id=\"Voce_pode_verificar_o_nivel_de_dificuldade_da_rota_com_as_nossas_direcoes_e_mapas_3D\"><\/span>Voc\u00ea pode verificar o n\u00edvel de dificuldade da rota com as nossas dire\u00e7\u00f5es e mapas 3D.<span class=\"ez-toc-section-end\"><\/span><\/h2>\n<p>[\/et_pb_text][\/et_pb_column][et_pb_column type=&#8221;1_2&#8243; _builder_version=&#8221;3.25&#8243; custom_padding=&#8221;|30px||&#8221; custom_padding_tablet=&#8221;|0px||&#8221; custom_padding_last_edited=&#8221;on|desktop&#8221; padding_tablet=&#8221;|0px||&#8221; padding_last_edited=&#8221;on|desktop&#8221; padding_right=&#8221;30px&#8221; _i=&#8221;1&#8243; _address=&#8221;1.0.1&#8243; custom_padding__hover=&#8221;|||&#8221;][et_pb_image src=&#8221;https:\/\/molinodesimon.es\/wp-content\/uploads\/2019\/10\/hombre-andando.jpg&#8221; force_fullwidth=&#8221;on&#8221; _builder_version=&#8221;3.29.3&#8243; always_center_on_mobile=&#8221;off&#8221; _i=&#8221;0&#8243; _address=&#8221;1.0.1.0&#8243;][\/et_pb_image][\/et_pb_column][\/et_pb_row][\/et_pb_section][et_pb_section fb_built=&#8221;1&#8243; prev_background_color=&#8221;#ffffff&#8221; admin_label=&#8221;Recipes&#8221; _builder_version=&#8221;3.29.3&#8243; background_color=&#8221;#f9f2f2&#8243; background_size=&#8221;initial&#8221; custom_margin=&#8221;|||&#8221; custom_padding=&#8221;90px|0px|90px|0px&#8221; top_divider_style=&#8221;mountains&#8221; bottom_divider_style=&#8221;asymmetric&#8221; bottom_divider_color=&#8221;#ffffff&#8221; fb_built=&#8221;1&#8243; _i=&#8221;2&#8243; _address=&#8221;2&#8243;][et_pb_row _builder_version=&#8221;3.25&#8243; custom_margin=&#8221;|||&#8221; locked=&#8221;off&#8221; _i=&#8221;0&#8243; _address=&#8221;2.0&#8243;][et_pb_column type=&#8221;4_4&#8243; _builder_version=&#8221;3.25&#8243; custom_padding=&#8221;|||&#8221; _i=&#8221;0&#8243; _address=&#8221;2.0.0&#8243; custom_padding__hover=&#8221;|||&#8221;][et_pb_text admin_label=&#8221;Title&#8221; _builder_version=&#8221;3.29.3&#8243; text_font=&#8221;||||||||&#8221; header_font=&#8221;||||||||&#8221; header_2_font=&#8221;Cormorant Garamond|500|||||||&#8221; header_2_text_color=&#8221;#1e1e1e&#8221; header_2_font_size=&#8221;36px&#8221; background_color=&#8221;#e09900&#8243; text_orientation=&#8221;center&#8221; custom_margin=&#8221;15px|15px|15px|15px|false|false&#8221; custom_padding=&#8221;15px|15px|15px|15px|false|false&#8221; animation_style=&#8221;fade&#8221; border_width_all=&#8221;1px&#8221; border_color_all=&#8221;#e09900&#8243; box_shadow_style=&#8221;preset1&#8243; _i=&#8221;0&#8243; _address=&#8221;2.0.0.0&#8243;]<\/p>\n<h1><span class=\"ez-toc-section\" id=\"Estacao_de_Benaojan-caverna_do_gato\"><\/span>Esta\u00e7\u00e3o de Benaoj\u00e1n-caverna do gato <span class=\"ez-toc-section-end\"><\/span><\/h1>\n<p>[\/et_pb_text][\/et_pb_column][\/et_pb_row][et_pb_row column_structure=&#8221;1_2,1_2&#8243; _builder_version=&#8221;3.29.3&#8243; _i=&#8221;1&#8243; _address=&#8221;2.1&#8243;][et_pb_column type=&#8221;1_2&#8243; _builder_version=&#8221;3.29.3&#8243; _i=&#8221;0&#8243; _address=&#8221;2.1.0&#8243;][et_pb_text _builder_version=&#8221;3.29.3&#8243; _i=&#8221;0&#8243; _address=&#8221;2.1.0.0&#8243;]<\/p>\n<p><strong>Percurso com uma dist\u00e2ncia de 4 km de ida e volta<\/strong><\/p>\n<p>[\/et_pb_text][et_pb_button button_url=&#8221;@ET-DC@eyJkeW5hbWljIjp0cnVlLCJjb250ZW50IjoicG9zdF9saW5rX3VybF9wYWdlIiwic2V0dGluZ3MiOnsicG9zdF9pZCI6IjE4OCJ9fQ==@&#8221; button_text=&#8221;Ver informa\u00e7\u00f5es completas da rota&#8221; _builder_version=&#8221;3.29.3&#8243; _dynamic_attributes=&#8221;button_url&#8221; custom_button=&#8221;on&#8221; button_text_size=&#8221;16px&#8221; button_text_color=&#8221;#e09900&#8243; button_bg_color=&#8221;#000000&#8243; button_bg_enable_color=&#8221;on&#8221; _i=&#8221;1&#8243; _address=&#8221;2.1.0.1&#8243;][\/et_pb_button][\/et_pb_column][et_pb_column type=&#8221;1_2&#8243; _builder_version=&#8221;3.29.3&#8243; _i=&#8221;1&#8243; _address=&#8221;2.1.1&#8243;][et_pb_video src=&#8221;https:\/\/www.youtube.com\/watch?v=Lk8C449Mw_k&#8221; _builder_version=&#8221;3.29.3&#8243; _i=&#8221;0&#8243; _address=&#8221;2.1.1.0&#8243;][\/et_pb_video][\/et_pb_column][\/et_pb_row][\/et_pb_section][et_pb_section fb_built=&#8221;1&#8243; next_background_color=&#8221;#ffffff&#8221; admin_label=&#8221;Recipes&#8221; _builder_version=&#8221;3.29.3&#8243; background_color=&#8221;#f9f2f2&#8243; background_size=&#8221;initial&#8221; custom_margin=&#8221;|||&#8221; custom_padding=&#8221;90px|0px|90px|0px&#8221; top_divider_style=&#8221;mountains&#8221; top_divider_color=&#8221;#ffffff&#8221; bottom_divider_style=&#8221;asymmetric2&#8243; fb_built=&#8221;1&#8243; _i=&#8221;3&#8243; _address=&#8221;3&#8243;][et_pb_row _builder_version=&#8221;3.25&#8243; custom_margin=&#8221;|||&#8221; locked=&#8221;off&#8221; _i=&#8221;0&#8243; _address=&#8221;3.0&#8243;][et_pb_column type=&#8221;4_4&#8243; _builder_version=&#8221;3.25&#8243; custom_padding=&#8221;|||&#8221; _i=&#8221;0&#8243; _address=&#8221;3.0.0&#8243; custom_padding__hover=&#8221;|||&#8221;][et_pb_text admin_label=&#8221;Title&#8221; _builder_version=&#8221;3.29.3&#8243; text_font=&#8221;||||||||&#8221; header_font=&#8221;||||||||&#8221; header_2_font=&#8221;Cormorant Garamond|500|||||||&#8221; header_2_text_color=&#8221;#1e1e1e&#8221; header_2_font_size=&#8221;36px&#8221; background_color=&#8221;#e09900&#8243; text_orientation=&#8221;center&#8221; custom_margin=&#8221;15px|15px|15px|15px|false|false&#8221; custom_padding=&#8221;15px|15px|15px|15px|false|false&#8221; animation_style=&#8221;fade&#8221; box_shadow_style=&#8221;preset1&#8243; _i=&#8221;0&#8243; _address=&#8221;3.0.0.0&#8243;]<\/p>\n<h1><span class=\"ez-toc-section\" id=\"Estacao_Benaojan-estacao_libar_Jimera\"><\/span>Esta\u00e7\u00e3o Benaoj\u00e1n-esta\u00e7\u00e3o libar Jimera<span class=\"ez-toc-section-end\"><\/span><\/h1>\n<p>[\/et_pb_text][\/et_pb_column][\/et_pb_row][et_pb_row column_structure=&#8221;1_2,1_2&#8243; _builder_version=&#8221;3.29.3&#8243; _i=&#8221;1&#8243; _address=&#8221;3.1&#8243;][et_pb_column type=&#8221;1_2&#8243; _builder_version=&#8221;3.29.3&#8243; _i=&#8221;0&#8243; _address=&#8221;3.1.0&#8243;][et_pb_text _builder_version=&#8221;3.29.3&#8243; _i=&#8221;0&#8243; _address=&#8221;3.1.0.0&#8243;]<\/p>\n<p><strong>Rota com uma dist\u00e2ncia de 10 km de uma maneira.<\/strong><\/p>\n<p>[\/et_pb_text][et_pb_button button_url=&#8221;@ET-DC@eyJkeW5hbWljIjp0cnVlLCJjb250ZW50IjoicG9zdF9saW5rX3VybF9wYWdlIiwic2V0dGluZ3MiOnsicG9zdF9pZCI6IjIwMCJ9fQ==@&#8221; button_text=&#8221;Ver informa\u00e7\u00f5es completas da rota&#8221; _builder_version=&#8221;3.29.3&#8243; _dynamic_attributes=&#8221;button_url&#8221; custom_button=&#8221;on&#8221; button_text_size=&#8221;16px&#8221; button_text_color=&#8221;#e09900&#8243; button_bg_color=&#8221;#000000&#8243; button_bg_enable_color=&#8221;on&#8221; _i=&#8221;1&#8243; _address=&#8221;3.1.0.1&#8243;][\/et_pb_button][\/et_pb_column][et_pb_column type=&#8221;1_2&#8243; _builder_version=&#8221;3.29.3&#8243; _i=&#8221;1&#8243; _address=&#8221;3.1.1&#8243;][et_pb_video src=&#8221;https:\/\/www.youtube.com\/watch?v=N_YZFL3N9sE&#8221; _builder_version=&#8221;3.29.3&#8243; _i=&#8221;0&#8243; _address=&#8221;3.1.1.0&#8243;][\/et_pb_video][\/et_pb_column][\/et_pb_row][\/et_pb_section]<\/p>\n","protected":false},"excerpt":{"rendered":"<p>Trilhos pedestres Esta\u00e7\u00e3o Benaoj\u00e1nAqui est\u00e1 a nossa selec\u00e7\u00e3o de trilhas mais pr\u00f3ximas para a nossa casa a partir de la Esta\u00e7\u00e3o Benaoj\u00e1n, voc\u00ea pode assistir em v\u00eddeos de mapas 3D com o Tour de rota virtual. Voc\u00ea pode verificar o n\u00edvel de dificuldade da rota com as nossas dire\u00e7\u00f5es e mapas 3D.Esta\u00e7\u00e3o de Benaoj\u00e1n-caverna do [&hellip;]<\/p>\n","protected":false},"author":1,"featured_media":0,"parent":0,"menu_order":0,"comment_status":"closed","ping_status":"closed","template":"","meta":{"_et_pb_use_builder":"on","_et_pb_old_content":"","_et_gb_content_width":"","footnotes":""},"class_list":["post-1064","page","type-page","status-publish","hentry"],"yoast_head":"<!-- This site is optimized with the Yoast SEO Premium plugin v21.2 (Yoast SEO v27.4) - https:\/\/yoast.com\/product\/yoast-seo-premium-wordpress\/ -->\n<title>Trilhos pedestres Benaoj\u00e1n Station - Molino de Sim&oacute;n<\/title>\n<meta name=\"description\" content=\"Trilhas que podem ser feitas a partir de Mill de Simon na esta\u00e7\u00e3o de Benaoj\u00e1n para locais de interesse da Serran\u00eda de ronda\" \/>\n<meta name=\"robots\" content=\"index, follow, max-snippet:-1, max-image-preview:large, max-video-preview:-1\" \/>\n<link rel=\"canonical\" href=\"https:\/\/molinodesimon.es\/pt-pt\/trilhas\/\" \/>\n<meta property=\"og:locale\" content=\"pt_PT\" \/>\n<meta property=\"og:type\" content=\"article\" \/>\n<meta property=\"og:title\" content=\"Trilhas\" \/>\n<meta property=\"og:url\" content=\"https:\/\/molinodesimon.es\/pt-pt\/trilhas\/\" \/>\n<meta property=\"og:site_name\" content=\"Molino de Sim&oacute;n\" \/>\n<meta property=\"article:publisher\" content=\"https:\/\/www.facebook.com\/molinodesimon\/\" \/>\n<meta property=\"article:modified_time\" content=\"2019-10-20T22:32:33+00:00\" \/>\n<meta name=\"twitter:card\" content=\"summary_large_image\" \/>\n<meta name=\"twitter:site\" content=\"@molinodesimon\" \/>\n<meta name=\"twitter:label1\" content=\"Tempo estimado de leitura\" \/>\n\t<meta name=\"twitter:data1\" content=\"5 minutos\" \/>\n<script type=\"application\/ld+json\" class=\"yoast-schema-graph\">{\"@context\":\"https:\\\/\\\/schema.org\",\"@graph\":[{\"@type\":\"WebPage\",\"@id\":\"https:\\\/\\\/molinodesimon.es\\\/pt-pt\\\/trilhas\\\/\",\"url\":\"https:\\\/\\\/molinodesimon.es\\\/pt-pt\\\/trilhas\\\/\",\"name\":\"Trilhos pedestres Benaoj\u00e1n Station - Molino de Sim&oacute;n\",\"isPartOf\":{\"@id\":\"https:\\\/\\\/molinodesimon.es\\\/pt-pt\\\/#website\"},\"datePublished\":\"2019-10-20T21:49:58+00:00\",\"dateModified\":\"2019-10-20T22:32:33+00:00\",\"description\":\"Trilhas que podem ser feitas a partir de Mill de Simon na esta\u00e7\u00e3o de Benaoj\u00e1n para locais de interesse da Serran\u00eda de ronda\",\"breadcrumb\":{\"@id\":\"https:\\\/\\\/molinodesimon.es\\\/pt-pt\\\/trilhas\\\/#breadcrumb\"},\"inLanguage\":\"pt-PT\",\"potentialAction\":[{\"@type\":\"ReadAction\",\"target\":[\"https:\\\/\\\/molinodesimon.es\\\/pt-pt\\\/trilhas\\\/\"]}]},{\"@type\":\"BreadcrumbList\",\"@id\":\"https:\\\/\\\/molinodesimon.es\\\/pt-pt\\\/trilhas\\\/#breadcrumb\",\"itemListElement\":[{\"@type\":\"ListItem\",\"position\":1,\"name\":\"Inicio\",\"item\":\"https:\\\/\\\/molinodesimon.es\\\/pt-pt\\\/\"},{\"@type\":\"ListItem\",\"position\":2,\"name\":\"Trilhas\"}]},{\"@type\":\"WebSite\",\"@id\":\"https:\\\/\\\/molinodesimon.es\\\/pt-pt\\\/#website\",\"url\":\"https:\\\/\\\/molinodesimon.es\\\/pt-pt\\\/\",\"name\":\"Molino de Sim&oacute;n\",\"description\":\"Casa Rural en la Estaci&oacute;n de Benaoj&aacute;n\",\"publisher\":{\"@id\":\"https:\\\/\\\/molinodesimon.es\\\/pt-pt\\\/#organization\"},\"potentialAction\":[{\"@type\":\"SearchAction\",\"target\":{\"@type\":\"EntryPoint\",\"urlTemplate\":\"https:\\\/\\\/molinodesimon.es\\\/pt-pt\\\/?s={search_term_string}\"},\"query-input\":{\"@type\":\"PropertyValueSpecification\",\"valueRequired\":true,\"valueName\":\"search_term_string\"}}],\"inLanguage\":\"pt-PT\"},{\"@type\":\"Organization\",\"@id\":\"https:\\\/\\\/molinodesimon.es\\\/pt-pt\\\/#organization\",\"name\":\"Molino de Sim\u00f3n\",\"url\":\"https:\\\/\\\/molinodesimon.es\\\/pt-pt\\\/\",\"logo\":{\"@type\":\"ImageObject\",\"inLanguage\":\"pt-PT\",\"@id\":\"https:\\\/\\\/molinodesimon.es\\\/pt-pt\\\/#\\\/schema\\\/logo\\\/image\\\/\",\"url\":\"https:\\\/\\\/molinodesimon.es\\\/wp-content\\\/uploads\\\/2019\\\/09\\\/niebla-en-la-estacion-de-benaojan-e1570199456228.jpg\",\"contentUrl\":\"https:\\\/\\\/molinodesimon.es\\\/wp-content\\\/uploads\\\/2019\\\/09\\\/niebla-en-la-estacion-de-benaojan-e1570199456228.jpg\",\"width\":700,\"height\":700,\"caption\":\"Molino de Sim\u00f3n\"},\"image\":{\"@id\":\"https:\\\/\\\/molinodesimon.es\\\/pt-pt\\\/#\\\/schema\\\/logo\\\/image\\\/\"},\"sameAs\":[\"https:\\\/\\\/www.facebook.com\\\/molinodesimon\\\/\",\"https:\\\/\\\/x.com\\\/molinodesimon\",\"https:\\\/\\\/www.instagram.com\\\/molinodesimon\\\/\",\"https:\\\/\\\/www.linkedin.com\\\/company\\\/51039578\\\/\",\"https:\\\/\\\/www.pinterest.es\\\/molinodesimon\\\/\",\"https:\\\/\\\/www.youtube.com\\\/channel\\\/UCtBlh0rPSz16lWMTxMIc7cw\"]}]}<\/script>\n<!-- \/ Yoast SEO Premium plugin. -->","yoast_head_json":{"title":"Trilhos pedestres Benaoj\u00e1n Station - Molino de Sim&oacute;n","description":"Trilhas que podem ser feitas a partir de Mill de Simon na esta\u00e7\u00e3o de Benaoj\u00e1n para locais de interesse da Serran\u00eda de ronda","robots":{"index":"index","follow":"follow","max-snippet":"max-snippet:-1","max-image-preview":"max-image-preview:large","max-video-preview":"max-video-preview:-1"},"canonical":"https:\/\/molinodesimon.es\/pt-pt\/trilhas\/","og_locale":"pt_PT","og_type":"article","og_title":"Trilhas","og_url":"https:\/\/molinodesimon.es\/pt-pt\/trilhas\/","og_site_name":"Molino de Sim&oacute;n","article_publisher":"https:\/\/www.facebook.com\/molinodesimon\/","article_modified_time":"2019-10-20T22:32:33+00:00","twitter_card":"summary_large_image","twitter_site":"@molinodesimon","twitter_misc":{"Tempo estimado de leitura":"5 minutos"},"schema":{"@context":"https:\/\/schema.org","@graph":[{"@type":"WebPage","@id":"https:\/\/molinodesimon.es\/pt-pt\/trilhas\/","url":"https:\/\/molinodesimon.es\/pt-pt\/trilhas\/","name":"Trilhos pedestres Benaoj\u00e1n Station - Molino de Sim&oacute;n","isPartOf":{"@id":"https:\/\/molinodesimon.es\/pt-pt\/#website"},"datePublished":"2019-10-20T21:49:58+00:00","dateModified":"2019-10-20T22:32:33+00:00","description":"Trilhas que podem ser feitas a partir de Mill de Simon na esta\u00e7\u00e3o de Benaoj\u00e1n para locais de interesse da Serran\u00eda de ronda","breadcrumb":{"@id":"https:\/\/molinodesimon.es\/pt-pt\/trilhas\/#breadcrumb"},"inLanguage":"pt-PT","potentialAction":[{"@type":"ReadAction","target":["https:\/\/molinodesimon.es\/pt-pt\/trilhas\/"]}]},{"@type":"BreadcrumbList","@id":"https:\/\/molinodesimon.es\/pt-pt\/trilhas\/#breadcrumb","itemListElement":[{"@type":"ListItem","position":1,"name":"Inicio","item":"https:\/\/molinodesimon.es\/pt-pt\/"},{"@type":"ListItem","position":2,"name":"Trilhas"}]},{"@type":"WebSite","@id":"https:\/\/molinodesimon.es\/pt-pt\/#website","url":"https:\/\/molinodesimon.es\/pt-pt\/","name":"Molino de Sim&oacute;n","description":"Casa Rural en la Estaci&oacute;n de Benaoj&aacute;n","publisher":{"@id":"https:\/\/molinodesimon.es\/pt-pt\/#organization"},"potentialAction":[{"@type":"SearchAction","target":{"@type":"EntryPoint","urlTemplate":"https:\/\/molinodesimon.es\/pt-pt\/?s={search_term_string}"},"query-input":{"@type":"PropertyValueSpecification","valueRequired":true,"valueName":"search_term_string"}}],"inLanguage":"pt-PT"},{"@type":"Organization","@id":"https:\/\/molinodesimon.es\/pt-pt\/#organization","name":"Molino de Sim\u00f3n","url":"https:\/\/molinodesimon.es\/pt-pt\/","logo":{"@type":"ImageObject","inLanguage":"pt-PT","@id":"https:\/\/molinodesimon.es\/pt-pt\/#\/schema\/logo\/image\/","url":"https:\/\/molinodesimon.es\/wp-content\/uploads\/2019\/09\/niebla-en-la-estacion-de-benaojan-e1570199456228.jpg","contentUrl":"https:\/\/molinodesimon.es\/wp-content\/uploads\/2019\/09\/niebla-en-la-estacion-de-benaojan-e1570199456228.jpg","width":700,"height":700,"caption":"Molino de Sim\u00f3n"},"image":{"@id":"https:\/\/molinodesimon.es\/pt-pt\/#\/schema\/logo\/image\/"},"sameAs":["https:\/\/www.facebook.com\/molinodesimon\/","https:\/\/x.com\/molinodesimon","https:\/\/www.instagram.com\/molinodesimon\/","https:\/\/www.linkedin.com\/company\/51039578\/","https:\/\/www.pinterest.es\/molinodesimon\/","https:\/\/www.youtube.com\/channel\/UCtBlh0rPSz16lWMTxMIc7cw"]}]}},"_links":{"self":[{"href":"https:\/\/molinodesimon.es\/pt-pt\/wp-json\/wp\/v2\/pages\/1064","targetHints":{"allow":["GET"]}}],"collection":[{"href":"https:\/\/molinodesimon.es\/pt-pt\/wp-json\/wp\/v2\/pages"}],"about":[{"href":"https:\/\/molinodesimon.es\/pt-pt\/wp-json\/wp\/v2\/types\/page"}],"author":[{"embeddable":true,"href":"https:\/\/molinodesimon.es\/pt-pt\/wp-json\/wp\/v2\/users\/1"}],"replies":[{"embeddable":true,"href":"https:\/\/molinodesimon.es\/pt-pt\/wp-json\/wp\/v2\/comments?post=1064"}],"version-history":[{"count":2,"href":"https:\/\/molinodesimon.es\/pt-pt\/wp-json\/wp\/v2\/pages\/1064\/revisions"}],"predecessor-version":[{"id":1116,"href":"https:\/\/molinodesimon.es\/pt-pt\/wp-json\/wp\/v2\/pages\/1064\/revisions\/1116"}],"wp:attachment":[{"href":"https:\/\/molinodesimon.es\/pt-pt\/wp-json\/wp\/v2\/media?parent=1064"}],"curies":[{"name":"wp","href":"https:\/\/api.w.org\/{rel}","templated":true}]}}