{"id":1062,"date":"2019-10-20T23:48:41","date_gmt":"2019-10-20T21:48:41","guid":{"rendered":"https:\/\/molinodesimon.es\/grotta-del-gatto-del-parco-benaojan\/"},"modified":"2019-10-21T01:30:30","modified_gmt":"2019-10-20T23:30:30","slug":"grotta-del-gatto-del-parco-benaojan","status":"publish","type":"page","link":"https:\/\/molinodesimon.es\/it\/sentieri-escursionistici\/grotta-del-gatto-del-parco-benaojan\/","title":{"rendered":"Grotta del gatto del Parco Benaoj\u00e0n"},"content":{"rendered":"<p>[et_pb_section fb_built=&#8221;1&#8243; admin_label=&#8221;section&#8221; _builder_version=&#8221;3.29.3&#8243; background_image=&#8221;https:\/\/molinodesimon.es\/wp-content\/uploads\/2019\/09\/senderismo.jpg&#8221; parallax=&#8221;on&#8221; fb_built=&#8221;1&#8243; _i=&#8221;0&#8243; _address=&#8221;0&#8243;][et_pb_row _builder_version=&#8221;3.29.3&#8243; _i=&#8221;0&#8243; _address=&#8221;0.0&#8243;][et_pb_column type=&#8221;4_4&#8243; _builder_version=&#8221;3.29.3&#8243; _i=&#8221;0&#8243; _address=&#8221;0.0.0&#8243;][et_pb_text _builder_version=&#8221;3.29.3&#8243; _i=&#8221;0&#8243; _address=&#8221;0.0.0.0&#8243;]<\/p>\n<h1 style=\"text-align: center;\"><span style=\"color: #ffffff;\"><strong>Stazione di Benaoj\u00e0n Cat Cave<\/strong><\/span><\/h1>\n<p>[\/et_pb_text][\/et_pb_column][\/et_pb_row][et_pb_row _builder_version=&#8221;3.29.3&#8243; _i=&#8221;1&#8243; _address=&#8221;0.1&#8243;][et_pb_column type=&#8221;4_4&#8243; _builder_version=&#8221;3.29.3&#8243; _i=&#8221;0&#8243; _address=&#8221;0.1.0&#8243;][\/et_pb_column][\/et_pb_row][\/et_pb_section][et_pb_section fb_built=&#8221;1&#8243; admin_label=&#8221;section&#8221; _builder_version=&#8221;3.22&#8243; fb_built=&#8221;1&#8243; _i=&#8221;1&#8243; _address=&#8221;1&#8243;][et_pb_row _builder_version=&#8221;3.29.3&#8243; _i=&#8221;0&#8243; _address=&#8221;1.0&#8243;][et_pb_column type=&#8221;4_4&#8243; _builder_version=&#8221;3.29.3&#8243; _i=&#8221;0&#8243; _address=&#8221;1.0.0&#8243;][et_pb_text _builder_version=&#8221;3.29.3&#8243; _i=&#8221;0&#8243; _address=&#8221;1.0.0.0&#8243;][\/et_pb_text][\/et_pb_column][\/et_pb_row][et_pb_row admin_label=&#8221;row&#8221; _builder_version=&#8221;3.25&#8243; background_size=&#8221;initial&#8221; background_position=&#8221;top_left&#8221; background_repeat=&#8221;repeat&#8221; _i=&#8221;1&#8243; _address=&#8221;1.1&#8243;][et_pb_column type=&#8221;4_4&#8243; _builder_version=&#8221;3.25&#8243; custom_padding=&#8221;|||&#8221; _i=&#8221;0&#8243; _address=&#8221;1.1.0&#8243; custom_padding__hover=&#8221;|||&#8221;][et_pb_text admin_label=&#8221;Texto&#8221; _builder_version=&#8221;3.29.3&#8243; _i=&#8221;0&#8243; _address=&#8221;1.1.0.0&#8243;]<\/p>\n\r\n\t\t<div id=\"wpgpxmaps_1062_2299835\" class=\"wpgpxmaps\">\r\n\t\t\t<div id=\"map_1062_2299835_cont\" style=\"width:100%; height:450px;position:relative\" >\r\n\t\t\t\t<div id=\"map_1062_2299835\" style=\"width:100%; height:450px\"><\/div>\r\n\t\t\t\t<div id=\"wpgpxmaps_1062_2299835_osm_footer\" class=\"wpgpxmaps_osm_footer\" style=\"display:none;\"><span> &copy; <a href=\"http:\/\/www.openstreetmap.org\/copyright\">OpenStreetMap<\/a> contributors<\/span><\/div>\r\n\t\t\t<\/div>\r\n\t\t\t<canvas id=\"myChart_1062_2299835\" class=\"plot\" style=\"width:100%; height:200px\"><\/canvas>\r\n\t\t\t<div id=\"ngimages_1062_2299835\" class=\"ngimages\" style=\"display:none\"><\/div>\r\n\t\t\t<div id=\"report_1062_2299835\" class=\"report\"><\/div>\r\n\t\t<\/div>\r\n\t\t\r\n\t\t<script type=\"text\/javascript\">\r\n\r\n\t\t\tjQuery(document).ready(function() {\r\n\r\n\t\t\t\tjQuery( \"#wpgpxmaps_1062_2299835\" ).wpgpxmaps( {\r\n\t\t\t\t\ttargetId           : \"1062_2299835\",\r\n\t\t\t\t\tmapType            : \"HYBRID\",\r\n\t\t\t\t\tmapData            : [[36.7135270,-5.2468150],[36.7128210,-5.2477510],[36.7123460,-5.2460110],[36.7129200,-5.2456480],[36.7131990,-5.2452540],[36.7133750,-5.2446980],[36.7135300,-5.2428460],[36.7139000,-5.2418220],[36.7144820,-5.2410220],[36.7153340,-5.2409250],[36.7156370,-5.2410690],[36.7162840,-5.2409300],[36.7172650,-5.2411420],[36.7180330,-5.2410130],[36.7187880,-5.2407310],[36.7191400,-5.2403190],[36.7198130,-5.2400260],[36.7200210,-5.2397270],[36.7215720,-5.2387230],[36.7223860,-5.2385260],[36.7232200,-5.2380870],[36.7247050,-5.2381010],[36.7249460,-5.2373400],[36.7261550,-5.2367070],[36.7269760,-5.2369210],[36.7270830,-5.2371600],[36.7269490,-5.2373870],[36.7275270,-5.2380920],[36.7273560,-5.2382950],[36.7274040,-5.2381780],[36.7272670,-5.2382250],[36.7274670,-5.2382220],[36.7272940,-5.2381660],[36.7274380,-5.2381590],[36.7273840,-5.2382640],[36.7275070,-5.2381820],[36.7272370,-5.2381700],[36.7273950,-5.2382570],[36.7273060,-5.2383150],[36.7274020,-5.2381080],[36.7273670,-5.2382810],[36.7272050,-5.2381310],[36.7273610,-5.2378340],[36.7274390,-5.2380640],[36.7274930,-5.2379570],[36.7274300,-5.2380920],[36.7273710,-5.2378480],[36.7268580,-5.2374460],[36.7270700,-5.2371450],[36.7269960,-5.2369660],[36.7261270,-5.2366760],[36.7255660,-5.2370550],[36.7250600,-5.2371900],[36.7246730,-5.2380840],[36.7232200,-5.2380880],[36.7224620,-5.2384940],[36.7213540,-5.2388260],[36.7191800,-5.2402960],[36.7187130,-5.2407530],[36.7172320,-5.2411440],[36.7162810,-5.2409290],[36.7156150,-5.2410300],[36.7153030,-5.2408780],[36.7144760,-5.2410140],[36.7137280,-5.2421640],[36.7137310,-5.2423930],[36.7139180,-5.2424190],[36.7139790,-5.2422610],[36.7139480,-5.2423920],[36.7136980,-5.2424290],[36.7137670,-5.2422670],[36.7135330,-5.2427770],[36.7133490,-5.2447730],[36.7131840,-5.2452960],[36.7124180,-5.2460230],[36.7128050,-5.2477170],[36.7128900,-5.2477590],[36.7135980,-5.2468090]],\r\n\t\t\t\t\tgraphDist          : [0.00,124.72,288.76,360.30,407.16,460.44,626.38,726.60,822.90,918.01,954.06,1027.05,1137.73,1223.88,1311.52,1365.21,1445.09,1480.38,1674.68,1766.87,1867.51,2032.62,2105.57,2251.33,2344.58,2368.98,2394.17,2484.03,2510.55,2522.27,2538.06,2560.30,2589.40,2605.43,2616.54,2632.05,2662.10,2681.30,2692.48,2713.79,2729.69,2752.17,2783.84,2806.14,2817.42,2831.48,2854.19,2921.55,2957.28,2975.46,3075.47,3146.39,3203.93,3294.49,3456.13,3547.84,3674.53,3949.51,4015.54,4183.85,4291.29,4365.88,4403.12,4495.85,4627.84,4648.44,4669.36,4684.99,4697.17,4725.16,4741.86,4794.29,4973.35,5023.44,5130.45,5287.70,5297.86,5413.46],\r\n\t\t\t\t\tgraphEle           : [427.98,427.92,419.31,418.86,418.37,419.35,419.83,424.68,422.62,422.64,422.22,422.67,422.66,423.12,425.01,427.04,437.12,436.64,432.38,430.88,429.49,431.83,429.44,429.45,430.30,430.81,428.91,428.96,432.78,433.23,433.26,432.72,432.72,432.33,432.39,432.31,433.23,432.71,433.28,433.23,433.24,434.78,433.28,434.76,434.23,436.17,435.65,434.29,435.62,432.71,433.73,433.29,432.38,434.76,428.94,429.95,431.31,424.69,422.24,419.88,420.21,419.31,419.34,418.89,417.86,415.04,415.05,415.44,415.06,415.46,418.87,416.41,415.01,414.51,415.92,425.09,425.03,424.66],\r\n\t\t\t\t\tgraphSpeed         : [],\r\n\t\t\t\t\tgraphHr            : [],\r\n\t\t\t\t\tgraphAtemp         : [],\r\n\t\t\t\t\tgraphCad           : [],\r\n\t\t\t\t\tgraphGrade         : [],\r\n\t\t\t\t\twaypoints          : [],\r\n\t\t\t\t\tunit               : \"0\",\r\n\t\t\t\t\tunitspeed          : \"0\",\r\n\t\t\t\t\tcolor1             : [\"#3366cc\"],\r\n\t\t\t\t\tcolor2             : \"#3366cc\",\r\n\t\t\t\t\tcolor3             : \"#ff0000\",\r\n\t\t\t\t\tcolor4             : \"#ff77bd\",\r\n\t\t\t\t\tcolor5             : \"#beecff\",\r\n\t\t\t\t\tcolor6             : \"#beecff\",\r\n\t\t\t\t\tcolor7             : \"#ff77bd\",\r\n\t\t\t\t\tchartFrom1         : \"\",\r\n\t\t\t\t\tchartTo1           : \"\",\r\n\t\t\t\t\tchartFrom2         : \"\",\r\n\t\t\t\t\tchartTo2           : \"\",\r\n\t\t\t\t\tstartIcon          : \"\",\r\n\t\t\t\t\tendIcon            : \"\",\r\n\t\t\t\t\tcurrentIcon        : \"\",\r\n\t\t\t\t\twaypointIcon       : \"\",\r\n\t\t\t\t\tcurrentpositioncon : \"\",\r\n\t\t\t\t\tusegpsposition     : \"\",\r\n\t\t\t\t\tzoomOnScrollWheel  : \"\",\r\n\t\t\t\t\tngGalleries        : [],\r\n\t\t\t\t\tngImages           : [],\r\n\t\t\t\t\tpluginUrl          : \"https:\/\/molinodesimon.es\/wp-content\/plugins\",\r\n\t\t\t\t\tTFApiKey           : \"\",\r\n\t\t\t\t\tMapBoxApiKey           : \"\",\r\n\t\t\t\t\tlangs              : {\r\n\t\t\t\t\t\taltitude        : \"Altitudine\",\r\n\t\t\t\t\t\tcurrentPosition : \"Current position\",\r\n\t\t\t\t\t\tspeed           : \"Velocit\u00e0\",\r\n\t\t\t\t\t\tgrade           : \"Grade\",\r\n\t\t\t\t\t\theartRate       : \"Battito Cardiaco\",\r\n\t\t\t\t\t\tatemp           : \"Temperature\",\r\n\t\t\t\t\t\tcadence         : \"Cadenza\",\r\n\t\t\t\t\t\tgoFullScreen    : \"Go full screen\",\r\n\t\t\t\t\t\texitFullFcreen  : \"Exit full screen\",\r\n\t\t\t\t\t\thideImages      : \"Hide images\",\r\n\t\t\t\t\t\tshowImages      : \"Show images\",\r\n\t\t\t\t\t\tbackToCenter\t: \"Ritorna al centro della mappa\"\r\n\t\t\t\t\t}\r\n\t\t\t\t});\r\n\r\n\t\t\t});\r\n\r\n\t\t<\/script>\n<p>[\/et_pb_text][\/et_pb_column][\/et_pb_row][et_pb_row _builder_version=&#8221;3.29.3&#8243; _i=&#8221;2&#8243; _address=&#8221;1.2&#8243;][et_pb_column type=&#8221;4_4&#8243; _builder_version=&#8221;3.29.3&#8243; _i=&#8221;0&#8243; _address=&#8221;1.2.0&#8243;][et_pb_text _builder_version=&#8221;3.29.3&#8243; custom_padding=&#8221;24px|||||&#8221; _i=&#8221;0&#8243; _address=&#8221;1.2.0.0&#8243;]<\/p>\n<h1 style=\"text-align: center;\"><strong>Video 3D del percorso escursionistico dalla stazione di Benaoj\u00e0n a Cat Cave<\/strong><\/h1>\n<p>[\/et_pb_text][\/et_pb_column][\/et_pb_row][et_pb_row _builder_version=&#8221;3.29.3&#8243; _i=&#8221;3&#8243; _address=&#8221;1.3&#8243;][et_pb_column type=&#8221;4_4&#8243; _builder_version=&#8221;3.29.3&#8243; _i=&#8221;0&#8243; _address=&#8221;1.3.0&#8243;][et_pb_video src=&#8221;https:\/\/youtu.be\/Lk8C449Mw_k&#8221; _builder_version=&#8221;3.29.3&#8243; _i=&#8221;0&#8243; _address=&#8221;1.3.0.0&#8243;][\/et_pb_video][\/et_pb_column][\/et_pb_row][\/et_pb_section]<\/p>\n","protected":false},"excerpt":{"rendered":"<p>Stazione di Benaoj\u00e0n Cat Cave\r\n\t\t<div id=\"wpgpxmaps_1062_822873\" class=\"wpgpxmaps\">\r\n\t\t\t<div id=\"map_1062_822873_cont\" style=\"width:100%; height:450px;position:relative\" >\r\n\t\t\t\t<div id=\"map_1062_822873\" style=\"width:100%; height:450px\"><\/div>\r\n\t\t\t\t<div id=\"wpgpxmaps_1062_822873_osm_footer\" class=\"wpgpxmaps_osm_footer\" style=\"display:none;\"><span> &copy; <a href=\"http:\/\/www.openstreetmap.org\/copyright\">OpenStreetMap<\/a> contributors<\/span><\/div>\r\n\t\t\t<\/div>\r\n\t\t\t<canvas id=\"myChart_1062_822873\" class=\"plot\" style=\"width:100%; height:200px\"><\/canvas>\r\n\t\t\t<div id=\"ngimages_1062_822873\" class=\"ngimages\" style=\"display:none\"><\/div>\r\n\t\t\t<div id=\"report_1062_822873\" class=\"report\"><\/div>\r\n\t\t<\/div>\r\n\t\t\r\n\t\t<script type=\"text\/javascript\">\r\n\r\n\t\t\tjQuery(document).ready(function() {\r\n\r\n\t\t\t\tjQuery( \"#wpgpxmaps_1062_822873\" ).wpgpxmaps( {\r\n\t\t\t\t\ttargetId           : \"1062_822873\",\r\n\t\t\t\t\tmapType            : \"HYBRID\",\r\n\t\t\t\t\tmapData            : [[36.7135270,-5.2468150],[36.7128210,-5.2477510],[36.7123460,-5.2460110],[36.7129200,-5.2456480],[36.7131990,-5.2452540],[36.7133750,-5.2446980],[36.7135300,-5.2428460],[36.7139000,-5.2418220],[36.7144820,-5.2410220],[36.7153340,-5.2409250],[36.7156370,-5.2410690],[36.7162840,-5.2409300],[36.7172650,-5.2411420],[36.7180330,-5.2410130],[36.7187880,-5.2407310],[36.7191400,-5.2403190],[36.7198130,-5.2400260],[36.7200210,-5.2397270],[36.7215720,-5.2387230],[36.7223860,-5.2385260],[36.7232200,-5.2380870],[36.7247050,-5.2381010],[36.7249460,-5.2373400],[36.7261550,-5.2367070],[36.7269760,-5.2369210],[36.7270830,-5.2371600],[36.7269490,-5.2373870],[36.7275270,-5.2380920],[36.7273560,-5.2382950],[36.7274040,-5.2381780],[36.7272670,-5.2382250],[36.7274670,-5.2382220],[36.7272940,-5.2381660],[36.7274380,-5.2381590],[36.7273840,-5.2382640],[36.7275070,-5.2381820],[36.7272370,-5.2381700],[36.7273950,-5.2382570],[36.7273060,-5.2383150],[36.7274020,-5.2381080],[36.7273670,-5.2382810],[36.7272050,-5.2381310],[36.7273610,-5.2378340],[36.7274390,-5.2380640],[36.7274930,-5.2379570],[36.7274300,-5.2380920],[36.7273710,-5.2378480],[36.7268580,-5.2374460],[36.7270700,-5.2371450],[36.7269960,-5.2369660],[36.7261270,-5.2366760],[36.7255660,-5.2370550],[36.7250600,-5.2371900],[36.7246730,-5.2380840],[36.7232200,-5.2380880],[36.7224620,-5.2384940],[36.7213540,-5.2388260],[36.7191800,-5.2402960],[36.7187130,-5.2407530],[36.7172320,-5.2411440],[36.7162810,-5.2409290],[36.7156150,-5.2410300],[36.7153030,-5.2408780],[36.7144760,-5.2410140],[36.7137280,-5.2421640],[36.7137310,-5.2423930],[36.7139180,-5.2424190],[36.7139790,-5.2422610],[36.7139480,-5.2423920],[36.7136980,-5.2424290],[36.7137670,-5.2422670],[36.7135330,-5.2427770],[36.7133490,-5.2447730],[36.7131840,-5.2452960],[36.7124180,-5.2460230],[36.7128050,-5.2477170],[36.7128900,-5.2477590],[36.7135980,-5.2468090]],\r\n\t\t\t\t\tgraphDist          : [0.00,124.72,288.76,360.30,407.16,460.44,626.38,726.60,822.90,918.01,954.06,1027.05,1137.73,1223.88,1311.52,1365.21,1445.09,1480.38,1674.68,1766.87,1867.51,2032.62,2105.57,2251.33,2344.58,2368.98,2394.17,2484.03,2510.55,2522.27,2538.06,2560.30,2589.40,2605.43,2616.54,2632.05,2662.10,2681.30,2692.48,2713.79,2729.69,2752.17,2783.84,2806.14,2817.42,2831.48,2854.19,2921.55,2957.28,2975.46,3075.47,3146.39,3203.93,3294.49,3456.13,3547.84,3674.53,3949.51,4015.54,4183.85,4291.29,4365.88,4403.12,4495.85,4627.84,4648.44,4669.36,4684.99,4697.17,4725.16,4741.86,4794.29,4973.35,5023.44,5130.45,5287.70,5297.86,5413.46],\r\n\t\t\t\t\tgraphEle           : [427.98,427.92,419.31,418.86,418.37,419.35,419.83,424.68,422.62,422.64,422.22,422.67,422.66,423.12,425.01,427.04,437.12,436.64,432.38,430.88,429.49,431.83,429.44,429.45,430.30,430.81,428.91,428.96,432.78,433.23,433.26,432.72,432.72,432.33,432.39,432.31,433.23,432.71,433.28,433.23,433.24,434.78,433.28,434.76,434.23,436.17,435.65,434.29,435.62,432.71,433.73,433.29,432.38,434.76,428.94,429.95,431.31,424.69,422.24,419.88,420.21,419.31,419.34,418.89,417.86,415.04,415.05,415.44,415.06,415.46,418.87,416.41,415.01,414.51,415.92,425.09,425.03,424.66],\r\n\t\t\t\t\tgraphSpeed         : [],\r\n\t\t\t\t\tgraphHr            : [],\r\n\t\t\t\t\tgraphAtemp         : [],\r\n\t\t\t\t\tgraphCad           : [],\r\n\t\t\t\t\tgraphGrade         : [],\r\n\t\t\t\t\twaypoints          : [],\r\n\t\t\t\t\tunit               : \"0\",\r\n\t\t\t\t\tunitspeed          : \"0\",\r\n\t\t\t\t\tcolor1             : [\"#3366cc\"],\r\n\t\t\t\t\tcolor2             : \"#3366cc\",\r\n\t\t\t\t\tcolor3             : \"#ff0000\",\r\n\t\t\t\t\tcolor4             : \"#ff77bd\",\r\n\t\t\t\t\tcolor5             : \"#beecff\",\r\n\t\t\t\t\tcolor6             : \"#beecff\",\r\n\t\t\t\t\tcolor7             : \"#ff77bd\",\r\n\t\t\t\t\tchartFrom1         : \"\",\r\n\t\t\t\t\tchartTo1           : \"\",\r\n\t\t\t\t\tchartFrom2         : \"\",\r\n\t\t\t\t\tchartTo2           : \"\",\r\n\t\t\t\t\tstartIcon          : \"\",\r\n\t\t\t\t\tendIcon            : \"\",\r\n\t\t\t\t\tcurrentIcon        : \"\",\r\n\t\t\t\t\twaypointIcon       : \"\",\r\n\t\t\t\t\tcurrentpositioncon : \"\",\r\n\t\t\t\t\tusegpsposition     : \"\",\r\n\t\t\t\t\tzoomOnScrollWheel  : \"\",\r\n\t\t\t\t\tngGalleries        : [],\r\n\t\t\t\t\tngImages           : [],\r\n\t\t\t\t\tpluginUrl          : \"https:\/\/molinodesimon.es\/wp-content\/plugins\",\r\n\t\t\t\t\tTFApiKey           : \"\",\r\n\t\t\t\t\tMapBoxApiKey           : \"\",\r\n\t\t\t\t\tlangs              : {\r\n\t\t\t\t\t\taltitude        : \"Altitudine\",\r\n\t\t\t\t\t\tcurrentPosition : \"Current position\",\r\n\t\t\t\t\t\tspeed           : \"Velocit\u00e0\",\r\n\t\t\t\t\t\tgrade           : \"Grade\",\r\n\t\t\t\t\t\theartRate       : \"Battito Cardiaco\",\r\n\t\t\t\t\t\tatemp           : \"Temperature\",\r\n\t\t\t\t\t\tcadence         : \"Cadenza\",\r\n\t\t\t\t\t\tgoFullScreen    : \"Go full screen\",\r\n\t\t\t\t\t\texitFullFcreen  : \"Exit full screen\",\r\n\t\t\t\t\t\thideImages      : \"Hide images\",\r\n\t\t\t\t\t\tshowImages      : \"Show images\",\r\n\t\t\t\t\t\tbackToCenter\t: \"Ritorna al centro della mappa\"\r\n\t\t\t\t\t}\r\n\t\t\t\t});\r\n\r\n\t\t\t});\r\n\r\n\t\t<\/script>Video 3D del percorso escursionistico dalla stazione di Benaoj\u00e0n a Cat Cave<\/p>\n","protected":false},"author":1,"featured_media":0,"parent":1066,"menu_order":0,"comment_status":"closed","ping_status":"closed","template":"","meta":{"_et_pb_use_builder":"on","_et_pb_old_content":"","_et_gb_content_width":"","footnotes":""},"class_list":["post-1062","page","type-page","status-publish","hentry"],"yoast_head":"<!-- This site is optimized with the Yoast SEO Premium plugin v21.2 (Yoast SEO v27.4) - https:\/\/yoast.com\/product\/yoast-seo-premium-wordpress\/ -->\n<title>Itinerario escursionistico dalla stazione di Benaoj\u00e0n alla Grotta del gatto<\/title>\n<meta name=\"description\" content=\"Sentiero escursionistico dalla stazione di Benaoj\u00e0n alla Grotta del gatto su mappa 3d con livello di difficolt\u00e0 e altezza lungo il percorso.\" \/>\n<meta name=\"robots\" content=\"index, follow, max-snippet:-1, max-image-preview:large, max-video-preview:-1\" \/>\n<link rel=\"canonical\" href=\"https:\/\/molinodesimon.es\/it\/sentieri-escursionistici\/grotta-del-gatto-del-parco-benaojan\/\" \/>\n<meta property=\"og:locale\" content=\"it_IT\" \/>\n<meta property=\"og:type\" content=\"article\" \/>\n<meta property=\"og:title\" content=\"Grotta del gatto del Parco Benaoj\u00e0n\" \/>\n<meta property=\"og:url\" content=\"https:\/\/molinodesimon.es\/it\/sentieri-escursionistici\/grotta-del-gatto-del-parco-benaojan\/\" \/>\n<meta property=\"og:site_name\" content=\"Molino de Sim&oacute;n\" \/>\n<meta property=\"article:publisher\" content=\"https:\/\/www.facebook.com\/molinodesimon\/\" \/>\n<meta property=\"article:modified_time\" content=\"2019-10-20T23:30:30+00:00\" \/>\n<meta name=\"twitter:card\" content=\"summary_large_image\" \/>\n<meta name=\"twitter:site\" content=\"@molinodesimon\" \/>\n<meta name=\"twitter:label1\" content=\"Tempo di lettura stimato\" \/>\n\t<meta name=\"twitter:data1\" content=\"1 minuto\" \/>\n<script type=\"application\/ld+json\" class=\"yoast-schema-graph\">{\"@context\":\"https:\\\/\\\/schema.org\",\"@graph\":[{\"@type\":\"WebPage\",\"@id\":\"https:\\\/\\\/molinodesimon.es\\\/it\\\/sentieri-escursionistici\\\/grotta-del-gatto-del-parco-benaojan\\\/\",\"url\":\"https:\\\/\\\/molinodesimon.es\\\/it\\\/sentieri-escursionistici\\\/grotta-del-gatto-del-parco-benaojan\\\/\",\"name\":\"Itinerario escursionistico dalla stazione di Benaoj\u00e0n alla Grotta del gatto\",\"isPartOf\":{\"@id\":\"https:\\\/\\\/molinodesimon.es\\\/it\\\/#website\"},\"datePublished\":\"2019-10-20T21:48:41+00:00\",\"dateModified\":\"2019-10-20T23:30:30+00:00\",\"description\":\"Sentiero escursionistico dalla stazione di Benaoj\u00e0n alla Grotta del gatto su mappa 3d con livello di difficolt\u00e0 e altezza lungo il percorso.\",\"breadcrumb\":{\"@id\":\"https:\\\/\\\/molinodesimon.es\\\/it\\\/sentieri-escursionistici\\\/grotta-del-gatto-del-parco-benaojan\\\/#breadcrumb\"},\"inLanguage\":\"it-IT\",\"potentialAction\":[{\"@type\":\"ReadAction\",\"target\":[\"https:\\\/\\\/molinodesimon.es\\\/it\\\/sentieri-escursionistici\\\/grotta-del-gatto-del-parco-benaojan\\\/\"]}]},{\"@type\":\"BreadcrumbList\",\"@id\":\"https:\\\/\\\/molinodesimon.es\\\/it\\\/sentieri-escursionistici\\\/grotta-del-gatto-del-parco-benaojan\\\/#breadcrumb\",\"itemListElement\":[{\"@type\":\"ListItem\",\"position\":1,\"name\":\"Inicio\",\"item\":\"https:\\\/\\\/molinodesimon.es\\\/it\\\/\"},{\"@type\":\"ListItem\",\"position\":2,\"name\":\"Sentieri escursionistici\",\"item\":\"https:\\\/\\\/molinodesimon.es\\\/it\\\/sentieri-escursionistici\\\/\"},{\"@type\":\"ListItem\",\"position\":3,\"name\":\"Grotta del gatto del Parco Benaoj\u00e0n\"}]},{\"@type\":\"WebSite\",\"@id\":\"https:\\\/\\\/molinodesimon.es\\\/it\\\/#website\",\"url\":\"https:\\\/\\\/molinodesimon.es\\\/it\\\/\",\"name\":\"Molino de Sim&oacute;n\",\"description\":\"Casa Rural en la Estaci&oacute;n de Benaoj&aacute;n\",\"publisher\":{\"@id\":\"https:\\\/\\\/molinodesimon.es\\\/it\\\/#organization\"},\"potentialAction\":[{\"@type\":\"SearchAction\",\"target\":{\"@type\":\"EntryPoint\",\"urlTemplate\":\"https:\\\/\\\/molinodesimon.es\\\/it\\\/?s={search_term_string}\"},\"query-input\":{\"@type\":\"PropertyValueSpecification\",\"valueRequired\":true,\"valueName\":\"search_term_string\"}}],\"inLanguage\":\"it-IT\"},{\"@type\":\"Organization\",\"@id\":\"https:\\\/\\\/molinodesimon.es\\\/it\\\/#organization\",\"name\":\"Molino de Sim\u00f3n\",\"url\":\"https:\\\/\\\/molinodesimon.es\\\/it\\\/\",\"logo\":{\"@type\":\"ImageObject\",\"inLanguage\":\"it-IT\",\"@id\":\"https:\\\/\\\/molinodesimon.es\\\/it\\\/#\\\/schema\\\/logo\\\/image\\\/\",\"url\":\"https:\\\/\\\/molinodesimon.es\\\/wp-content\\\/uploads\\\/2019\\\/09\\\/niebla-en-la-estacion-de-benaojan-e1570199456228.jpg\",\"contentUrl\":\"https:\\\/\\\/molinodesimon.es\\\/wp-content\\\/uploads\\\/2019\\\/09\\\/niebla-en-la-estacion-de-benaojan-e1570199456228.jpg\",\"width\":700,\"height\":700,\"caption\":\"Molino de Sim\u00f3n\"},\"image\":{\"@id\":\"https:\\\/\\\/molinodesimon.es\\\/it\\\/#\\\/schema\\\/logo\\\/image\\\/\"},\"sameAs\":[\"https:\\\/\\\/www.facebook.com\\\/molinodesimon\\\/\",\"https:\\\/\\\/x.com\\\/molinodesimon\",\"https:\\\/\\\/www.instagram.com\\\/molinodesimon\\\/\",\"https:\\\/\\\/www.linkedin.com\\\/company\\\/51039578\\\/\",\"https:\\\/\\\/www.pinterest.es\\\/molinodesimon\\\/\",\"https:\\\/\\\/www.youtube.com\\\/channel\\\/UCtBlh0rPSz16lWMTxMIc7cw\"]}]}<\/script>\n<!-- \/ Yoast SEO Premium plugin. -->","yoast_head_json":{"title":"Itinerario escursionistico dalla stazione di Benaoj\u00e0n alla Grotta del gatto","description":"Sentiero escursionistico dalla stazione di Benaoj\u00e0n alla Grotta del gatto su mappa 3d con livello di difficolt\u00e0 e altezza lungo il percorso.","robots":{"index":"index","follow":"follow","max-snippet":"max-snippet:-1","max-image-preview":"max-image-preview:large","max-video-preview":"max-video-preview:-1"},"canonical":"https:\/\/molinodesimon.es\/it\/sentieri-escursionistici\/grotta-del-gatto-del-parco-benaojan\/","og_locale":"it_IT","og_type":"article","og_title":"Grotta del gatto del Parco Benaoj\u00e0n","og_url":"https:\/\/molinodesimon.es\/it\/sentieri-escursionistici\/grotta-del-gatto-del-parco-benaojan\/","og_site_name":"Molino de Sim&oacute;n","article_publisher":"https:\/\/www.facebook.com\/molinodesimon\/","article_modified_time":"2019-10-20T23:30:30+00:00","twitter_card":"summary_large_image","twitter_site":"@molinodesimon","twitter_misc":{"Tempo di lettura stimato":"1 minuto"},"schema":{"@context":"https:\/\/schema.org","@graph":[{"@type":"WebPage","@id":"https:\/\/molinodesimon.es\/it\/sentieri-escursionistici\/grotta-del-gatto-del-parco-benaojan\/","url":"https:\/\/molinodesimon.es\/it\/sentieri-escursionistici\/grotta-del-gatto-del-parco-benaojan\/","name":"Itinerario escursionistico dalla stazione di Benaoj\u00e0n alla Grotta del gatto","isPartOf":{"@id":"https:\/\/molinodesimon.es\/it\/#website"},"datePublished":"2019-10-20T21:48:41+00:00","dateModified":"2019-10-20T23:30:30+00:00","description":"Sentiero escursionistico dalla stazione di Benaoj\u00e0n alla Grotta del gatto su mappa 3d con livello di difficolt\u00e0 e altezza lungo il percorso.","breadcrumb":{"@id":"https:\/\/molinodesimon.es\/it\/sentieri-escursionistici\/grotta-del-gatto-del-parco-benaojan\/#breadcrumb"},"inLanguage":"it-IT","potentialAction":[{"@type":"ReadAction","target":["https:\/\/molinodesimon.es\/it\/sentieri-escursionistici\/grotta-del-gatto-del-parco-benaojan\/"]}]},{"@type":"BreadcrumbList","@id":"https:\/\/molinodesimon.es\/it\/sentieri-escursionistici\/grotta-del-gatto-del-parco-benaojan\/#breadcrumb","itemListElement":[{"@type":"ListItem","position":1,"name":"Inicio","item":"https:\/\/molinodesimon.es\/it\/"},{"@type":"ListItem","position":2,"name":"Sentieri escursionistici","item":"https:\/\/molinodesimon.es\/it\/sentieri-escursionistici\/"},{"@type":"ListItem","position":3,"name":"Grotta del gatto del Parco Benaoj\u00e0n"}]},{"@type":"WebSite","@id":"https:\/\/molinodesimon.es\/it\/#website","url":"https:\/\/molinodesimon.es\/it\/","name":"Molino de Sim&oacute;n","description":"Casa Rural en la Estaci&oacute;n de Benaoj&aacute;n","publisher":{"@id":"https:\/\/molinodesimon.es\/it\/#organization"},"potentialAction":[{"@type":"SearchAction","target":{"@type":"EntryPoint","urlTemplate":"https:\/\/molinodesimon.es\/it\/?s={search_term_string}"},"query-input":{"@type":"PropertyValueSpecification","valueRequired":true,"valueName":"search_term_string"}}],"inLanguage":"it-IT"},{"@type":"Organization","@id":"https:\/\/molinodesimon.es\/it\/#organization","name":"Molino de Sim\u00f3n","url":"https:\/\/molinodesimon.es\/it\/","logo":{"@type":"ImageObject","inLanguage":"it-IT","@id":"https:\/\/molinodesimon.es\/it\/#\/schema\/logo\/image\/","url":"https:\/\/molinodesimon.es\/wp-content\/uploads\/2019\/09\/niebla-en-la-estacion-de-benaojan-e1570199456228.jpg","contentUrl":"https:\/\/molinodesimon.es\/wp-content\/uploads\/2019\/09\/niebla-en-la-estacion-de-benaojan-e1570199456228.jpg","width":700,"height":700,"caption":"Molino de Sim\u00f3n"},"image":{"@id":"https:\/\/molinodesimon.es\/it\/#\/schema\/logo\/image\/"},"sameAs":["https:\/\/www.facebook.com\/molinodesimon\/","https:\/\/x.com\/molinodesimon","https:\/\/www.instagram.com\/molinodesimon\/","https:\/\/www.linkedin.com\/company\/51039578\/","https:\/\/www.pinterest.es\/molinodesimon\/","https:\/\/www.youtube.com\/channel\/UCtBlh0rPSz16lWMTxMIc7cw"]}]}},"_links":{"self":[{"href":"https:\/\/molinodesimon.es\/it\/wp-json\/wp\/v2\/pages\/1062","targetHints":{"allow":["GET"]}}],"collection":[{"href":"https:\/\/molinodesimon.es\/it\/wp-json\/wp\/v2\/pages"}],"about":[{"href":"https:\/\/molinodesimon.es\/it\/wp-json\/wp\/v2\/types\/page"}],"author":[{"embeddable":true,"href":"https:\/\/molinodesimon.es\/it\/wp-json\/wp\/v2\/users\/1"}],"replies":[{"embeddable":true,"href":"https:\/\/molinodesimon.es\/it\/wp-json\/wp\/v2\/comments?post=1062"}],"version-history":[{"count":2,"href":"https:\/\/molinodesimon.es\/it\/wp-json\/wp\/v2\/pages\/1062\/revisions"}],"predecessor-version":[{"id":1144,"href":"https:\/\/molinodesimon.es\/it\/wp-json\/wp\/v2\/pages\/1062\/revisions\/1144"}],"up":[{"embeddable":true,"href":"https:\/\/molinodesimon.es\/it\/wp-json\/wp\/v2\/pages\/1066"}],"wp:attachment":[{"href":"https:\/\/molinodesimon.es\/it\/wp-json\/wp\/v2\/media?parent=1062"}],"curies":[{"name":"wp","href":"https:\/\/api.w.org\/{rel}","templated":true}]}}