{"id":798,"date":"2019-10-07T16:40:00","date_gmt":"2019-10-07T14:40:00","guid":{"rendered":"https:\/\/molinodesimon.es\/sentiers-de-randonnee\/"},"modified":"2019-10-13T03:54:47","modified_gmt":"2019-10-13T01:54:47","slug":"sentiers-de-randonnee","status":"publish","type":"page","link":"https:\/\/molinodesimon.es\/fr\/sentiers-de-randonnee\/","title":{"rendered":"Sentiers de randonn\u00e9e"},"content":{"rendered":"<p>[et_pb_section fb_built=\u00a0\u00bb1&Prime; custom_padding_last_edited=\u00a0\u00bboff|desktop\u00a0\u00bb prev_background_color=\u00a0\u00bb#ffffff\u00a0\u00bb next_background_color=\u00a0\u00bb#ffffff\u00a0\u00bb admin_label=\u00a0\u00bbHero\u00a0\u00bb _builder_version=\u00a0\u00bb3.29.3&Prime; use_background_color_gradient=\u00a0\u00bbon\u00a0\u00bb background_color_gradient_start=\u00a0\u00bbrgba(0,0,0,0.75)\u00a0\u00bb background_color_gradient_end=\u00a0\u00bbrgba(0,0,0,0.2)\u00a0\u00bb background_color_gradient_direction=\u00a0\u00bb90deg\u00a0\u00bb background_color_gradient_overlays_image=\u00a0\u00bbon\u00a0\u00bb background_image=\u00a0\u00bbhttps:\/\/molinodesimon.es\/wp-content\/uploads\/2019\/09\/senderismo.jpg\u00a0\u00bb custom_padding=\u00a0\u00bb10%||10%|\u00a0\u00bb top_divider_style=\u00a0\u00bbwaves2&Prime; bottom_divider_style=\u00a0\u00bbwaves2&Prime; fb_built=\u00a0\u00bb1&Prime; _i=\u00a0\u00bb0&Prime; _address=\u00a0\u00bb0&Prime;][et_pb_row _builder_version=\u00a0\u00bb3.25&Prime; background_size=\u00a0\u00bbinitial\u00a0\u00bb background_position=\u00a0\u00bbtop_left\u00a0\u00bb background_repeat=\u00a0\u00bbrepeat\u00a0\u00bb custom_margin=\u00a0\u00bb|||\u00a0\u00bb animation_style=\u00a0\u00bbzoom\u00a0\u00bb animation_intensity_zoom=\u00a0\u00bb4%\u00a0\u00bb _i=\u00a0\u00bb0&Prime; _address=\u00a0\u00bb0.0&Prime;][et_pb_column type=\u00a0\u00bb4_4&Prime; _builder_version=\u00a0\u00bb3.25&Prime; custom_padding=\u00a0\u00bb|||\u00a0\u00bb _i=\u00a0\u00bb0&Prime; _address=\u00a0\u00bb0.0.0&Prime; custom_padding__hover=\u00a0\u00bb|||\u00a0\u00bb][et_pb_text admin_label=\u00a0\u00bbTitle\u00a0\u00bb _builder_version=\u00a0\u00bb3.29.3&Prime; text_font=\u00a0\u00bb||||||||\u00a0\u00bb header_font=\u00a0\u00bbCormorant Garamond|700|||||||\u00a0\u00bb header_font_size=\u00a0\u00bb64px\u00a0\u00bb background_layout=\u00a0\u00bbdark\u00a0\u00bb max_width=\u00a0\u00bb600px\u00a0\u00bb animation_style=\u00a0\u00bbfold\u00a0\u00bb animation_direction=\u00a0\u00bbbottom\u00a0\u00bb animation_delay=\u00a0\u00bb50ms\u00a0\u00bb animation_intensity_fold=\u00a0\u00bb30%\u00a0\u00bb animation_starting_opacity=\u00a0\u00bb100%\u00a0\u00bb _i=\u00a0\u00bb0&Prime; _address=\u00a0\u00bb0.0.0.0&Prime;]<\/p>\n<div id=\"ez-toc-container\" class=\"ez-toc-v2_0_82_2 counter-hierarchy ez-toc-counter ez-toc-grey ez-toc-container-direction\">\n<p class=\"ez-toc-title\" style=\"cursor:inherit\">Tabla de Contenidos<\/p>\n<label for=\"ez-toc-cssicon-toggle-item-69e225b333817\" class=\"ez-toc-cssicon-toggle-label\"><span class=\"\"><span class=\"eztoc-hide\" style=\"display:none;\">Toggle<\/span><span class=\"ez-toc-icon-toggle-span\"><svg style=\"fill: #999;color:#999\" xmlns=\"http:\/\/www.w3.org\/2000\/svg\" class=\"list-377408\" width=\"20px\" height=\"20px\" viewBox=\"0 0 24 24\" fill=\"none\"><path d=\"M6 6H4v2h2V6zm14 0H8v2h12V6zM4 11h2v2H4v-2zm16 0H8v2h12v-2zM4 16h2v2H4v-2zm16 0H8v2h12v-2z\" fill=\"currentColor\"><\/path><\/svg><svg style=\"fill: #999;color:#999\" class=\"arrow-unsorted-368013\" xmlns=\"http:\/\/www.w3.org\/2000\/svg\" width=\"10px\" height=\"10px\" viewBox=\"0 0 24 24\" version=\"1.2\" baseProfile=\"tiny\"><path d=\"M18.2 9.3l-6.2-6.3-6.2 6.3c-.2.2-.3.4-.3.7s.1.5.3.7c.2.2.4.3.7.3h11c.3 0 .5-.1.7-.3.2-.2.3-.5.3-.7s-.1-.5-.3-.7zM5.8 14.7l6.2 6.3 6.2-6.3c.2-.2.3-.5.3-.7s-.1-.5-.3-.7c-.2-.2-.4-.3-.7-.3h-11c-.3 0-.5.1-.7.3-.2.2-.3.5-.3.7s.1.5.3.7z\"\/><\/svg><\/span><\/span><\/label><input type=\"checkbox\"  id=\"ez-toc-cssicon-toggle-item-69e225b333817\"  aria-label=\"Toggle\" \/><nav><ul class='ez-toc-list ez-toc-list-level-1 ' ><li class='ez-toc-page-1 ez-toc-heading-level-1'><a class=\"ez-toc-link ez-toc-heading-1\" href=\"https:\/\/molinodesimon.es\/fr\/sentiers-de-randonnee\/#Sentiers_de_randonnee_gare_de_Benaojan\" >Sentiers de randonn\u00e9e gare de Benaoj\u00e1n<\/a><ul class='ez-toc-list-level-2' ><li class='ez-toc-heading-level-2'><a class=\"ez-toc-link ez-toc-heading-2\" href=\"https:\/\/molinodesimon.es\/fr\/sentiers-de-randonnee\/#Vous_pouvez_verifier_le_niveau_de_difficulte_de_litineraire_avec_nos_directions_et_cartes_3D\" >Vous pouvez v\u00e9rifier le niveau de difficult\u00e9 de l&rsquo;itin\u00e9raire avec nos directions et cartes 3D.<\/a><\/li><\/ul><\/li><li class='ez-toc-page-1 ez-toc-heading-level-1'><a class=\"ez-toc-link ez-toc-heading-3\" href=\"https:\/\/molinodesimon.es\/fr\/sentiers-de-randonnee\/#Gare_de_Benaojan_%E2%80%93_Grotte_de_chat\" >Gare de Benaojan &#8211; Grotte de chat<\/a><\/li><li class='ez-toc-page-1 ez-toc-heading-level-1'><a class=\"ez-toc-link ez-toc-heading-4\" href=\"https:\/\/molinodesimon.es\/fr\/sentiers-de-randonnee\/#Gare_de_Benaojan_%E2%80%93_Station_Libar_Jimera\" >Gare de Benaojan &#8211; Station Libar Jimera<\/a><\/li><\/ul><\/nav><\/div>\n<h1><span class=\"ez-toc-section\" id=\"Sentiers_de_randonnee_gare_de_Benaojan\"><\/span>Sentiers de randonn\u00e9e gare de Benaoj\u00e1n<span class=\"ez-toc-section-end\"><\/span><\/h1>\n<p>[\/et_pb_text][et_pb_text _builder_version=\u00a0\u00bb3.29.3&Prime; text_font=\u00a0\u00bbCormorant Garamond|500|||||||\u00a0\u00bb text_font_size=\u00a0\u00bb24px\u00a0\u00bb text_line_height=\u00a0\u00bb1.8em\u00a0\u00bb header_font=\u00a0\u00bb||||||||\u00a0\u00bb background_layout=\u00a0\u00bbdark\u00a0\u00bb max_width=\u00a0\u00bb600px\u00a0\u00bb animation_style=\u00a0\u00bbfold\u00a0\u00bb animation_direction=\u00a0\u00bbbottom\u00a0\u00bb animation_delay=\u00a0\u00bb100ms\u00a0\u00bb animation_intensity_fold=\u00a0\u00bb30%\u00a0\u00bb animation_starting_opacity=\u00a0\u00bb100%\u00a0\u00bb _i=\u00a0\u00bb1&Prime; _address=\u00a0\u00bb0.0.0.1&Prime;]<\/p>\n<p>Voici notre s\u00e9lection de <a href=\"https:\/\/molinodesimon.es\/fr\/sentiers-de-randonnee\/\"><strong>sentiers<\/strong><\/a> de randonn\u00e9e les plus proches de notre maison \u00e0 partir de La <a href=\"https:\/\/molinodesimon.es\/fr\/lenvironnement\/\"><strong>Gare de Benaojan<\/strong><\/a>, vous pouvez regarder dans 3D Maps vid\u00e9os avec la visite de l&rsquo;itin\u00e9raire virtuel.<\/p>\n<p>[\/et_pb_text][\/et_pb_column][\/et_pb_row][\/et_pb_section][et_pb_section fb_built=\u00a0\u00bb1&Prime; admin_label=\u00a0\u00bbAbout\u00a0\u00bb _builder_version=\u00a0\u00bb3.22&Prime; custom_padding=\u00a0\u00bb90px|0px|90px|0px\u00a0\u00bb fb_built=\u00a0\u00bb1&Prime; _i=\u00a0\u00bb1&Prime; _address=\u00a0\u00bb1&Prime;][et_pb_row column_structure=\u00a0\u00bb1_2,1_2&Prime; custom_padding_last_edited=\u00a0\u00bbon|tablet\u00a0\u00bb admin_label=\u00a0\u00bbNutrtion Plan Row\u00a0\u00bb _builder_version=\u00a0\u00bb3.25&Prime; background_color=\u00a0\u00bb#f9f2f2&Prime; custom_margin=\u00a0\u00bb|||\u00a0\u00bb custom_padding=\u00a0\u00bb27px|0px|90px|0px\u00a0\u00bb custom_padding_tablet=\u00a0\u00bb0px||0px|\u00a0\u00bb box_shadow_style=\u00a0\u00bbpreset4&Prime; box_shadow_horizontal=\u00a0\u00bb0px\u00a0\u00bb box_shadow_vertical=\u00a0\u00bb100px\u00a0\u00bb box_shadow_color=\u00a0\u00bb#ffffff\u00a0\u00bb box_shadow_position=\u00a0\u00bbinner\u00a0\u00bb _i=\u00a0\u00bb0&Prime; _address=\u00a0\u00bb1.0&Prime;][et_pb_column type=\u00a0\u00bb1_2&Prime; _builder_version=\u00a0\u00bb3.25&Prime; custom_padding=\u00a0\u00bb130px|30px||50px\u00a0\u00bb custom_padding_tablet=\u00a0\u00bb130px|50px||50px\u00a0\u00bb custom_padding_last_edited=\u00a0\u00bbon|desktop\u00a0\u00bb padding_tablet=\u00a0\u00bb130px|50px||50px\u00a0\u00bb padding_last_edited=\u00a0\u00bbon|desktop\u00a0\u00bb padding_left=\u00a0\u00bb50px\u00a0\u00bb padding_right=\u00a0\u00bb30px\u00a0\u00bb padding_top=\u00a0\u00bb130px\u00a0\u00bb _i=\u00a0\u00bb0&Prime; _address=\u00a0\u00bb1.0.0&Prime; custom_padding__hover=\u00a0\u00bb|||\u00a0\u00bb][et_pb_text admin_label=\u00a0\u00bbTitle\u00a0\u00bb _builder_version=\u00a0\u00bb3.29.3&Prime; text_font=\u00a0\u00bb||||||||\u00a0\u00bb header_font=\u00a0\u00bb||||||||\u00a0\u00bb header_2_font=\u00a0\u00bbCormorant Garamond|600|||||||\u00a0\u00bb header_2_font_size=\u00a0\u00bb36px\u00a0\u00bb header_2_line_height=\u00a0\u00bb1.4em\u00a0\u00bb animation_style=\u00a0\u00bbfold\u00a0\u00bb animation_direction=\u00a0\u00bbleft\u00a0\u00bb animation_intensity_fold=\u00a0\u00bb5%\u00a0\u00bb animation_starting_opacity=\u00a0\u00bb100%\u00a0\u00bb _i=\u00a0\u00bb0&Prime; _address=\u00a0\u00bb1.0.0.0&Prime;]<\/p>\n<h2><span class=\"ez-toc-section\" id=\"Vous_pouvez_verifier_le_niveau_de_difficulte_de_litineraire_avec_nos_directions_et_cartes_3D\"><\/span>Vous pouvez v\u00e9rifier le niveau de difficult\u00e9 de l&rsquo;itin\u00e9raire avec nos directions et cartes 3D.<span class=\"ez-toc-section-end\"><\/span><\/h2>\n<p>[\/et_pb_text][\/et_pb_column][et_pb_column type=\u00a0\u00bb1_2&Prime; _builder_version=\u00a0\u00bb3.25&Prime; custom_padding=\u00a0\u00bb|30px||\u00a0\u00bb custom_padding_tablet=\u00a0\u00bb|0px||\u00a0\u00bb custom_padding_last_edited=\u00a0\u00bbon|desktop\u00a0\u00bb padding_tablet=\u00a0\u00bb|0px||\u00a0\u00bb padding_last_edited=\u00a0\u00bbon|desktop\u00a0\u00bb padding_right=\u00a0\u00bb30px\u00a0\u00bb _i=\u00a0\u00bb1&Prime; _address=\u00a0\u00bb1.0.1&Prime; custom_padding__hover=\u00a0\u00bb|||\u00a0\u00bb][et_pb_image src=\u00a0\u00bbhttps:\/\/molinodesimon.es\/wp-content\/uploads\/2019\/10\/hombre-andando.jpg\u00a0\u00bb force_fullwidth=\u00a0\u00bbon\u00a0\u00bb _builder_version=\u00a0\u00bb3.29.3&Prime; always_center_on_mobile=\u00a0\u00bboff\u00a0\u00bb _i=\u00a0\u00bb0&Prime; _address=\u00a0\u00bb1.0.1.0&Prime;][\/et_pb_image][\/et_pb_column][\/et_pb_row][\/et_pb_section][et_pb_section fb_built=\u00a0\u00bb1&Prime; prev_background_color=\u00a0\u00bb#ffffff\u00a0\u00bb admin_label=\u00a0\u00bbRecipes\u00a0\u00bb _builder_version=\u00a0\u00bb3.29.3&Prime; background_color=\u00a0\u00bb#f9f2f2&Prime; background_size=\u00a0\u00bbinitial\u00a0\u00bb custom_margin=\u00a0\u00bb|||\u00a0\u00bb custom_padding=\u00a0\u00bb90px|0px|90px|0px\u00a0\u00bb top_divider_style=\u00a0\u00bbmountains\u00a0\u00bb bottom_divider_style=\u00a0\u00bbasymmetric\u00a0\u00bb bottom_divider_color=\u00a0\u00bb#ffffff\u00a0\u00bb fb_built=\u00a0\u00bb1&Prime; _i=\u00a0\u00bb2&Prime; _address=\u00a0\u00bb2&Prime;][et_pb_row _builder_version=\u00a0\u00bb3.25&Prime; custom_margin=\u00a0\u00bb|||\u00a0\u00bb locked=\u00a0\u00bboff\u00a0\u00bb _i=\u00a0\u00bb0&Prime; _address=\u00a0\u00bb2.0&Prime;][et_pb_column type=\u00a0\u00bb4_4&Prime; _builder_version=\u00a0\u00bb3.25&Prime; custom_padding=\u00a0\u00bb|||\u00a0\u00bb _i=\u00a0\u00bb0&Prime; _address=\u00a0\u00bb2.0.0&Prime; custom_padding__hover=\u00a0\u00bb|||\u00a0\u00bb][et_pb_text admin_label=\u00a0\u00bbTitle\u00a0\u00bb _builder_version=\u00a0\u00bb3.29.3&Prime; text_font=\u00a0\u00bb||||||||\u00a0\u00bb header_font=\u00a0\u00bb||||||||\u00a0\u00bb header_2_font=\u00a0\u00bbCormorant Garamond|500|||||||\u00a0\u00bb header_2_text_color=\u00a0\u00bb#1e1e1e\u00a0\u00bb header_2_font_size=\u00a0\u00bb36px\u00a0\u00bb background_color=\u00a0\u00bb#e09900&Prime; text_orientation=\u00a0\u00bbcenter\u00a0\u00bb custom_margin=\u00a0\u00bb15px|15px|15px|15px|false|false\u00a0\u00bb custom_padding=\u00a0\u00bb15px|15px|15px|15px|false|false\u00a0\u00bb animation_style=\u00a0\u00bbfade\u00a0\u00bb border_width_all=\u00a0\u00bb1px\u00a0\u00bb border_color_all=\u00a0\u00bb#e09900&Prime; box_shadow_style=\u00a0\u00bbpreset1&Prime; _i=\u00a0\u00bb0&Prime; _address=\u00a0\u00bb2.0.0.0&Prime;]<\/p>\n<h1><span class=\"ez-toc-section\" id=\"Gare_de_Benaojan_%E2%80%93_Grotte_de_chat\"><\/span>Gare de Benaojan &#8211; Grotte de chat <span class=\"ez-toc-section-end\"><\/span><\/h1>\n<p>[\/et_pb_text][\/et_pb_column][\/et_pb_row][et_pb_row column_structure=\u00a0\u00bb1_2,1_2&Prime; _builder_version=\u00a0\u00bb3.29.3&Prime; _i=\u00a0\u00bb1&Prime; _address=\u00a0\u00bb2.1&Prime;][et_pb_column type=\u00a0\u00bb1_2&Prime; _builder_version=\u00a0\u00bb3.29.3&Prime; _i=\u00a0\u00bb0&Prime; _address=\u00a0\u00bb2.1.0&Prime;][et_pb_text _builder_version=\u00a0\u00bb3.29.3&Prime; _i=\u00a0\u00bb0&Prime; _address=\u00a0\u00bb2.1.0.0&Prime;]<\/p>\n<p><strong>Itin\u00e9raire d&rsquo;une distance de 4 km aller-retour<\/strong><\/p>\n<p>[\/et_pb_text][et_pb_button button_url=\u00a0\u00bb@ET-DC@eyJkeW5hbWljIjp0cnVlLCJjb250ZW50IjoicG9zdF9saW5rX3VybF9wYWdlIiwic2V0dGluZ3MiOnsicG9zdF9pZCI6IjE4OCJ9fQ==@\u00a0\u00bb button_text=\u00a0\u00bbAfficher les informations compl\u00e8tes sur l&rsquo;itin\u00e9raire\u00a0\u00bb _builder_version=\u00a0\u00bb3.29.3&Prime; _dynamic_attributes=\u00a0\u00bbbutton_url\u00a0\u00bb custom_button=\u00a0\u00bbon\u00a0\u00bb button_text_size=\u00a0\u00bb16px\u00a0\u00bb button_text_color=\u00a0\u00bb#e09900&Prime; button_bg_color=\u00a0\u00bb#000000&Prime; button_bg_enable_color=\u00a0\u00bbon\u00a0\u00bb _i=\u00a0\u00bb1&Prime; _address=\u00a0\u00bb2.1.0.1&Prime;][\/et_pb_button][\/et_pb_column][et_pb_column type=\u00a0\u00bb1_2&Prime; _builder_version=\u00a0\u00bb3.29.3&Prime; _i=\u00a0\u00bb1&Prime; _address=\u00a0\u00bb2.1.1&Prime;][et_pb_video src=\u00a0\u00bbhttps:\/\/www.youtube.com\/watch?v=Lk8C449Mw_k\u00a0\u00bb _builder_version=\u00a0\u00bb3.29.3&Prime; _i=\u00a0\u00bb0&Prime; _address=\u00a0\u00bb2.1.1.0&Prime;][\/et_pb_video][\/et_pb_column][\/et_pb_row][\/et_pb_section][et_pb_section fb_built=\u00a0\u00bb1&Prime; next_background_color=\u00a0\u00bb#ffffff\u00a0\u00bb admin_label=\u00a0\u00bbRecipes\u00a0\u00bb _builder_version=\u00a0\u00bb3.29.3&Prime; background_color=\u00a0\u00bb#f9f2f2&Prime; background_size=\u00a0\u00bbinitial\u00a0\u00bb custom_margin=\u00a0\u00bb|||\u00a0\u00bb custom_padding=\u00a0\u00bb90px|0px|90px|0px\u00a0\u00bb top_divider_style=\u00a0\u00bbmountains\u00a0\u00bb top_divider_color=\u00a0\u00bb#ffffff\u00a0\u00bb bottom_divider_style=\u00a0\u00bbasymmetric2&Prime; fb_built=\u00a0\u00bb1&Prime; _i=\u00a0\u00bb3&Prime; _address=\u00a0\u00bb3&Prime;][et_pb_row _builder_version=\u00a0\u00bb3.25&Prime; custom_margin=\u00a0\u00bb|||\u00a0\u00bb locked=\u00a0\u00bboff\u00a0\u00bb _i=\u00a0\u00bb0&Prime; _address=\u00a0\u00bb3.0&Prime;][et_pb_column type=\u00a0\u00bb4_4&Prime; _builder_version=\u00a0\u00bb3.25&Prime; custom_padding=\u00a0\u00bb|||\u00a0\u00bb _i=\u00a0\u00bb0&Prime; _address=\u00a0\u00bb3.0.0&Prime; custom_padding__hover=\u00a0\u00bb|||\u00a0\u00bb][et_pb_text admin_label=\u00a0\u00bbTitle\u00a0\u00bb _builder_version=\u00a0\u00bb3.29.3&Prime; text_font=\u00a0\u00bb||||||||\u00a0\u00bb header_font=\u00a0\u00bb||||||||\u00a0\u00bb header_2_font=\u00a0\u00bbCormorant Garamond|500|||||||\u00a0\u00bb header_2_text_color=\u00a0\u00bb#1e1e1e\u00a0\u00bb header_2_font_size=\u00a0\u00bb36px\u00a0\u00bb background_color=\u00a0\u00bb#e09900&Prime; text_orientation=\u00a0\u00bbcenter\u00a0\u00bb custom_margin=\u00a0\u00bb15px|15px|15px|15px|false|false\u00a0\u00bb custom_padding=\u00a0\u00bb15px|15px|15px|15px|false|false\u00a0\u00bb animation_style=\u00a0\u00bbfade\u00a0\u00bb box_shadow_style=\u00a0\u00bbpreset1&Prime; _i=\u00a0\u00bb0&Prime; _address=\u00a0\u00bb3.0.0.0&Prime;]<\/p>\n<h1><span class=\"ez-toc-section\" id=\"Gare_de_Benaojan_%E2%80%93_Station_Libar_Jimera\"><\/span>Gare de Benaojan &#8211; Station Libar Jimera<span class=\"ez-toc-section-end\"><\/span><\/h1>\n<p>[\/et_pb_text][\/et_pb_column][\/et_pb_row][et_pb_row column_structure=\u00a0\u00bb1_2,1_2&Prime; _builder_version=\u00a0\u00bb3.29.3&Prime; _i=\u00a0\u00bb1&Prime; _address=\u00a0\u00bb3.1&Prime;][et_pb_column type=\u00a0\u00bb1_2&Prime; _builder_version=\u00a0\u00bb3.29.3&Prime; _i=\u00a0\u00bb0&Prime; _address=\u00a0\u00bb3.1.0&Prime;][et_pb_text _builder_version=\u00a0\u00bb3.29.3&Prime; _i=\u00a0\u00bb0&Prime; _address=\u00a0\u00bb3.1.0.0&Prime;]<\/p>\n<p><strong>Itin\u00e9raire avec une distance de 10 km l&rsquo;un des sens.<\/strong><\/p>\n<p>[\/et_pb_text][et_pb_button button_url=\u00a0\u00bb@ET-DC@eyJkeW5hbWljIjp0cnVlLCJjb250ZW50IjoicG9zdF9saW5rX3VybF9wYWdlIiwic2V0dGluZ3MiOnsicG9zdF9pZCI6IjIwMCJ9fQ==@\u00a0\u00bb button_text=\u00a0\u00bbAfficher les informations compl\u00e8tes sur l&rsquo;itin\u00e9raire\u00a0\u00bb _builder_version=\u00a0\u00bb3.29.3&Prime; _dynamic_attributes=\u00a0\u00bbbutton_url\u00a0\u00bb custom_button=\u00a0\u00bbon\u00a0\u00bb button_text_size=\u00a0\u00bb16px\u00a0\u00bb button_text_color=\u00a0\u00bb#e09900&Prime; button_bg_color=\u00a0\u00bb#000000&Prime; button_bg_enable_color=\u00a0\u00bbon\u00a0\u00bb _i=\u00a0\u00bb1&Prime; _address=\u00a0\u00bb3.1.0.1&Prime;][\/et_pb_button][\/et_pb_column][et_pb_column type=\u00a0\u00bb1_2&Prime; _builder_version=\u00a0\u00bb3.29.3&Prime; _i=\u00a0\u00bb1&Prime; _address=\u00a0\u00bb3.1.1&Prime;][et_pb_video src=\u00a0\u00bbhttps:\/\/www.youtube.com\/watch?v=N_YZFL3N9sE\u00a0\u00bb _builder_version=\u00a0\u00bb3.29.3&Prime; _i=\u00a0\u00bb0&Prime; _address=\u00a0\u00bb3.1.1.0&Prime;][\/et_pb_video][\/et_pb_column][\/et_pb_row][\/et_pb_section]<\/p>\n","protected":false},"excerpt":{"rendered":"<p>Sentiers de randonn\u00e9e gare de Benaoj\u00e1nVoici notre s\u00e9lection de sentiers de randonn\u00e9e les plus proches de notre maison \u00e0 partir de La Gare de Benaojan, vous pouvez regarder dans 3D Maps vid\u00e9os avec la visite de l&rsquo;itin\u00e9raire virtuel.Vous pouvez v\u00e9rifier le niveau de difficult\u00e9 de l&rsquo;itin\u00e9raire avec nos directions et cartes 3D.Gare de Benaojan &#8211; [&hellip;]<\/p>\n","protected":false},"author":1,"featured_media":0,"parent":0,"menu_order":0,"comment_status":"closed","ping_status":"closed","template":"","meta":{"_et_pb_use_builder":"on","_et_pb_old_content":"","_et_gb_content_width":"","footnotes":""},"class_list":["post-798","page","type-page","status-publish","hentry"],"yoast_head":"<!-- This site is optimized with the Yoast SEO Premium plugin v21.2 (Yoast SEO v27.4) - https:\/\/yoast.com\/product\/yoast-seo-premium-wordpress\/ -->\n<title>Sentiers de randonn\u00e9e Benaoj\u00e1n la station - Molino de Sim&oacute;n<\/title>\n<meta name=\"description\" content=\"Sentiers de randonn\u00e9e qui peuvent \u00eatre r\u00e9alis\u00e9s \u00e0 partir du Moulin de Simon \u00e0 la gare de Benaoj\u00e1n aux lieux d&#039;int\u00e9r\u00eat de la Serrana de Ronda\" \/>\n<meta name=\"robots\" content=\"index, follow, max-snippet:-1, max-image-preview:large, max-video-preview:-1\" \/>\n<link rel=\"canonical\" href=\"https:\/\/molinodesimon.es\/fr\/sentiers-de-randonnee\/\" \/>\n<meta property=\"og:locale\" content=\"fr_FR\" \/>\n<meta property=\"og:type\" content=\"article\" \/>\n<meta property=\"og:title\" content=\"Sentiers de randonn\u00e9e\" \/>\n<meta property=\"og:url\" content=\"https:\/\/molinodesimon.es\/fr\/sentiers-de-randonnee\/\" \/>\n<meta property=\"og:site_name\" content=\"Molino de Sim&oacute;n\" \/>\n<meta property=\"article:publisher\" content=\"https:\/\/www.facebook.com\/molinodesimon\/\" \/>\n<meta property=\"article:modified_time\" content=\"2019-10-13T01:54:47+00:00\" \/>\n<meta name=\"twitter:card\" content=\"summary_large_image\" \/>\n<meta name=\"twitter:site\" content=\"@molinodesimon\" \/>\n<meta name=\"twitter:label1\" content=\"Dur\u00e9e de lecture estim\u00e9e\" \/>\n\t<meta name=\"twitter:data1\" content=\"5 minutes\" \/>\n<script type=\"application\/ld+json\" class=\"yoast-schema-graph\">{\"@context\":\"https:\\\/\\\/schema.org\",\"@graph\":[{\"@type\":\"WebPage\",\"@id\":\"https:\\\/\\\/molinodesimon.es\\\/fr\\\/sentiers-de-randonnee\\\/\",\"url\":\"https:\\\/\\\/molinodesimon.es\\\/fr\\\/sentiers-de-randonnee\\\/\",\"name\":\"Sentiers de randonn\u00e9e Benaoj\u00e1n la station - Molino de Sim&oacute;n\",\"isPartOf\":{\"@id\":\"https:\\\/\\\/molinodesimon.es\\\/fr\\\/#website\"},\"datePublished\":\"2019-10-07T14:40:00+00:00\",\"dateModified\":\"2019-10-13T01:54:47+00:00\",\"description\":\"Sentiers de randonn\u00e9e qui peuvent \u00eatre r\u00e9alis\u00e9s \u00e0 partir du Moulin de Simon \u00e0 la gare de Benaoj\u00e1n aux lieux d'int\u00e9r\u00eat de la Serrana de Ronda\",\"breadcrumb\":{\"@id\":\"https:\\\/\\\/molinodesimon.es\\\/fr\\\/sentiers-de-randonnee\\\/#breadcrumb\"},\"inLanguage\":\"fr-FR\",\"potentialAction\":[{\"@type\":\"ReadAction\",\"target\":[\"https:\\\/\\\/molinodesimon.es\\\/fr\\\/sentiers-de-randonnee\\\/\"]}]},{\"@type\":\"BreadcrumbList\",\"@id\":\"https:\\\/\\\/molinodesimon.es\\\/fr\\\/sentiers-de-randonnee\\\/#breadcrumb\",\"itemListElement\":[{\"@type\":\"ListItem\",\"position\":1,\"name\":\"Inicio\",\"item\":\"https:\\\/\\\/molinodesimon.es\\\/fr\\\/\"},{\"@type\":\"ListItem\",\"position\":2,\"name\":\"Sentiers de randonn\u00e9e\"}]},{\"@type\":\"WebSite\",\"@id\":\"https:\\\/\\\/molinodesimon.es\\\/fr\\\/#website\",\"url\":\"https:\\\/\\\/molinodesimon.es\\\/fr\\\/\",\"name\":\"Molino de Sim&oacute;n\",\"description\":\"Casa Rural en la Estaci&oacute;n de Benaoj&aacute;n\",\"publisher\":{\"@id\":\"https:\\\/\\\/molinodesimon.es\\\/fr\\\/#organization\"},\"potentialAction\":[{\"@type\":\"SearchAction\",\"target\":{\"@type\":\"EntryPoint\",\"urlTemplate\":\"https:\\\/\\\/molinodesimon.es\\\/fr\\\/?s={search_term_string}\"},\"query-input\":{\"@type\":\"PropertyValueSpecification\",\"valueRequired\":true,\"valueName\":\"search_term_string\"}}],\"inLanguage\":\"fr-FR\"},{\"@type\":\"Organization\",\"@id\":\"https:\\\/\\\/molinodesimon.es\\\/fr\\\/#organization\",\"name\":\"Molino de Sim\u00f3n\",\"url\":\"https:\\\/\\\/molinodesimon.es\\\/fr\\\/\",\"logo\":{\"@type\":\"ImageObject\",\"inLanguage\":\"fr-FR\",\"@id\":\"https:\\\/\\\/molinodesimon.es\\\/fr\\\/#\\\/schema\\\/logo\\\/image\\\/\",\"url\":\"https:\\\/\\\/molinodesimon.es\\\/wp-content\\\/uploads\\\/2019\\\/09\\\/niebla-en-la-estacion-de-benaojan-e1570199456228.jpg\",\"contentUrl\":\"https:\\\/\\\/molinodesimon.es\\\/wp-content\\\/uploads\\\/2019\\\/09\\\/niebla-en-la-estacion-de-benaojan-e1570199456228.jpg\",\"width\":700,\"height\":700,\"caption\":\"Molino de Sim\u00f3n\"},\"image\":{\"@id\":\"https:\\\/\\\/molinodesimon.es\\\/fr\\\/#\\\/schema\\\/logo\\\/image\\\/\"},\"sameAs\":[\"https:\\\/\\\/www.facebook.com\\\/molinodesimon\\\/\",\"https:\\\/\\\/x.com\\\/molinodesimon\",\"https:\\\/\\\/www.instagram.com\\\/molinodesimon\\\/\",\"https:\\\/\\\/www.linkedin.com\\\/company\\\/51039578\\\/\",\"https:\\\/\\\/www.pinterest.es\\\/molinodesimon\\\/\",\"https:\\\/\\\/www.youtube.com\\\/channel\\\/UCtBlh0rPSz16lWMTxMIc7cw\"]}]}<\/script>\n<!-- \/ Yoast SEO Premium plugin. -->","yoast_head_json":{"title":"Sentiers de randonn\u00e9e Benaoj\u00e1n la station - Molino de Sim&oacute;n","description":"Sentiers de randonn\u00e9e qui peuvent \u00eatre r\u00e9alis\u00e9s \u00e0 partir du Moulin de Simon \u00e0 la gare de Benaoj\u00e1n aux lieux d'int\u00e9r\u00eat de la Serrana de Ronda","robots":{"index":"index","follow":"follow","max-snippet":"max-snippet:-1","max-image-preview":"max-image-preview:large","max-video-preview":"max-video-preview:-1"},"canonical":"https:\/\/molinodesimon.es\/fr\/sentiers-de-randonnee\/","og_locale":"fr_FR","og_type":"article","og_title":"Sentiers de randonn\u00e9e","og_url":"https:\/\/molinodesimon.es\/fr\/sentiers-de-randonnee\/","og_site_name":"Molino de Sim&oacute;n","article_publisher":"https:\/\/www.facebook.com\/molinodesimon\/","article_modified_time":"2019-10-13T01:54:47+00:00","twitter_card":"summary_large_image","twitter_site":"@molinodesimon","twitter_misc":{"Dur\u00e9e de lecture estim\u00e9e":"5 minutes"},"schema":{"@context":"https:\/\/schema.org","@graph":[{"@type":"WebPage","@id":"https:\/\/molinodesimon.es\/fr\/sentiers-de-randonnee\/","url":"https:\/\/molinodesimon.es\/fr\/sentiers-de-randonnee\/","name":"Sentiers de randonn\u00e9e Benaoj\u00e1n la station - Molino de Sim&oacute;n","isPartOf":{"@id":"https:\/\/molinodesimon.es\/fr\/#website"},"datePublished":"2019-10-07T14:40:00+00:00","dateModified":"2019-10-13T01:54:47+00:00","description":"Sentiers de randonn\u00e9e qui peuvent \u00eatre r\u00e9alis\u00e9s \u00e0 partir du Moulin de Simon \u00e0 la gare de Benaoj\u00e1n aux lieux d'int\u00e9r\u00eat de la Serrana de Ronda","breadcrumb":{"@id":"https:\/\/molinodesimon.es\/fr\/sentiers-de-randonnee\/#breadcrumb"},"inLanguage":"fr-FR","potentialAction":[{"@type":"ReadAction","target":["https:\/\/molinodesimon.es\/fr\/sentiers-de-randonnee\/"]}]},{"@type":"BreadcrumbList","@id":"https:\/\/molinodesimon.es\/fr\/sentiers-de-randonnee\/#breadcrumb","itemListElement":[{"@type":"ListItem","position":1,"name":"Inicio","item":"https:\/\/molinodesimon.es\/fr\/"},{"@type":"ListItem","position":2,"name":"Sentiers de randonn\u00e9e"}]},{"@type":"WebSite","@id":"https:\/\/molinodesimon.es\/fr\/#website","url":"https:\/\/molinodesimon.es\/fr\/","name":"Molino de Sim&oacute;n","description":"Casa Rural en la Estaci&oacute;n de Benaoj&aacute;n","publisher":{"@id":"https:\/\/molinodesimon.es\/fr\/#organization"},"potentialAction":[{"@type":"SearchAction","target":{"@type":"EntryPoint","urlTemplate":"https:\/\/molinodesimon.es\/fr\/?s={search_term_string}"},"query-input":{"@type":"PropertyValueSpecification","valueRequired":true,"valueName":"search_term_string"}}],"inLanguage":"fr-FR"},{"@type":"Organization","@id":"https:\/\/molinodesimon.es\/fr\/#organization","name":"Molino de Sim\u00f3n","url":"https:\/\/molinodesimon.es\/fr\/","logo":{"@type":"ImageObject","inLanguage":"fr-FR","@id":"https:\/\/molinodesimon.es\/fr\/#\/schema\/logo\/image\/","url":"https:\/\/molinodesimon.es\/wp-content\/uploads\/2019\/09\/niebla-en-la-estacion-de-benaojan-e1570199456228.jpg","contentUrl":"https:\/\/molinodesimon.es\/wp-content\/uploads\/2019\/09\/niebla-en-la-estacion-de-benaojan-e1570199456228.jpg","width":700,"height":700,"caption":"Molino de Sim\u00f3n"},"image":{"@id":"https:\/\/molinodesimon.es\/fr\/#\/schema\/logo\/image\/"},"sameAs":["https:\/\/www.facebook.com\/molinodesimon\/","https:\/\/x.com\/molinodesimon","https:\/\/www.instagram.com\/molinodesimon\/","https:\/\/www.linkedin.com\/company\/51039578\/","https:\/\/www.pinterest.es\/molinodesimon\/","https:\/\/www.youtube.com\/channel\/UCtBlh0rPSz16lWMTxMIc7cw"]}]}},"_links":{"self":[{"href":"https:\/\/molinodesimon.es\/fr\/wp-json\/wp\/v2\/pages\/798","targetHints":{"allow":["GET"]}}],"collection":[{"href":"https:\/\/molinodesimon.es\/fr\/wp-json\/wp\/v2\/pages"}],"about":[{"href":"https:\/\/molinodesimon.es\/fr\/wp-json\/wp\/v2\/types\/page"}],"author":[{"embeddable":true,"href":"https:\/\/molinodesimon.es\/fr\/wp-json\/wp\/v2\/users\/1"}],"replies":[{"embeddable":true,"href":"https:\/\/molinodesimon.es\/fr\/wp-json\/wp\/v2\/comments?post=798"}],"version-history":[{"count":1,"href":"https:\/\/molinodesimon.es\/fr\/wp-json\/wp\/v2\/pages\/798\/revisions"}],"predecessor-version":[{"id":800,"href":"https:\/\/molinodesimon.es\/fr\/wp-json\/wp\/v2\/pages\/798\/revisions\/800"}],"wp:attachment":[{"href":"https:\/\/molinodesimon.es\/fr\/wp-json\/wp\/v2\/media?parent=798"}],"curies":[{"name":"wp","href":"https:\/\/api.w.org\/{rel}","templated":true}]}}