{"id":3860,"date":"2025-01-22T20:14:45","date_gmt":"2025-01-22T19:14:45","guid":{"rendered":"https:\/\/molinodesimon.es\/grotte-de-la-pileta\/"},"modified":"2025-01-22T20:14:49","modified_gmt":"2025-01-22T19:14:49","slug":"grotte-de-la-pileta","status":"publish","type":"page","link":"https:\/\/molinodesimon.es\/fr\/grotte-de-la-pileta\/","title":{"rendered":"Grotte de La Pileta"},"content":{"rendered":"<p>[et_pb_section fb_built=\u00a0\u00bb1&Prime; custom_padding_last_edited=\u00a0\u00bboff|desktop\u00a0\u00bb admin_label=\u00a0\u00bbtop\u00a0\u00bb _builder_version=\u00a0\u00bb3.29.3&Prime; use_background_color_gradient=\u00a0\u00bbon\u00a0\u00bb background_color_gradient_start=\u00a0\u00bbrgba(0,0,0,0.75)\u00a0\u00bb background_color_gradient_end=\u00a0\u00bbrgba(0,0,0,0.2)\u00a0\u00bb background_color_gradient_direction=\u00a0\u00bb90deg\u00a0\u00bb background_color_gradient_overlays_image=\u00a0\u00bbon\u00a0\u00bb background_enable_image=\u00a0\u00bboff\u00a0\u00bb background_video_mp4=\u00a0\u00bbhttps:\/\/molinodesimon.es\/wp-content\/uploads\/2019\/10\/zua-de-agua.mp4&Prime; custom_padding=\u00a0\u00bb10%||10%|\u00a0\u00bb top_divider_style=\u00a0\u00bbwaves2&Prime; top_divider_color=\u00a0\u00bb#ffffff\u00a0\u00bb bottom_divider_style=\u00a0\u00bbwaves2&Prime; bottom_divider_color=\u00a0\u00bb#ffffff\u00a0\u00bb][et_pb_row _builder_version=\u00a0\u00bb3.25&Prime; background_size=\u00a0\u00bbinitial\u00a0\u00bb background_position=\u00a0\u00bbtop_left\u00a0\u00bb background_repeat=\u00a0\u00bbrepeat\u00a0\u00bb custom_margin=\u00a0\u00bb|||\u00a0\u00bb animation_style=\u00a0\u00bbzoom\u00a0\u00bb animation_intensity_zoom=\u00a0\u00bb4%\u00a0\u00bb][et_pb_column type=\u00a0\u00bb4_4&Prime; _builder_version=\u00a0\u00bb3.25&Prime; custom_padding=\u00a0\u00bb|||\u00a0\u00bb custom_padding__hover=\u00a0\u00bb|||\u00a0\u00bb][et_pb_text admin_label=\u00a0\u00bbTitle\u00a0\u00bb _builder_version=\u00a0\u00bb4.6.1&Prime; text_font=\u00a0\u00bb||||||||\u00a0\u00bb header_font=\u00a0\u00bbCormorant Garamond|700|||||||\u00a0\u00bb header_font_size=\u00a0\u00bb64px\u00a0\u00bb background_color=\u00a0\u00bbrgba(0,0,0,0)\u00a0\u00bb background_layout=\u00a0\u00bbdark\u00a0\u00bb max_width=\u00a0\u00bb600px\u00a0\u00bb animation_style=\u00a0\u00bbfold\u00a0\u00bb animation_direction=\u00a0\u00bbbottom\u00a0\u00bb animation_delay=\u00a0\u00bb50ms\u00a0\u00bb animation_intensity_fold=\u00a0\u00bb30%\u00a0\u00bb animation_starting_opacity=\u00a0\u00bb100%\u00a0\u00bb]<\/p>\n<h1>Grotte de La Pileta<\/h1>\n<p>[\/et_pb_text][et_pb_text _builder_version=\u00a0\u00bb3.29.3&Prime; text_font=\u00a0\u00bbCormorant Garamond|500|||||||\u00a0\u00bb text_font_size=\u00a0\u00bb24px\u00a0\u00bb text_line_height=\u00a0\u00bb1.8em\u00a0\u00bb header_font=\u00a0\u00bb||||||||\u00a0\u00bb background_layout=\u00a0\u00bbdark\u00a0\u00bb max_width=\u00a0\u00bb600px\u00a0\u00bb animation_style=\u00a0\u00bbfold\u00a0\u00bb animation_direction=\u00a0\u00bbbottom\u00a0\u00bb animation_delay=\u00a0\u00bb100ms\u00a0\u00bb animation_intensity_fold=\u00a0\u00bb30%\u00a0\u00bb animation_starting_opacity=\u00a0\u00bb100%\u00a0\u00bb]<\/p>\n<p>Ce que vous pouvez faire dans nos environs, nous vous pr\u00e9sentons des activit\u00e9s et des endroits de confiance pr\u00e8s de <strong>la gare de Benaoj\u00e1n<\/strong> o\u00f9 vous pouvez aller.<\/p>\n<p>[\/et_pb_text][\/et_pb_column][\/et_pb_row][\/et_pb_section][et_pb_section fb_built=\u00a0\u00bb1&Prime; prev_background_color=\u00a0\u00bb#ffffff\u00a0\u00bb admin_label=\u00a0\u00bbRutas\u00a0\u00bb _builder_version=\u00a0\u00bb3.29.3&Prime; background_color=\u00a0\u00bb#f9f2f2&Prime; background_size=\u00a0\u00bbinitial\u00a0\u00bb custom_margin=\u00a0\u00bb|||\u00a0\u00bb custom_padding=\u00a0\u00bb90px|0px|90px|0px\u00a0\u00bb top_divider_style=\u00a0\u00bbmountains\u00a0\u00bb bottom_divider_style=\u00a0\u00bbasymmetric\u00a0\u00bb bottom_divider_color=\u00a0\u00bb#ffffff\u00a0\u00bb][et_pb_row _builder_version=\u00a0\u00bb3.25&Prime; custom_margin=\u00a0\u00bb|||\u00a0\u00bb locked=\u00a0\u00bboff\u00a0\u00bb][et_pb_column type=\u00a0\u00bb4_4&Prime; _builder_version=\u00a0\u00bb3.25&Prime; custom_padding=\u00a0\u00bb|||\u00a0\u00bb custom_padding__hover=\u00a0\u00bb|||\u00a0\u00bb][et_pb_text admin_label=\u00a0\u00bbTitle\u00a0\u00bb _builder_version=\u00a0\u00bb3.29.3&Prime; text_font=\u00a0\u00bb||||||||\u00a0\u00bb header_font=\u00a0\u00bb||||||||\u00a0\u00bb header_2_font=\u00a0\u00bbCormorant Garamond|500|||||||\u00a0\u00bb header_2_text_color=\u00a0\u00bb#1e1e1e\u00a0\u00bb header_2_font_size=\u00a0\u00bb36px\u00a0\u00bb background_color=\u00a0\u00bb#e09900&Prime; text_orientation=\u00a0\u00bbcenter\u00a0\u00bb custom_margin=\u00a0\u00bb15px|15px|15px|15px|false|false\u00a0\u00bb custom_padding=\u00a0\u00bb15px|15px|15px|15px|false|false\u00a0\u00bb animation_style=\u00a0\u00bbfade\u00a0\u00bb border_width_all=\u00a0\u00bb1px\u00a0\u00bb border_color_all=\u00a0\u00bb#e09900&Prime; box_shadow_style=\u00a0\u00bbpreset1&Prime;]<\/p>\n<h1>Grotte de La Pileta<\/h1>\n<p>[\/et_pb_text][\/et_pb_column][\/et_pb_row][et_pb_row _builder_version=\u00a0\u00bb4.6.1&Prime; _module_preset=\u00a0\u00bbdefault\u00a0\u00bb][et_pb_column type=\u00a0\u00bb4_4&Prime; _builder_version=\u00a0\u00bb4.6.1&Prime; _module_preset=\u00a0\u00bbdefault\u00a0\u00bb][et_pb_text _builder_version=\u00a0\u00bb4.6.1&Prime; _module_preset=\u00a0\u00bbdefault\u00a0\u00bb]<\/p>\n<p class=\"p1\"><span style=\"font-size: large;\">Situ\u00e9 sur la colline de La Pileta dans la ville de Benaojan, Malaga<\/span><\/p>\n<p class=\"p1\">\n<p class=\"p1\"><span style=\"font-size: large;\"><strong>La Cueva de la Pileta<\/strong> est l\u2019un des sites pr\u00e9historiques les plus importants d\u2019Andalousie.<\/span><\/p>\n<p class=\"p1\"><span style=\"font-size: large;\">Il a \u00e9t\u00e9 d\u00e9couvert en 1905 par hasard, par <strong>Jos\u00e9 Bull\u00f3n Lobato<\/strong>, un paysan qui cherchait<\/span><\/p>\n<p class=\"p1\"><span style=\"font-size: large;\">guano pour ses terres, il a observ\u00e9 la sortie de nombreuses chauves-souris d\u2019une grotte qui l\u2019a conduit \u00e0<\/span><\/p>\n<p class=\"p1\"><span style=\"font-size: large;\">l\u2019une des entr\u00e9es. Il a trouv\u00e9 les premi\u00e8res peintures rupestres apr\u00e8s plusieurs visites \u00e0 l\u2019int\u00e9rieur et \u00e0 l\u2019int\u00e9rieur de la ville. <\/span><\/p>\n<p class=\"p1\"><span style=\"font-size: large;\">appel\u00e9e <strong>Cueva de los signreros (Grotte des signes), qui est devenue Cueva de la Pileta en 1907<\/strong>.<\/span><\/p>\n<p class=\"p1\">\n<p class=\"p1\"><span style=\"font-size: large;\">Il a \u00e9t\u00e9 \u00e9tudi\u00e9 par des pr\u00e9historiens, des pal\u00e9ontologues et des arch\u00e9ologues tels que <strong>Henri Breuil et Hugo<\/strong><\/span><\/p>\n<p class=\"p1\"><span style=\"font-size: large;\"><strong>Obermaier<\/strong> s\u00e9duit par la publication des<strong> \u00ab Lettres de Wilder, Espagne : une grotte myst\u00e9rieuse \u00bb<\/strong> en<\/span><\/p>\n<p class=\"p1\"><span style=\"font-size: large;\">1911 dans le magazine britannique The Saturday Review par le colonel \u00e0 la retraite <strong>Willoughby Verner<\/strong><\/span><\/p>\n<p class=\"p1\"><span style=\"font-size: large;\">( Militaire r\u00e9sidant \u00e0 Alg\u00e9siras qui, apr\u00e8s avoir appris la d\u00e9couverte, l\u2019a visit\u00e9e et \u00e9tudi\u00e9e en 1909, 1010 et<\/span><\/p>\n<p class=\"p1\"><span style=\"font-size: large;\">1911 )<\/span><\/p>\n<p class=\"p1\">\n<p class=\"p1\"><span style=\"font-size: large;\">La <strong>Cueva de la Pileta<\/strong> est un ensemble tr\u00e8s repr\u00e9sentatif de l\u2019expansion de l\u2019art pal\u00e9olithique<\/span><\/p>\n<p class=\"p1\"><span style=\"font-size: large;\">dans le style franco-cantabrique sous forme de peintures et gravures d\u2019animaux tels que des chevaux, des poissons,<\/span><\/p>\n<p class=\"p1\"><span style=\"font-size: large;\">ch\u00e8vres, taureaux, bisons, phoques&nbsp;; chiffres ind\u00e9termin\u00e9s&nbsp;; et des signes abstraits.<\/span><\/p>\n<p class=\"p1\">\n<p class=\"p1\"><span style=\"font-size: large;\">Des c\u00e9ramiques n\u00e9olithiques et des figures sch\u00e9matiques de l\u2019\u00c9n\u00e9olithique ont \u00e9galement \u00e9t\u00e9 trouv\u00e9es.<\/span><\/p>\n<p class=\"p1\">\n<p class=\"p1\"><span style=\"font-size: large;\"><strong>En 1924, il a \u00e9t\u00e9 d\u00e9clar\u00e9 bien d\u2019int\u00e9r\u00eat culturel<\/strong>. La m\u00eame ann\u00e9e, l\u2019entr\u00e9e actuelle a \u00e9t\u00e9 d\u00e9couverte, <\/span><\/p>\n<p class=\"p1\"><span style=\"font-size: large;\">qui est l\u2019original pendant l\u2019occupation pr\u00e9historique.<\/span><\/p>\n<p class=\"p1\">\n<p class=\"p1\"><span style=\"font-size: large;\"><strong>En 1933, des squelettes humains ont \u00e9t\u00e9 trouv\u00e9s<\/strong> dans les \u00ab&nbsp;Nouvelles Galeries&nbsp;\u00bb alors d\u00e9couvertes<\/span><\/p>\n<p class=\"p1\"><span style=\"font-size: large;\">et \u00ab Galer\u00edas del SEU \u00bb.<\/span><\/p>\n<p class=\"p1\">\n<p class=\"p1\"><span style=\"font-size: large;\"><strong>En 1940, l\u2019int\u00e9rieur a \u00e9t\u00e9 pr\u00e9par\u00e9<\/strong> pour \u00eatre visit\u00e9 en sculptant des marches dans les zones o\u00f9 il se trouvait<\/span><\/p>\n<p class=\"p1\"><span style=\"font-size: large;\">N\u00e9cessaire.<\/span><\/p>\n<p class=\"p1\">\n<p class=\"p1\"><span style=\"font-size: large;\">En 1992, les enfants du d\u00e9couvreur et le GEAR (Groupe Sp\u00e9l\u00e9ologique Alpin de Ronda)<\/span><\/p>\n<p class=\"p1\"><span style=\"font-size: large;\">Ils ont trouv\u00e9 une nouvelle section de 250 m de long.<\/span><\/p>\n<p class=\"p1\">\n<p class=\"p1\"><span style=\"font-size: large;\">Aujourd\u2019hui, ce joyau pr\u00e9historique est visit\u00e9 quotidiennement par des centaines de personnes, malgr\u00e9 le fait que<\/span><\/p>\n<p class=\"p1\"><span style=\"font-size: large;\">C\u2019est pourquoi le respect absolu est maintenu tant dans le nombre de visiteurs par jour qu\u2019en termes de<\/span><\/p>\n<p class=\"p1\"><span style=\"font-size: large;\">les caract\u00e9ristiques des visites qui sont toujours guid\u00e9es et en utilisant des ressources qui n\u2019endommagent pas le<\/span><\/p>\n<p class=\"p1\"><span style=\"font-size: large;\">grand tr\u00e9sor qui habille ses murs.<\/span><\/p>\n<p>[\/et_pb_text][\/et_pb_column][\/et_pb_row][et_pb_row _builder_version=\u00a0\u00bb4.6.3&Prime; _module_preset=\u00a0\u00bbdefault\u00a0\u00bb][et_pb_column _builder_version=\u00a0\u00bb4.6.3&Prime; _module_preset=\u00a0\u00bbdefault\u00a0\u00bb type=\u00a0\u00bb4_4&Prime;][et_pb_video src=\u00a0\u00bbhttps:\/\/www.youtube.com\/watch?v=4phxC9Fneac\u00a0\u00bb _builder_version=\u00a0\u00bb4.6.3&Prime; _module_preset=\u00a0\u00bbdefault\u00a0\u00bb hover_enabled=\u00a0\u00bb0&Prime; sticky_enabled=\u00a0\u00bb0&Prime;][\/et_pb_video][\/et_pb_column][\/et_pb_row][et_pb_row _builder_version=\u00a0\u00bb4.6.3&Prime; _module_preset=\u00a0\u00bbdefault\u00a0\u00bb][et_pb_column _builder_version=\u00a0\u00bb4.6.3&Prime; _module_preset=\u00a0\u00bbdefault\u00a0\u00bb type=\u00a0\u00bb4_4&Prime;][et_pb_video src=\u00a0\u00bbhttps:\/\/www.youtube.com\/watch?v=K8w0_cZHMnI\u00a0\u00bb _builder_version=\u00a0\u00bb4.6.3&Prime; _module_preset=\u00a0\u00bbdefault\u00a0\u00bb hover_enabled=\u00a0\u00bb0&Prime; sticky_enabled=\u00a0\u00bb0&Prime;][\/et_pb_video][\/et_pb_column][\/et_pb_row][et_pb_row _builder_version=\u00a0\u00bb4.6.3&Prime; _module_preset=\u00a0\u00bbdefault\u00a0\u00bb][et_pb_column _builder_version=\u00a0\u00bb4.6.3&Prime; _module_preset=\u00a0\u00bbdefault\u00a0\u00bb type=\u00a0\u00bb4_4&Prime;][et_pb_video src=\u00a0\u00bbhttps:\/\/www.youtube.com\/watch?v=sDQLkaAjZmo\u00a0\u00bb _builder_version=\u00a0\u00bb4.6.3&Prime; _module_preset=\u00a0\u00bbdefault\u00a0\u00bb hover_enabled=\u00a0\u00bb0&Prime; sticky_enabled=\u00a0\u00bb0&Prime;][\/et_pb_video][\/et_pb_column][\/et_pb_row][\/et_pb_section]<\/p>\n","protected":false},"excerpt":{"rendered":"<p>Grotte de La PiletaCe que vous pouvez faire dans nos environs, nous vous pr\u00e9sentons des activit\u00e9s et des endroits de confiance pr\u00e8s de la gare de Benaoj\u00e1n o\u00f9 vous pouvez aller.Grotte de La PiletaSitu\u00e9 sur la colline de La Pileta dans la ville de Benaojan, Malaga La Cueva de la Pileta est l\u2019un des sites [&hellip;]<\/p>\n","protected":false},"author":1,"featured_media":0,"parent":0,"menu_order":0,"comment_status":"closed","ping_status":"closed","template":"","meta":{"_et_pb_use_builder":"on","_et_pb_old_content":"","_et_gb_content_width":"","footnotes":""},"class_list":["post-3860","page","type-page","status-publish","hentry"],"yoast_head":"<!-- This site is optimized with the Yoast SEO Premium plugin v21.2 (Yoast SEO v27.4) - https:\/\/yoast.com\/product\/yoast-seo-premium-wordpress\/ -->\n<title>Grotte de La Pileta - Molino de Sim&oacute;n<\/title>\n<meta name=\"robots\" content=\"index, follow, max-snippet:-1, max-image-preview:large, max-video-preview:-1\" \/>\n<link rel=\"canonical\" href=\"https:\/\/molinodesimon.es\/fr\/grotte-de-la-pileta\/\" \/>\n<meta property=\"og:locale\" content=\"fr_FR\" \/>\n<meta property=\"og:type\" content=\"article\" \/>\n<meta property=\"og:title\" content=\"Grotte de La Pileta\" \/>\n<meta property=\"og:url\" content=\"https:\/\/molinodesimon.es\/fr\/grotte-de-la-pileta\/\" \/>\n<meta property=\"og:site_name\" content=\"Molino de Sim&oacute;n\" \/>\n<meta property=\"article:publisher\" content=\"https:\/\/www.facebook.com\/molinodesimon\/\" \/>\n<meta property=\"article:modified_time\" content=\"2025-01-22T19:14:49+00:00\" \/>\n<meta name=\"twitter:card\" content=\"summary_large_image\" \/>\n<meta name=\"twitter:site\" content=\"@molinodesimon\" \/>\n<meta name=\"twitter:label1\" content=\"Dur\u00e9e de lecture estim\u00e9e\" \/>\n\t<meta name=\"twitter:data1\" content=\"5 minutes\" \/>\n<script type=\"application\/ld+json\" class=\"yoast-schema-graph\">{\"@context\":\"https:\\\/\\\/schema.org\",\"@graph\":[{\"@type\":\"WebPage\",\"@id\":\"https:\\\/\\\/molinodesimon.es\\\/fr\\\/grotte-de-la-pileta\\\/\",\"url\":\"https:\\\/\\\/molinodesimon.es\\\/fr\\\/grotte-de-la-pileta\\\/\",\"name\":\"Grotte de La Pileta - Molino de Sim&oacute;n\",\"isPartOf\":{\"@id\":\"https:\\\/\\\/molinodesimon.es\\\/fr\\\/#website\"},\"datePublished\":\"2025-01-22T19:14:45+00:00\",\"dateModified\":\"2025-01-22T19:14:49+00:00\",\"breadcrumb\":{\"@id\":\"https:\\\/\\\/molinodesimon.es\\\/fr\\\/grotte-de-la-pileta\\\/#breadcrumb\"},\"inLanguage\":\"fr-FR\",\"potentialAction\":[{\"@type\":\"ReadAction\",\"target\":[\"https:\\\/\\\/molinodesimon.es\\\/fr\\\/grotte-de-la-pileta\\\/\"]}]},{\"@type\":\"BreadcrumbList\",\"@id\":\"https:\\\/\\\/molinodesimon.es\\\/fr\\\/grotte-de-la-pileta\\\/#breadcrumb\",\"itemListElement\":[{\"@type\":\"ListItem\",\"position\":1,\"name\":\"Inicio\",\"item\":\"https:\\\/\\\/molinodesimon.es\\\/fr\\\/\"},{\"@type\":\"ListItem\",\"position\":2,\"name\":\"Grotte de La Pileta\"}]},{\"@type\":\"WebSite\",\"@id\":\"https:\\\/\\\/molinodesimon.es\\\/fr\\\/#website\",\"url\":\"https:\\\/\\\/molinodesimon.es\\\/fr\\\/\",\"name\":\"Molino de Sim&oacute;n\",\"description\":\"Casa Rural en la Estaci&oacute;n de Benaoj&aacute;n\",\"publisher\":{\"@id\":\"https:\\\/\\\/molinodesimon.es\\\/fr\\\/#organization\"},\"potentialAction\":[{\"@type\":\"SearchAction\",\"target\":{\"@type\":\"EntryPoint\",\"urlTemplate\":\"https:\\\/\\\/molinodesimon.es\\\/fr\\\/?s={search_term_string}\"},\"query-input\":{\"@type\":\"PropertyValueSpecification\",\"valueRequired\":true,\"valueName\":\"search_term_string\"}}],\"inLanguage\":\"fr-FR\"},{\"@type\":\"Organization\",\"@id\":\"https:\\\/\\\/molinodesimon.es\\\/fr\\\/#organization\",\"name\":\"Molino de Sim\u00f3n\",\"url\":\"https:\\\/\\\/molinodesimon.es\\\/fr\\\/\",\"logo\":{\"@type\":\"ImageObject\",\"inLanguage\":\"fr-FR\",\"@id\":\"https:\\\/\\\/molinodesimon.es\\\/fr\\\/#\\\/schema\\\/logo\\\/image\\\/\",\"url\":\"https:\\\/\\\/molinodesimon.es\\\/wp-content\\\/uploads\\\/2019\\\/09\\\/niebla-en-la-estacion-de-benaojan-e1570199456228.jpg\",\"contentUrl\":\"https:\\\/\\\/molinodesimon.es\\\/wp-content\\\/uploads\\\/2019\\\/09\\\/niebla-en-la-estacion-de-benaojan-e1570199456228.jpg\",\"width\":700,\"height\":700,\"caption\":\"Molino de Sim\u00f3n\"},\"image\":{\"@id\":\"https:\\\/\\\/molinodesimon.es\\\/fr\\\/#\\\/schema\\\/logo\\\/image\\\/\"},\"sameAs\":[\"https:\\\/\\\/www.facebook.com\\\/molinodesimon\\\/\",\"https:\\\/\\\/x.com\\\/molinodesimon\",\"https:\\\/\\\/www.instagram.com\\\/molinodesimon\\\/\",\"https:\\\/\\\/www.linkedin.com\\\/company\\\/51039578\\\/\",\"https:\\\/\\\/www.pinterest.es\\\/molinodesimon\\\/\",\"https:\\\/\\\/www.youtube.com\\\/channel\\\/UCtBlh0rPSz16lWMTxMIc7cw\"]}]}<\/script>\n<!-- \/ Yoast SEO Premium plugin. -->","yoast_head_json":{"title":"Grotte de La Pileta - Molino de Sim&oacute;n","robots":{"index":"index","follow":"follow","max-snippet":"max-snippet:-1","max-image-preview":"max-image-preview:large","max-video-preview":"max-video-preview:-1"},"canonical":"https:\/\/molinodesimon.es\/fr\/grotte-de-la-pileta\/","og_locale":"fr_FR","og_type":"article","og_title":"Grotte de La Pileta","og_url":"https:\/\/molinodesimon.es\/fr\/grotte-de-la-pileta\/","og_site_name":"Molino de Sim&oacute;n","article_publisher":"https:\/\/www.facebook.com\/molinodesimon\/","article_modified_time":"2025-01-22T19:14:49+00:00","twitter_card":"summary_large_image","twitter_site":"@molinodesimon","twitter_misc":{"Dur\u00e9e de lecture estim\u00e9e":"5 minutes"},"schema":{"@context":"https:\/\/schema.org","@graph":[{"@type":"WebPage","@id":"https:\/\/molinodesimon.es\/fr\/grotte-de-la-pileta\/","url":"https:\/\/molinodesimon.es\/fr\/grotte-de-la-pileta\/","name":"Grotte de La Pileta - Molino de Sim&oacute;n","isPartOf":{"@id":"https:\/\/molinodesimon.es\/fr\/#website"},"datePublished":"2025-01-22T19:14:45+00:00","dateModified":"2025-01-22T19:14:49+00:00","breadcrumb":{"@id":"https:\/\/molinodesimon.es\/fr\/grotte-de-la-pileta\/#breadcrumb"},"inLanguage":"fr-FR","potentialAction":[{"@type":"ReadAction","target":["https:\/\/molinodesimon.es\/fr\/grotte-de-la-pileta\/"]}]},{"@type":"BreadcrumbList","@id":"https:\/\/molinodesimon.es\/fr\/grotte-de-la-pileta\/#breadcrumb","itemListElement":[{"@type":"ListItem","position":1,"name":"Inicio","item":"https:\/\/molinodesimon.es\/fr\/"},{"@type":"ListItem","position":2,"name":"Grotte de La Pileta"}]},{"@type":"WebSite","@id":"https:\/\/molinodesimon.es\/fr\/#website","url":"https:\/\/molinodesimon.es\/fr\/","name":"Molino de Sim&oacute;n","description":"Casa Rural en la Estaci&oacute;n de Benaoj&aacute;n","publisher":{"@id":"https:\/\/molinodesimon.es\/fr\/#organization"},"potentialAction":[{"@type":"SearchAction","target":{"@type":"EntryPoint","urlTemplate":"https:\/\/molinodesimon.es\/fr\/?s={search_term_string}"},"query-input":{"@type":"PropertyValueSpecification","valueRequired":true,"valueName":"search_term_string"}}],"inLanguage":"fr-FR"},{"@type":"Organization","@id":"https:\/\/molinodesimon.es\/fr\/#organization","name":"Molino de Sim\u00f3n","url":"https:\/\/molinodesimon.es\/fr\/","logo":{"@type":"ImageObject","inLanguage":"fr-FR","@id":"https:\/\/molinodesimon.es\/fr\/#\/schema\/logo\/image\/","url":"https:\/\/molinodesimon.es\/wp-content\/uploads\/2019\/09\/niebla-en-la-estacion-de-benaojan-e1570199456228.jpg","contentUrl":"https:\/\/molinodesimon.es\/wp-content\/uploads\/2019\/09\/niebla-en-la-estacion-de-benaojan-e1570199456228.jpg","width":700,"height":700,"caption":"Molino de Sim\u00f3n"},"image":{"@id":"https:\/\/molinodesimon.es\/fr\/#\/schema\/logo\/image\/"},"sameAs":["https:\/\/www.facebook.com\/molinodesimon\/","https:\/\/x.com\/molinodesimon","https:\/\/www.instagram.com\/molinodesimon\/","https:\/\/www.linkedin.com\/company\/51039578\/","https:\/\/www.pinterest.es\/molinodesimon\/","https:\/\/www.youtube.com\/channel\/UCtBlh0rPSz16lWMTxMIc7cw"]}]}},"_links":{"self":[{"href":"https:\/\/molinodesimon.es\/fr\/wp-json\/wp\/v2\/pages\/3860","targetHints":{"allow":["GET"]}}],"collection":[{"href":"https:\/\/molinodesimon.es\/fr\/wp-json\/wp\/v2\/pages"}],"about":[{"href":"https:\/\/molinodesimon.es\/fr\/wp-json\/wp\/v2\/types\/page"}],"author":[{"embeddable":true,"href":"https:\/\/molinodesimon.es\/fr\/wp-json\/wp\/v2\/users\/1"}],"replies":[{"embeddable":true,"href":"https:\/\/molinodesimon.es\/fr\/wp-json\/wp\/v2\/comments?post=3860"}],"version-history":[{"count":2,"href":"https:\/\/molinodesimon.es\/fr\/wp-json\/wp\/v2\/pages\/3860\/revisions"}],"predecessor-version":[{"id":3862,"href":"https:\/\/molinodesimon.es\/fr\/wp-json\/wp\/v2\/pages\/3860\/revisions\/3862"}],"wp:attachment":[{"href":"https:\/\/molinodesimon.es\/fr\/wp-json\/wp\/v2\/media?parent=3860"}],"curies":[{"name":"wp","href":"https:\/\/api.w.org\/{rel}","templated":true}]}}