{"id":795,"date":"2019-10-07T16:36:22","date_gmt":"2019-10-07T14:36:22","guid":{"rendered":"https:\/\/molinodesimon.es\/wanderwege\/"},"modified":"2019-10-14T01:45:17","modified_gmt":"2019-10-13T23:45:17","slug":"wanderwege","status":"publish","type":"page","link":"https:\/\/molinodesimon.es\/de\/wanderwege\/","title":{"rendered":"Wanderwege"},"content":{"rendered":"<p>[et_pb_section fb_built=&#8220;1&#8243; custom_padding_last_edited=&#8220;off|desktop&#8220; prev_background_color=&#8220;#ffffff&#8220; next_background_color=&#8220;#ffffff&#8220; admin_label=&#8220;Hero&#8220; _builder_version=&#8220;3.29.3&#8243; use_background_color_gradient=&#8220;on&#8220; background_color_gradient_start=&#8220;rgba(0,0,0,0.75)&#8220; background_color_gradient_end=&#8220;rgba(0,0,0,0.2)&#8220; background_color_gradient_direction=&#8220;90deg&#8220; background_color_gradient_overlays_image=&#8220;on&#8220; background_image=&#8220;https:\/\/molinodesimon.es\/wp-content\/uploads\/2019\/09\/senderismo.jpg&#8220; custom_padding=&#8220;10%||10%|&#8220; top_divider_style=&#8220;waves2&#8243; bottom_divider_style=&#8220;waves2&#8243; fb_built=&#8220;1&#8243; _i=&#8220;0&#8243; _address=&#8220;0&#8243;][et_pb_row _builder_version=&#8220;3.25&#8243; background_size=&#8220;initial&#8220; background_position=&#8220;top_left&#8220; background_repeat=&#8220;repeat&#8220; custom_margin=&#8220;|||&#8220; animation_style=&#8220;zoom&#8220; animation_intensity_zoom=&#8220;4%&#8220; _i=&#8220;0&#8243; _address=&#8220;0.0&#8243;][et_pb_column type=&#8220;4_4&#8243; _builder_version=&#8220;3.25&#8243; custom_padding=&#8220;|||&#8220; _i=&#8220;0&#8243; _address=&#8220;0.0.0&#8243; custom_padding__hover=&#8220;|||&#8220;][et_pb_text admin_label=&#8220;Title&#8220; _builder_version=&#8220;3.29.3&#8243; text_font=&#8220;||||||||&#8220; header_font=&#8220;Cormorant Garamond|700|||||||&#8220; header_font_size=&#8220;64px&#8220; background_layout=&#8220;dark&#8220; max_width=&#8220;600px&#8220; animation_style=&#8220;fold&#8220; animation_direction=&#8220;bottom&#8220; animation_delay=&#8220;50ms&#8220; animation_intensity_fold=&#8220;30%&#8220; animation_starting_opacity=&#8220;100%&#8220; _i=&#8220;0&#8243; _address=&#8220;0.0.0.0&#8243;]<\/p>\n<div id=\"ez-toc-container\" class=\"ez-toc-v2_0_82_2 counter-hierarchy ez-toc-counter ez-toc-grey ez-toc-container-direction\">\n<p class=\"ez-toc-title\" style=\"cursor:inherit\">Tabla de Contenidos<\/p>\n<label for=\"ez-toc-cssicon-toggle-item-6a04db48b3317\" class=\"ez-toc-cssicon-toggle-label\"><span class=\"\"><span class=\"eztoc-hide\" style=\"display:none;\">Toggle<\/span><span class=\"ez-toc-icon-toggle-span\"><svg style=\"fill: #999;color:#999\" xmlns=\"http:\/\/www.w3.org\/2000\/svg\" class=\"list-377408\" width=\"20px\" height=\"20px\" viewBox=\"0 0 24 24\" fill=\"none\"><path d=\"M6 6H4v2h2V6zm14 0H8v2h12V6zM4 11h2v2H4v-2zm16 0H8v2h12v-2zM4 16h2v2H4v-2zm16 0H8v2h12v-2z\" fill=\"currentColor\"><\/path><\/svg><svg style=\"fill: #999;color:#999\" class=\"arrow-unsorted-368013\" xmlns=\"http:\/\/www.w3.org\/2000\/svg\" width=\"10px\" height=\"10px\" viewBox=\"0 0 24 24\" version=\"1.2\" baseProfile=\"tiny\"><path d=\"M18.2 9.3l-6.2-6.3-6.2 6.3c-.2.2-.3.4-.3.7s.1.5.3.7c.2.2.4.3.7.3h11c.3 0 .5-.1.7-.3.2-.2.3-.5.3-.7s-.1-.5-.3-.7zM5.8 14.7l6.2 6.3 6.2-6.3c.2-.2.3-.5.3-.7s-.1-.5-.3-.7c-.2-.2-.4-.3-.7-.3h-11c-.3 0-.5.1-.7.3-.2.2-.3.5-.3.7s.1.5.3.7z\"\/><\/svg><\/span><\/span><\/label><input type=\"checkbox\"  id=\"ez-toc-cssicon-toggle-item-6a04db48b3317\"  aria-label=\"Toggle\" \/><nav><ul class='ez-toc-list ez-toc-list-level-1 ' ><li class='ez-toc-page-1 ez-toc-heading-level-1'><a class=\"ez-toc-link ez-toc-heading-1\" href=\"https:\/\/molinodesimon.es\/de\/wanderwege\/#Wanderwege_Bahnhof_Benaojan\" >Wanderwege Bahnhof Benaoj\u00e1n<\/a><ul class='ez-toc-list-level-2' ><li class='ez-toc-heading-level-2'><a class=\"ez-toc-link ez-toc-heading-2\" href=\"https:\/\/molinodesimon.es\/de\/wanderwege\/#Sie_koennen_den_Schwierigkeitsgrad_der_Route_mit_unseren_Wegbeschreibungen_und_3D-Karten_ueberpruefen\" >Sie k\u00f6nnen den Schwierigkeitsgrad der Route mit unseren Wegbeschreibungen und 3D-Karten \u00fcberpr\u00fcfen.<\/a><\/li><\/ul><\/li><li class='ez-toc-page-1 ez-toc-heading-level-1'><a class=\"ez-toc-link ez-toc-heading-3\" href=\"https:\/\/molinodesimon.es\/de\/wanderwege\/#Bahnhof_Benaojan_%E2%80%93_Katzenhoehle\" >Bahnhof Benaoj\u00e1n &#8211; Katzenh\u00f6hle<\/a><\/li><li class='ez-toc-page-1 ez-toc-heading-level-1'><a class=\"ez-toc-link ez-toc-heading-4\" href=\"https:\/\/molinodesimon.es\/de\/wanderwege\/#Bahnhof_Benaojan_%E2%80%93_Bahnhof_Jimera_de_Libar\" >Bahnhof Benaoj\u00e1n &#8211; Bahnhof Jimera de Libar<\/a><\/li><\/ul><\/nav><\/div>\n<h1><span class=\"ez-toc-section\" id=\"Wanderwege_Bahnhof_Benaojan\"><\/span>Wanderwege Bahnhof Benaoj\u00e1n<span class=\"ez-toc-section-end\"><\/span><\/h1>\n<p>[\/et_pb_text][et_pb_text _builder_version=&#8220;3.29.3&#8243; text_font=&#8220;Cormorant Garamond|500|||||||&#8220; text_font_size=&#8220;24px&#8220; text_line_height=&#8220;1.8em&#8220; header_font=&#8220;||||||||&#8220; background_layout=&#8220;dark&#8220; max_width=&#8220;600px&#8220; animation_style=&#8220;fold&#8220; animation_direction=&#8220;bottom&#8220; animation_delay=&#8220;100ms&#8220; animation_intensity_fold=&#8220;30%&#8220; animation_starting_opacity=&#8220;100%&#8220; hover_enabled=&#8220;0&#8243; _i=&#8220;1&#8243; _address=&#8220;0.0.0.1&#8243;]<\/p>\n<p>Hier ist unsere Auswahl an <a href=\"https:\/\/molinodesimon.es\/de\/wanderwege\/\"><br \/>\n  <strong>n\u00e4chste Wanderwege<\/strong><br \/>\n<\/a> zu uns nach Hause ab La <a href=\"https:\/\/molinodesimon.es\/de\/die-umwelt\/\"><strong>Bahnhof Benaoj\u00e1n<\/strong><\/a>, k\u00f6nnen Sie in 3D Maps Videos mit der virtuellen Routentour ansehen.<\/p>\n<p>[\/et_pb_text][\/et_pb_column][\/et_pb_row][\/et_pb_section][et_pb_section fb_built=&#8220;1&#8243; admin_label=&#8220;About&#8220; _builder_version=&#8220;3.22&#8243; custom_padding=&#8220;90px|0px|90px|0px&#8220; fb_built=&#8220;1&#8243; _i=&#8220;1&#8243; _address=&#8220;1&#8243;][et_pb_row column_structure=&#8220;1_2,1_2&#8243; custom_padding_last_edited=&#8220;on|tablet&#8220; admin_label=&#8220;Nutrtion Plan Row&#8220; _builder_version=&#8220;3.25&#8243; background_color=&#8220;#f9f2f2&#8243; custom_margin=&#8220;|||&#8220; custom_padding=&#8220;27px|0px|90px|0px&#8220; custom_padding_tablet=&#8220;0px||0px|&#8220; box_shadow_style=&#8220;preset4&#8243; box_shadow_horizontal=&#8220;0px&#8220; box_shadow_vertical=&#8220;100px&#8220; box_shadow_color=&#8220;#ffffff&#8220; box_shadow_position=&#8220;inner&#8220; _i=&#8220;0&#8243; _address=&#8220;1.0&#8243;][et_pb_column type=&#8220;1_2&#8243; _builder_version=&#8220;3.25&#8243; custom_padding=&#8220;130px|30px||50px&#8220; custom_padding_tablet=&#8220;130px|50px||50px&#8220; custom_padding_last_edited=&#8220;on|desktop&#8220; padding_tablet=&#8220;130px|50px||50px&#8220; padding_last_edited=&#8220;on|desktop&#8220; padding_left=&#8220;50px&#8220; padding_right=&#8220;30px&#8220; padding_top=&#8220;130px&#8220; _i=&#8220;0&#8243; _address=&#8220;1.0.0&#8243; custom_padding__hover=&#8220;|||&#8220;][et_pb_text admin_label=&#8220;Title&#8220; _builder_version=&#8220;3.29.3&#8243; text_font=&#8220;||||||||&#8220; header_font=&#8220;||||||||&#8220; header_2_font=&#8220;Cormorant Garamond|600|||||||&#8220; header_2_font_size=&#8220;36px&#8220; header_2_line_height=&#8220;1.4em&#8220; animation_style=&#8220;fold&#8220; animation_direction=&#8220;left&#8220; animation_intensity_fold=&#8220;5%&#8220; animation_starting_opacity=&#8220;100%&#8220; _i=&#8220;0&#8243; _address=&#8220;1.0.0.0&#8243;]<\/p>\n<h2><span class=\"ez-toc-section\" id=\"Sie_koennen_den_Schwierigkeitsgrad_der_Route_mit_unseren_Wegbeschreibungen_und_3D-Karten_ueberpruefen\"><\/span>Sie k\u00f6nnen den Schwierigkeitsgrad der Route mit unseren Wegbeschreibungen und 3D-Karten \u00fcberpr\u00fcfen.<span class=\"ez-toc-section-end\"><\/span><\/h2>\n<p>[\/et_pb_text][\/et_pb_column][et_pb_column type=&#8220;1_2&#8243; _builder_version=&#8220;3.25&#8243; custom_padding=&#8220;|30px||&#8220; custom_padding_tablet=&#8220;|0px||&#8220; custom_padding_last_edited=&#8220;on|desktop&#8220; padding_tablet=&#8220;|0px||&#8220; padding_last_edited=&#8220;on|desktop&#8220; padding_right=&#8220;30px&#8220; _i=&#8220;1&#8243; _address=&#8220;1.0.1&#8243; custom_padding__hover=&#8220;|||&#8220;][et_pb_image src=&#8220;https:\/\/molinodesimon.es\/wp-content\/uploads\/2019\/10\/hombre-andando.jpg&#8220; force_fullwidth=&#8220;on&#8220; _builder_version=&#8220;3.29.3&#8243; always_center_on_mobile=&#8220;off&#8220; _i=&#8220;0&#8243; _address=&#8220;1.0.1.0&#8243;][\/et_pb_image][\/et_pb_column][\/et_pb_row][\/et_pb_section][et_pb_section fb_built=&#8220;1&#8243; prev_background_color=&#8220;#ffffff&#8220; admin_label=&#8220;Recipes&#8220; _builder_version=&#8220;3.29.3&#8243; background_color=&#8220;#f9f2f2&#8243; background_size=&#8220;initial&#8220; custom_margin=&#8220;|||&#8220; custom_padding=&#8220;90px|0px|90px|0px&#8220; top_divider_style=&#8220;mountains&#8220; bottom_divider_style=&#8220;asymmetric&#8220; bottom_divider_color=&#8220;#ffffff&#8220; fb_built=&#8220;1&#8243; _i=&#8220;2&#8243; _address=&#8220;2&#8243;][et_pb_row _builder_version=&#8220;3.25&#8243; custom_margin=&#8220;|||&#8220; locked=&#8220;off&#8220; _i=&#8220;0&#8243; _address=&#8220;2.0&#8243;][et_pb_column type=&#8220;4_4&#8243; _builder_version=&#8220;3.25&#8243; custom_padding=&#8220;|||&#8220; _i=&#8220;0&#8243; _address=&#8220;2.0.0&#8243; custom_padding__hover=&#8220;|||&#8220;][et_pb_text admin_label=&#8220;Title&#8220; _builder_version=&#8220;3.29.3&#8243; text_font=&#8220;||||||||&#8220; header_font=&#8220;||||||||&#8220; header_2_font=&#8220;Cormorant Garamond|500|||||||&#8220; header_2_text_color=&#8220;#1e1e1e&#8220; header_2_font_size=&#8220;36px&#8220; background_color=&#8220;#e09900&#8243; text_orientation=&#8220;center&#8220; custom_margin=&#8220;15px|15px|15px|15px|false|false&#8220; custom_padding=&#8220;15px|15px|15px|15px|false|false&#8220; animation_style=&#8220;fade&#8220; border_width_all=&#8220;1px&#8220; border_color_all=&#8220;#e09900&#8243; box_shadow_style=&#8220;preset1&#8243; _i=&#8220;0&#8243; _address=&#8220;2.0.0.0&#8243;]<\/p>\n<h1><span class=\"ez-toc-section\" id=\"Bahnhof_Benaojan_%E2%80%93_Katzenhoehle\"><\/span>Bahnhof Benaoj\u00e1n &#8211; Katzenh\u00f6hle <span class=\"ez-toc-section-end\"><\/span><\/h1>\n<p>[\/et_pb_text][\/et_pb_column][\/et_pb_row][et_pb_row column_structure=&#8220;1_2,1_2&#8243; _builder_version=&#8220;3.29.3&#8243; _i=&#8220;1&#8243; _address=&#8220;2.1&#8243;][et_pb_column type=&#8220;1_2&#8243; _builder_version=&#8220;3.29.3&#8243; _i=&#8220;0&#8243; _address=&#8220;2.1.0&#8243;][et_pb_text _builder_version=&#8220;3.29.3&#8243; _i=&#8220;0&#8243; _address=&#8220;2.1.0.0&#8243;]<\/p>\n<p><strong>Route mit einer Entfernung von 4 km Rundfahrt<\/strong><\/p>\n<p>[\/et_pb_text][et_pb_button button_url=&#8220;@ET-DC@eyJkeW5hbWljIjp0cnVlLCJjb250ZW50IjoicG9zdF9saW5rX3VybF9wYWdlIiwic2V0dGluZ3MiOnsicG9zdF9pZCI6IjE4OCJ9fQ==@&#8220; button_text=&#8220;Vollst\u00e4ndige Routeninformationen anzeigen&#8220; _builder_version=&#8220;3.29.3&#8243; _dynamic_attributes=&#8220;button_url&#8220; custom_button=&#8220;on&#8220; button_text_size=&#8220;16px&#8220; button_text_color=&#8220;#e09900&#8243; button_bg_color=&#8220;#000000&#8243; button_bg_enable_color=&#8220;on&#8220; _i=&#8220;1&#8243; _address=&#8220;2.1.0.1&#8243;][\/et_pb_button][\/et_pb_column][et_pb_column type=&#8220;1_2&#8243; _builder_version=&#8220;3.29.3&#8243; _i=&#8220;1&#8243; _address=&#8220;2.1.1&#8243;][et_pb_video src=&#8220;https:\/\/www.youtube.com\/watch?v=Lk8C449Mw_k&#8220; _builder_version=&#8220;3.29.3&#8243; _i=&#8220;0&#8243; _address=&#8220;2.1.1.0&#8243;][\/et_pb_video][\/et_pb_column][\/et_pb_row][\/et_pb_section][et_pb_section fb_built=&#8220;1&#8243; next_background_color=&#8220;#ffffff&#8220; admin_label=&#8220;Recipes&#8220; _builder_version=&#8220;3.29.3&#8243; background_color=&#8220;#f9f2f2&#8243; background_size=&#8220;initial&#8220; custom_margin=&#8220;|||&#8220; custom_padding=&#8220;90px|0px|90px|0px&#8220; top_divider_style=&#8220;mountains&#8220; top_divider_color=&#8220;#ffffff&#8220; bottom_divider_style=&#8220;asymmetric2&#8243; fb_built=&#8220;1&#8243; _i=&#8220;3&#8243; _address=&#8220;3&#8243;][et_pb_row _builder_version=&#8220;3.25&#8243; custom_margin=&#8220;|||&#8220; locked=&#8220;off&#8220; _i=&#8220;0&#8243; _address=&#8220;3.0&#8243;][et_pb_column type=&#8220;4_4&#8243; _builder_version=&#8220;3.25&#8243; custom_padding=&#8220;|||&#8220; _i=&#8220;0&#8243; _address=&#8220;3.0.0&#8243; custom_padding__hover=&#8220;|||&#8220;][et_pb_text admin_label=&#8220;Title&#8220; _builder_version=&#8220;3.29.3&#8243; text_font=&#8220;||||||||&#8220; header_font=&#8220;||||||||&#8220; header_2_font=&#8220;Cormorant Garamond|500|||||||&#8220; header_2_text_color=&#8220;#1e1e1e&#8220; header_2_font_size=&#8220;36px&#8220; background_color=&#8220;#e09900&#8243; text_orientation=&#8220;center&#8220; custom_margin=&#8220;15px|15px|15px|15px|false|false&#8220; custom_padding=&#8220;15px|15px|15px|15px|false|false&#8220; animation_style=&#8220;fade&#8220; box_shadow_style=&#8220;preset1&#8243; _i=&#8220;0&#8243; _address=&#8220;3.0.0.0&#8243;]<\/p>\n<h1><span class=\"ez-toc-section\" id=\"Bahnhof_Benaojan_%E2%80%93_Bahnhof_Jimera_de_Libar\"><\/span>Bahnhof Benaoj\u00e1n &#8211; Bahnhof Jimera de Libar<span class=\"ez-toc-section-end\"><\/span><\/h1>\n<p>[\/et_pb_text][\/et_pb_column][\/et_pb_row][et_pb_row column_structure=&#8220;1_2,1_2&#8243; _builder_version=&#8220;3.29.3&#8243; _i=&#8220;1&#8243; _address=&#8220;3.1&#8243;][et_pb_column type=&#8220;1_2&#8243; _builder_version=&#8220;3.29.3&#8243; _i=&#8220;0&#8243; _address=&#8220;3.1.0&#8243;][et_pb_text _builder_version=&#8220;3.29.3&#8243; _i=&#8220;0&#8243; _address=&#8220;3.1.0.0&#8243;]<\/p>\n<p><strong>Route mit einer Entfernung von 10 km eine Richtung.<\/strong><\/p>\n<p>[\/et_pb_text][et_pb_button button_url=&#8220;@ET-DC@eyJkeW5hbWljIjp0cnVlLCJjb250ZW50IjoicG9zdF9saW5rX3VybF9wYWdlIiwic2V0dGluZ3MiOnsicG9zdF9pZCI6IjIwMCJ9fQ==@&#8220; button_text=&#8220;Vollst\u00e4ndige Routeninformationen anzeigen&#8220; _builder_version=&#8220;3.29.3&#8243; _dynamic_attributes=&#8220;button_url&#8220; custom_button=&#8220;on&#8220; button_text_size=&#8220;16px&#8220; button_text_color=&#8220;#e09900&#8243; button_bg_color=&#8220;#000000&#8243; button_bg_enable_color=&#8220;on&#8220; _i=&#8220;1&#8243; _address=&#8220;3.1.0.1&#8243;][\/et_pb_button][\/et_pb_column][et_pb_column type=&#8220;1_2&#8243; _builder_version=&#8220;3.29.3&#8243; _i=&#8220;1&#8243; _address=&#8220;3.1.1&#8243;][et_pb_video src=&#8220;https:\/\/www.youtube.com\/watch?v=N_YZFL3N9sE&#8220; _builder_version=&#8220;3.29.3&#8243; _i=&#8220;0&#8243; _address=&#8220;3.1.1.0&#8243;][\/et_pb_video][\/et_pb_column][\/et_pb_row][\/et_pb_section]<\/p>\n","protected":false},"excerpt":{"rendered":"<p>Wanderwege Bahnhof Benaoj\u00e1nHier ist unsere Auswahl an n\u00e4chste Wanderwege zu uns nach Hause ab La Bahnhof Benaoj\u00e1n, k\u00f6nnen Sie in 3D Maps Videos mit der virtuellen Routentour ansehen.Sie k\u00f6nnen den Schwierigkeitsgrad der Route mit unseren Wegbeschreibungen und 3D-Karten \u00fcberpr\u00fcfen.Bahnhof Benaoj\u00e1n &#8211; Katzenh\u00f6hle Route mit einer Entfernung von 4 km RundfahrtBahnhof Benaoj\u00e1n &#8211; Bahnhof Jimera de [&hellip;]<\/p>\n","protected":false},"author":1,"featured_media":0,"parent":0,"menu_order":0,"comment_status":"closed","ping_status":"closed","template":"","meta":{"_et_pb_use_builder":"on","_et_pb_old_content":"","_et_gb_content_width":"","footnotes":""},"class_list":["post-795","page","type-page","status-publish","hentry"],"yoast_head":"<!-- This site is optimized with the Yoast SEO Premium plugin v21.2 (Yoast SEO v27.4) - https:\/\/yoast.com\/product\/yoast-seo-premium-wordpress\/ -->\n<title>Wanderwege Benaoj\u00e1n Station - Molino de Sim&oacute;n<\/title>\n<meta name=\"description\" content=\"Wanderwege, die von mill de Simon in Benaoj\u00e9n Station zu Sehensw\u00fcrdigkeiten der Serrana de Ronda gemacht werden k\u00f6nnen\" \/>\n<meta name=\"robots\" content=\"index, follow, max-snippet:-1, max-image-preview:large, max-video-preview:-1\" \/>\n<link rel=\"canonical\" href=\"https:\/\/molinodesimon.es\/de\/wanderwege\/\" \/>\n<meta property=\"og:locale\" content=\"de_DE\" \/>\n<meta property=\"og:type\" content=\"article\" \/>\n<meta property=\"og:title\" content=\"Wanderwege\" \/>\n<meta property=\"og:url\" content=\"https:\/\/molinodesimon.es\/de\/wanderwege\/\" \/>\n<meta property=\"og:site_name\" content=\"Molino de Sim&oacute;n\" \/>\n<meta property=\"article:publisher\" content=\"https:\/\/www.facebook.com\/molinodesimon\/\" \/>\n<meta property=\"article:modified_time\" content=\"2019-10-13T23:45:17+00:00\" \/>\n<meta name=\"twitter:card\" content=\"summary_large_image\" \/>\n<meta name=\"twitter:site\" content=\"@molinodesimon\" \/>\n<meta name=\"twitter:label1\" content=\"Gesch\u00e4tzte Lesezeit\" \/>\n\t<meta name=\"twitter:data1\" content=\"5\u00a0Minuten\" \/>\n<script type=\"application\/ld+json\" class=\"yoast-schema-graph\">{\"@context\":\"https:\\\/\\\/schema.org\",\"@graph\":[{\"@type\":\"WebPage\",\"@id\":\"https:\\\/\\\/molinodesimon.es\\\/de\\\/wanderwege\\\/\",\"url\":\"https:\\\/\\\/molinodesimon.es\\\/de\\\/wanderwege\\\/\",\"name\":\"Wanderwege Benaoj\u00e1n Station - Molino de Sim&oacute;n\",\"isPartOf\":{\"@id\":\"https:\\\/\\\/molinodesimon.es\\\/de\\\/#website\"},\"datePublished\":\"2019-10-07T14:36:22+00:00\",\"dateModified\":\"2019-10-13T23:45:17+00:00\",\"description\":\"Wanderwege, die von mill de Simon in Benaoj\u00e9n Station zu Sehensw\u00fcrdigkeiten der Serrana de Ronda gemacht werden k\u00f6nnen\",\"breadcrumb\":{\"@id\":\"https:\\\/\\\/molinodesimon.es\\\/de\\\/wanderwege\\\/#breadcrumb\"},\"inLanguage\":\"de\",\"potentialAction\":[{\"@type\":\"ReadAction\",\"target\":[\"https:\\\/\\\/molinodesimon.es\\\/de\\\/wanderwege\\\/\"]}]},{\"@type\":\"BreadcrumbList\",\"@id\":\"https:\\\/\\\/molinodesimon.es\\\/de\\\/wanderwege\\\/#breadcrumb\",\"itemListElement\":[{\"@type\":\"ListItem\",\"position\":1,\"name\":\"Inicio\",\"item\":\"https:\\\/\\\/molinodesimon.es\\\/de\\\/\"},{\"@type\":\"ListItem\",\"position\":2,\"name\":\"Wanderwege\"}]},{\"@type\":\"WebSite\",\"@id\":\"https:\\\/\\\/molinodesimon.es\\\/de\\\/#website\",\"url\":\"https:\\\/\\\/molinodesimon.es\\\/de\\\/\",\"name\":\"Molino de Sim&oacute;n\",\"description\":\"Casa Rural en la Estaci&oacute;n de Benaoj&aacute;n\",\"publisher\":{\"@id\":\"https:\\\/\\\/molinodesimon.es\\\/de\\\/#organization\"},\"potentialAction\":[{\"@type\":\"SearchAction\",\"target\":{\"@type\":\"EntryPoint\",\"urlTemplate\":\"https:\\\/\\\/molinodesimon.es\\\/de\\\/?s={search_term_string}\"},\"query-input\":{\"@type\":\"PropertyValueSpecification\",\"valueRequired\":true,\"valueName\":\"search_term_string\"}}],\"inLanguage\":\"de\"},{\"@type\":\"Organization\",\"@id\":\"https:\\\/\\\/molinodesimon.es\\\/de\\\/#organization\",\"name\":\"Molino de Sim\u00f3n\",\"url\":\"https:\\\/\\\/molinodesimon.es\\\/de\\\/\",\"logo\":{\"@type\":\"ImageObject\",\"inLanguage\":\"de\",\"@id\":\"https:\\\/\\\/molinodesimon.es\\\/de\\\/#\\\/schema\\\/logo\\\/image\\\/\",\"url\":\"https:\\\/\\\/molinodesimon.es\\\/wp-content\\\/uploads\\\/2019\\\/09\\\/niebla-en-la-estacion-de-benaojan-e1570199456228.jpg\",\"contentUrl\":\"https:\\\/\\\/molinodesimon.es\\\/wp-content\\\/uploads\\\/2019\\\/09\\\/niebla-en-la-estacion-de-benaojan-e1570199456228.jpg\",\"width\":700,\"height\":700,\"caption\":\"Molino de Sim\u00f3n\"},\"image\":{\"@id\":\"https:\\\/\\\/molinodesimon.es\\\/de\\\/#\\\/schema\\\/logo\\\/image\\\/\"},\"sameAs\":[\"https:\\\/\\\/www.facebook.com\\\/molinodesimon\\\/\",\"https:\\\/\\\/x.com\\\/molinodesimon\",\"https:\\\/\\\/www.instagram.com\\\/molinodesimon\\\/\",\"https:\\\/\\\/www.linkedin.com\\\/company\\\/51039578\\\/\",\"https:\\\/\\\/www.pinterest.es\\\/molinodesimon\\\/\",\"https:\\\/\\\/www.youtube.com\\\/channel\\\/UCtBlh0rPSz16lWMTxMIc7cw\"]}]}<\/script>\n<!-- \/ Yoast SEO Premium plugin. -->","yoast_head_json":{"title":"Wanderwege Benaoj\u00e1n Station - Molino de Sim&oacute;n","description":"Wanderwege, die von mill de Simon in Benaoj\u00e9n Station zu Sehensw\u00fcrdigkeiten der Serrana de Ronda gemacht werden k\u00f6nnen","robots":{"index":"index","follow":"follow","max-snippet":"max-snippet:-1","max-image-preview":"max-image-preview:large","max-video-preview":"max-video-preview:-1"},"canonical":"https:\/\/molinodesimon.es\/de\/wanderwege\/","og_locale":"de_DE","og_type":"article","og_title":"Wanderwege","og_url":"https:\/\/molinodesimon.es\/de\/wanderwege\/","og_site_name":"Molino de Sim&oacute;n","article_publisher":"https:\/\/www.facebook.com\/molinodesimon\/","article_modified_time":"2019-10-13T23:45:17+00:00","twitter_card":"summary_large_image","twitter_site":"@molinodesimon","twitter_misc":{"Gesch\u00e4tzte Lesezeit":"5\u00a0Minuten"},"schema":{"@context":"https:\/\/schema.org","@graph":[{"@type":"WebPage","@id":"https:\/\/molinodesimon.es\/de\/wanderwege\/","url":"https:\/\/molinodesimon.es\/de\/wanderwege\/","name":"Wanderwege Benaoj\u00e1n Station - Molino de Sim&oacute;n","isPartOf":{"@id":"https:\/\/molinodesimon.es\/de\/#website"},"datePublished":"2019-10-07T14:36:22+00:00","dateModified":"2019-10-13T23:45:17+00:00","description":"Wanderwege, die von mill de Simon in Benaoj\u00e9n Station zu Sehensw\u00fcrdigkeiten der Serrana de Ronda gemacht werden k\u00f6nnen","breadcrumb":{"@id":"https:\/\/molinodesimon.es\/de\/wanderwege\/#breadcrumb"},"inLanguage":"de","potentialAction":[{"@type":"ReadAction","target":["https:\/\/molinodesimon.es\/de\/wanderwege\/"]}]},{"@type":"BreadcrumbList","@id":"https:\/\/molinodesimon.es\/de\/wanderwege\/#breadcrumb","itemListElement":[{"@type":"ListItem","position":1,"name":"Inicio","item":"https:\/\/molinodesimon.es\/de\/"},{"@type":"ListItem","position":2,"name":"Wanderwege"}]},{"@type":"WebSite","@id":"https:\/\/molinodesimon.es\/de\/#website","url":"https:\/\/molinodesimon.es\/de\/","name":"Molino de Sim&oacute;n","description":"Casa Rural en la Estaci&oacute;n de Benaoj&aacute;n","publisher":{"@id":"https:\/\/molinodesimon.es\/de\/#organization"},"potentialAction":[{"@type":"SearchAction","target":{"@type":"EntryPoint","urlTemplate":"https:\/\/molinodesimon.es\/de\/?s={search_term_string}"},"query-input":{"@type":"PropertyValueSpecification","valueRequired":true,"valueName":"search_term_string"}}],"inLanguage":"de"},{"@type":"Organization","@id":"https:\/\/molinodesimon.es\/de\/#organization","name":"Molino de Sim\u00f3n","url":"https:\/\/molinodesimon.es\/de\/","logo":{"@type":"ImageObject","inLanguage":"de","@id":"https:\/\/molinodesimon.es\/de\/#\/schema\/logo\/image\/","url":"https:\/\/molinodesimon.es\/wp-content\/uploads\/2019\/09\/niebla-en-la-estacion-de-benaojan-e1570199456228.jpg","contentUrl":"https:\/\/molinodesimon.es\/wp-content\/uploads\/2019\/09\/niebla-en-la-estacion-de-benaojan-e1570199456228.jpg","width":700,"height":700,"caption":"Molino de Sim\u00f3n"},"image":{"@id":"https:\/\/molinodesimon.es\/de\/#\/schema\/logo\/image\/"},"sameAs":["https:\/\/www.facebook.com\/molinodesimon\/","https:\/\/x.com\/molinodesimon","https:\/\/www.instagram.com\/molinodesimon\/","https:\/\/www.linkedin.com\/company\/51039578\/","https:\/\/www.pinterest.es\/molinodesimon\/","https:\/\/www.youtube.com\/channel\/UCtBlh0rPSz16lWMTxMIc7cw"]}]}},"_links":{"self":[{"href":"https:\/\/molinodesimon.es\/de\/wp-json\/wp\/v2\/pages\/795","targetHints":{"allow":["GET"]}}],"collection":[{"href":"https:\/\/molinodesimon.es\/de\/wp-json\/wp\/v2\/pages"}],"about":[{"href":"https:\/\/molinodesimon.es\/de\/wp-json\/wp\/v2\/types\/page"}],"author":[{"embeddable":true,"href":"https:\/\/molinodesimon.es\/de\/wp-json\/wp\/v2\/users\/1"}],"replies":[{"embeddable":true,"href":"https:\/\/molinodesimon.es\/de\/wp-json\/wp\/v2\/comments?post=795"}],"version-history":[{"count":3,"href":"https:\/\/molinodesimon.es\/de\/wp-json\/wp\/v2\/pages\/795\/revisions"}],"predecessor-version":[{"id":1036,"href":"https:\/\/molinodesimon.es\/de\/wp-json\/wp\/v2\/pages\/795\/revisions\/1036"}],"wp:attachment":[{"href":"https:\/\/molinodesimon.es\/de\/wp-json\/wp\/v2\/media?parent=795"}],"curies":[{"name":"wp","href":"https:\/\/api.w.org\/{rel}","templated":true}]}}