{"id":3863,"date":"2025-01-22T20:15:15","date_gmt":"2025-01-22T19:15:15","guid":{"rendered":"https:\/\/molinodesimon.es\/die-hoehle-von-la-pileta\/"},"modified":"2025-01-22T20:15:20","modified_gmt":"2025-01-22T19:15:20","slug":"die-hoehle-von-la-pileta","status":"publish","type":"page","link":"https:\/\/molinodesimon.es\/de\/die-hoehle-von-la-pileta\/","title":{"rendered":"Die H\u00f6hle von La Pileta"},"content":{"rendered":"<p>[et_pb_section fb_built=&#8220;1&#8243; custom_padding_last_edited=&#8220;off|desktop&#8220; admin_label=&#8220;top&#8220; _builder_version=&#8220;3.29.3&#8243; use_background_color_gradient=&#8220;on&#8220; background_color_gradient_start=&#8220;rgba(0,0,0,0.75)&#8220; background_color_gradient_end=&#8220;rgba(0,0,0,0.2)&#8220; background_color_gradient_direction=&#8220;90deg&#8220; background_color_gradient_overlays_image=&#8220;on&#8220; background_enable_image=&#8220;off&#8220; background_video_mp4=&#8220;https:\/\/molinodesimon.es\/wp-content\/uploads\/2019\/10\/zua-de-agua.mp4&#8243; custom_padding=&#8220;10%||10%|&#8220; top_divider_style=&#8220;waves2&#8243; top_divider_color=&#8220;#ffffff&#8220; bottom_divider_style=&#8220;waves2&#8243; bottom_divider_color=&#8220;#ffffff&#8220;][et_pb_row _builder_version=&#8220;3.25&#8243; background_size=&#8220;initial&#8220; background_position=&#8220;top_left&#8220; background_repeat=&#8220;repeat&#8220; custom_margin=&#8220;|||&#8220; animation_style=&#8220;zoom&#8220; animation_intensity_zoom=&#8220;4%&#8220;][et_pb_column type=&#8220;4_4&#8243; _builder_version=&#8220;3.25&#8243; custom_padding=&#8220;|||&#8220; custom_padding__hover=&#8220;|||&#8220;][et_pb_text admin_label=&#8220;Title&#8220; _builder_version=&#8220;4.6.1&#8243; text_font=&#8220;||||||||&#8220; header_font=&#8220;Cormorant Garamond|700|||||||&#8220; header_font_size=&#8220;64px&#8220; background_color=&#8220;rgba(0,0,0,0)&#8220; background_layout=&#8220;dark&#8220; max_width=&#8220;600px&#8220; animation_style=&#8220;fold&#8220; animation_direction=&#8220;bottom&#8220; animation_delay=&#8220;50ms&#8220; animation_intensity_fold=&#8220;30%&#8220; animation_starting_opacity=&#8220;100%&#8220;]<\/p>\n<h1>Die H\u00f6hle von La Pileta<\/h1>\n<p>[\/et_pb_text][et_pb_text _builder_version=&#8220;3.29.3&#8243; text_font=&#8220;Cormorant Garamond|500|||||||&#8220; text_font_size=&#8220;24px&#8220; text_line_height=&#8220;1.8em&#8220; header_font=&#8220;||||||||&#8220; background_layout=&#8220;dark&#8220; max_width=&#8220;600px&#8220; animation_style=&#8220;fold&#8220; animation_direction=&#8220;bottom&#8220; animation_delay=&#8220;100ms&#8220; animation_intensity_fold=&#8220;30%&#8220; animation_starting_opacity=&#8220;100%&#8220;]<\/p>\n<p>Was Sie in unserer Umgebung unternehmen k\u00f6nnen, wir stellen Ihnen Aktivit\u00e4ten und vertrauensw\u00fcrdige Orte in der N\u00e4he <strong>des Bahnhofs Benaoj\u00e1n<\/strong> vor, wo Sie hingehen k\u00f6nnen.<\/p>\n<p>[\/et_pb_text][\/et_pb_column][\/et_pb_row][\/et_pb_section][et_pb_section fb_built=&#8220;1&#8243; prev_background_color=&#8220;#ffffff&#8220; admin_label=&#8220;Rutas&#8220; _builder_version=&#8220;3.29.3&#8243; background_color=&#8220;#f9f2f2&#8243; background_size=&#8220;initial&#8220; custom_margin=&#8220;|||&#8220; custom_padding=&#8220;90px|0px|90px|0px&#8220; top_divider_style=&#8220;mountains&#8220; bottom_divider_style=&#8220;asymmetric&#8220; bottom_divider_color=&#8220;#ffffff&#8220;][et_pb_row _builder_version=&#8220;3.25&#8243; custom_margin=&#8220;|||&#8220; locked=&#8220;off&#8220;][et_pb_column type=&#8220;4_4&#8243; _builder_version=&#8220;3.25&#8243; custom_padding=&#8220;|||&#8220; custom_padding__hover=&#8220;|||&#8220;][et_pb_text admin_label=&#8220;Title&#8220; _builder_version=&#8220;3.29.3&#8243; text_font=&#8220;||||||||&#8220; header_font=&#8220;||||||||&#8220; header_2_font=&#8220;Cormorant Garamond|500|||||||&#8220; header_2_text_color=&#8220;#1e1e1e&#8220; header_2_font_size=&#8220;36px&#8220; background_color=&#8220;#e09900&#8243; text_orientation=&#8220;center&#8220; custom_margin=&#8220;15px|15px|15px|15px|false|false&#8220; custom_padding=&#8220;15px|15px|15px|15px|false|false&#8220; animation_style=&#8220;fade&#8220; border_width_all=&#8220;1px&#8220; border_color_all=&#8220;#e09900&#8243; box_shadow_style=&#8220;preset1&#8243;]<\/p>\n<h1>Die H\u00f6hle von La Pileta<\/h1>\n<p>[\/et_pb_text][\/et_pb_column][\/et_pb_row][et_pb_row _builder_version=&#8220;4.6.1&#8243; _module_preset=&#8220;default&#8220;][et_pb_column type=&#8220;4_4&#8243; _builder_version=&#8220;4.6.1&#8243; _module_preset=&#8220;default&#8220;][et_pb_text _builder_version=&#8220;4.6.1&#8243; _module_preset=&#8220;default&#8220;]<\/p>\n<p class=\"p1\"><span style=\"font-size: large;\">Das Hotel liegt auf dem H\u00fcgel von La Pileta in der Stadt Benaojan, M\u00e1laga<\/span><\/p>\n<p class=\"p1\">\n<p class=\"p1\"><span style=\"font-size: large;\"><strong>Die Cueva de la Pileta<\/strong> ist eine der wichtigsten pr\u00e4historischen St\u00e4tten Andalusiens.<\/span><\/p>\n<p class=\"p1\"><span style=\"font-size: large;\">Es wurde 1905 zuf\u00e4llig von <strong>Jos\u00e9 Bull\u00f3n Lobato<\/strong> entdeckt, einem Bauern, der auf der Suche nach<\/span><\/p>\n<p class=\"p1\"><span style=\"font-size: large;\">guano f\u00fcr sein Land beobachtete er den Austritt zahlreicher Flederm\u00e4use aus einer H\u00f6hle, die ihn nach<\/span><\/p>\n<p class=\"p1\"><span style=\"font-size: large;\">einer der Eing\u00e4nge. Die ersten H\u00f6hlenmalereien fand er nach mehreren Besuchen im Inneren und in der <\/span><\/p>\n<p class=\"p1\"><span style=\"font-size: large;\">sie nannte sich <strong>Cueva de los signreros (H\u00f6hle der Zeichen), die 1907 in Cueva de la Pileta umbenannt wurde<\/strong>.<\/span><\/p>\n<p class=\"p1\">\n<p class=\"p1\"><span style=\"font-size: large;\">Es wurde von Pr\u00e4historikern, Pal\u00e4ontologen und Arch\u00e4ologen wie <strong>Henri Breuil und Hugo<\/strong> untersucht<\/span><\/p>\n<p class=\"p1\"><span style=\"font-size: large;\"><strong>Obermaier<\/strong> zog es durch die<strong> Ver\u00f6ffentlichung von &#8220; Briefen aus dem wilden Spanien: eine geheimnisvolle H\u00f6hle &#8222;<\/strong><\/span><\/p>\n<p class=\"p1\"><span style=\"font-size: large;\">1911 in der britischen Zeitschrift The Saturday Review von Colonel <strong>a.D. Willoughby Verner<\/strong><\/span><\/p>\n<p class=\"p1\"><span style=\"font-size: large;\">( Milit\u00e4r mit Wohnsitz in Algeciras, der, nachdem er von dem Fund erfahren hatte, ihn in den Jahren 1909, 1010 und 1910 besuchte und untersuchte<\/span><\/p>\n<p class=\"p1\"><span style=\"font-size: large;\">1911 )<\/span><\/p>\n<p class=\"p1\">\n<p class=\"p1\"><span style=\"font-size: large;\">Die <strong>Cueva de la Pileta<\/strong> ist ein sehr repr\u00e4sentatives Ensemble f\u00fcr die Ausbreitung der pal\u00e4olithischen Kunst<\/span><\/p>\n<p class=\"p1\"><span style=\"font-size: large;\">im franko-kantabrischen Stil in Form von Gem\u00e4lden und Stichen von Tieren wie Pferden, Fischen,<\/span><\/p>\n<p class=\"p1\"><span style=\"font-size: large;\">Ziegen, Bullen, Bisons, Robben; unbestimmte Zahlen; und abstrakte Zeichen.<\/span><\/p>\n<p class=\"p1\">\n<p class=\"p1\"><span style=\"font-size: large;\">Auch neolithische Keramiken und schematische Figuren aus der Altsteinzeit wurden gefunden.<\/span><\/p>\n<p class=\"p1\">\n<p class=\"p1\"><span style=\"font-size: large;\"><strong>Im Jahr 1924 wurde es zum Kulturgut erkl\u00e4rt<\/strong>. Im selben Jahr wurde der aktuelle Eintrag entdeckt, <\/span><\/p>\n<p class=\"p1\"><span style=\"font-size: large;\">das ist das Original w\u00e4hrend der pr\u00e4historischen Besatzung.<\/span><\/p>\n<p class=\"p1\">\n<p class=\"p1\"><span style=\"font-size: large;\"><strong>1933 wurden in<\/strong> den damals entdeckten &#8222;Neuen Galerien&#8220; menschliche Skelette gefunden<\/span><\/p>\n<p class=\"p1\"><span style=\"font-size: large;\">und &#8220; Galer\u00edas del SEU &#8222;.<\/span><\/p>\n<p class=\"p1\">\n<p class=\"p1\"><span style=\"font-size: large;\"><strong>Im Jahr 1940 wurde das Innere so vorbereitet<\/strong> , dass es durch Schnitzstufen in den Bereichen, in denen es sich befand, besichtigt werden konnte<\/span><\/p>\n<p class=\"p1\"><span style=\"font-size: large;\">Ben\u00f6tigt.<\/span><\/p>\n<p class=\"p1\">\n<p class=\"p1\"><span style=\"font-size: large;\">Im Jahr 1992 wurden die Kinder des Entdeckers zusammen mit der GEAR (Alpine Speleological Group of Ronda)<\/span><\/p>\n<p class=\"p1\"><span style=\"font-size: large;\">Sie fanden einen neuen Abschnitt von 250 m L\u00e4nge.<\/span><\/p>\n<p class=\"p1\">\n<p class=\"p1\"><span style=\"font-size: large;\">Heute wird dieses pr\u00e4historische Juwel t\u00e4glich von Hunderten von Menschen besucht, obwohl<\/span><\/p>\n<p class=\"p1\"><span style=\"font-size: large;\">Aus diesem Grund wird sowohl bei der Anzahl der Besucher pro Tag als auch bei der<\/span><\/p>\n<p class=\"p1\"><span style=\"font-size: large;\">die Merkmale der Besuche, die immer geleitet werden und Ressourcen verwenden, die die<\/span><\/p>\n<p class=\"p1\"><span style=\"font-size: large;\">gro\u00dfer Schatz, der seine W\u00e4nde schm\u00fcckt.<\/span><\/p>\n<p>[\/et_pb_text][\/et_pb_column][\/et_pb_row][et_pb_row _builder_version=&#8220;4.6.3&#8243; _module_preset=&#8220;default&#8220;][et_pb_column _builder_version=&#8220;4.6.3&#8243; _module_preset=&#8220;default&#8220; type=&#8220;4_4&#8243;][et_pb_video src=&#8220;https:\/\/www.youtube.com\/watch?v=4phxC9Fneac&#8220; _builder_version=&#8220;4.6.3&#8243; _module_preset=&#8220;default&#8220; hover_enabled=&#8220;0&#8243; sticky_enabled=&#8220;0&#8243;][\/et_pb_video][\/et_pb_column][\/et_pb_row][et_pb_row _builder_version=&#8220;4.6.3&#8243; _module_preset=&#8220;default&#8220;][et_pb_column _builder_version=&#8220;4.6.3&#8243; _module_preset=&#8220;default&#8220; type=&#8220;4_4&#8243;][et_pb_video src=&#8220;https:\/\/www.youtube.com\/watch?v=K8w0_cZHMnI&#8220; _builder_version=&#8220;4.6.3&#8243; _module_preset=&#8220;default&#8220; hover_enabled=&#8220;0&#8243; sticky_enabled=&#8220;0&#8243;][\/et_pb_video][\/et_pb_column][\/et_pb_row][et_pb_row _builder_version=&#8220;4.6.3&#8243; _module_preset=&#8220;default&#8220;][et_pb_column _builder_version=&#8220;4.6.3&#8243; _module_preset=&#8220;default&#8220; type=&#8220;4_4&#8243;][et_pb_video src=&#8220;https:\/\/www.youtube.com\/watch?v=sDQLkaAjZmo&#8220; _builder_version=&#8220;4.6.3&#8243; _module_preset=&#8220;default&#8220; hover_enabled=&#8220;0&#8243; sticky_enabled=&#8220;0&#8243;][\/et_pb_video][\/et_pb_column][\/et_pb_row][\/et_pb_section]<\/p>\n","protected":false},"excerpt":{"rendered":"<p>Die H\u00f6hle von La PiletaWas Sie in unserer Umgebung unternehmen k\u00f6nnen, wir stellen Ihnen Aktivit\u00e4ten und vertrauensw\u00fcrdige Orte in der N\u00e4he des Bahnhofs Benaoj\u00e1n vor, wo Sie hingehen k\u00f6nnen.Die H\u00f6hle von La PiletaDas Hotel liegt auf dem H\u00fcgel von La Pileta in der Stadt Benaojan, M\u00e1laga Die Cueva de la Pileta ist eine der wichtigsten [&hellip;]<\/p>\n","protected":false},"author":1,"featured_media":0,"parent":0,"menu_order":0,"comment_status":"closed","ping_status":"closed","template":"","meta":{"_et_pb_use_builder":"on","_et_pb_old_content":"","_et_gb_content_width":"","footnotes":""},"class_list":["post-3863","page","type-page","status-publish","hentry"],"yoast_head":"<!-- This site is optimized with the Yoast SEO Premium plugin v21.2 (Yoast SEO v27.4) - https:\/\/yoast.com\/product\/yoast-seo-premium-wordpress\/ -->\n<title>Die H\u00f6hle von La Pileta - Molino de Sim&oacute;n<\/title>\n<meta name=\"robots\" content=\"index, follow, max-snippet:-1, max-image-preview:large, max-video-preview:-1\" \/>\n<link rel=\"canonical\" href=\"https:\/\/molinodesimon.es\/de\/die-hoehle-von-la-pileta\/\" \/>\n<meta property=\"og:locale\" content=\"de_DE\" \/>\n<meta property=\"og:type\" content=\"article\" \/>\n<meta property=\"og:title\" content=\"Die H\u00f6hle von La Pileta\" \/>\n<meta property=\"og:url\" content=\"https:\/\/molinodesimon.es\/de\/die-hoehle-von-la-pileta\/\" \/>\n<meta property=\"og:site_name\" content=\"Molino de Sim&oacute;n\" \/>\n<meta property=\"article:publisher\" content=\"https:\/\/www.facebook.com\/molinodesimon\/\" \/>\n<meta property=\"article:modified_time\" content=\"2025-01-22T19:15:20+00:00\" \/>\n<meta name=\"twitter:card\" content=\"summary_large_image\" \/>\n<meta name=\"twitter:site\" content=\"@molinodesimon\" \/>\n<meta name=\"twitter:label1\" content=\"Gesch\u00e4tzte Lesezeit\" \/>\n\t<meta name=\"twitter:data1\" content=\"5\u00a0Minuten\" \/>\n<script type=\"application\/ld+json\" class=\"yoast-schema-graph\">{\"@context\":\"https:\\\/\\\/schema.org\",\"@graph\":[{\"@type\":\"WebPage\",\"@id\":\"https:\\\/\\\/molinodesimon.es\\\/de\\\/die-hoehle-von-la-pileta\\\/\",\"url\":\"https:\\\/\\\/molinodesimon.es\\\/de\\\/die-hoehle-von-la-pileta\\\/\",\"name\":\"Die H\u00f6hle von La Pileta - Molino de Sim&oacute;n\",\"isPartOf\":{\"@id\":\"https:\\\/\\\/molinodesimon.es\\\/de\\\/#website\"},\"datePublished\":\"2025-01-22T19:15:15+00:00\",\"dateModified\":\"2025-01-22T19:15:20+00:00\",\"breadcrumb\":{\"@id\":\"https:\\\/\\\/molinodesimon.es\\\/de\\\/die-hoehle-von-la-pileta\\\/#breadcrumb\"},\"inLanguage\":\"de\",\"potentialAction\":[{\"@type\":\"ReadAction\",\"target\":[\"https:\\\/\\\/molinodesimon.es\\\/de\\\/die-hoehle-von-la-pileta\\\/\"]}]},{\"@type\":\"BreadcrumbList\",\"@id\":\"https:\\\/\\\/molinodesimon.es\\\/de\\\/die-hoehle-von-la-pileta\\\/#breadcrumb\",\"itemListElement\":[{\"@type\":\"ListItem\",\"position\":1,\"name\":\"Inicio\",\"item\":\"https:\\\/\\\/molinodesimon.es\\\/de\\\/\"},{\"@type\":\"ListItem\",\"position\":2,\"name\":\"Die H\u00f6hle von La Pileta\"}]},{\"@type\":\"WebSite\",\"@id\":\"https:\\\/\\\/molinodesimon.es\\\/de\\\/#website\",\"url\":\"https:\\\/\\\/molinodesimon.es\\\/de\\\/\",\"name\":\"Molino de Sim&oacute;n\",\"description\":\"Casa Rural en la Estaci&oacute;n de Benaoj&aacute;n\",\"publisher\":{\"@id\":\"https:\\\/\\\/molinodesimon.es\\\/de\\\/#organization\"},\"potentialAction\":[{\"@type\":\"SearchAction\",\"target\":{\"@type\":\"EntryPoint\",\"urlTemplate\":\"https:\\\/\\\/molinodesimon.es\\\/de\\\/?s={search_term_string}\"},\"query-input\":{\"@type\":\"PropertyValueSpecification\",\"valueRequired\":true,\"valueName\":\"search_term_string\"}}],\"inLanguage\":\"de\"},{\"@type\":\"Organization\",\"@id\":\"https:\\\/\\\/molinodesimon.es\\\/de\\\/#organization\",\"name\":\"Molino de Sim\u00f3n\",\"url\":\"https:\\\/\\\/molinodesimon.es\\\/de\\\/\",\"logo\":{\"@type\":\"ImageObject\",\"inLanguage\":\"de\",\"@id\":\"https:\\\/\\\/molinodesimon.es\\\/de\\\/#\\\/schema\\\/logo\\\/image\\\/\",\"url\":\"https:\\\/\\\/molinodesimon.es\\\/wp-content\\\/uploads\\\/2019\\\/09\\\/niebla-en-la-estacion-de-benaojan-e1570199456228.jpg\",\"contentUrl\":\"https:\\\/\\\/molinodesimon.es\\\/wp-content\\\/uploads\\\/2019\\\/09\\\/niebla-en-la-estacion-de-benaojan-e1570199456228.jpg\",\"width\":700,\"height\":700,\"caption\":\"Molino de Sim\u00f3n\"},\"image\":{\"@id\":\"https:\\\/\\\/molinodesimon.es\\\/de\\\/#\\\/schema\\\/logo\\\/image\\\/\"},\"sameAs\":[\"https:\\\/\\\/www.facebook.com\\\/molinodesimon\\\/\",\"https:\\\/\\\/x.com\\\/molinodesimon\",\"https:\\\/\\\/www.instagram.com\\\/molinodesimon\\\/\",\"https:\\\/\\\/www.linkedin.com\\\/company\\\/51039578\\\/\",\"https:\\\/\\\/www.pinterest.es\\\/molinodesimon\\\/\",\"https:\\\/\\\/www.youtube.com\\\/channel\\\/UCtBlh0rPSz16lWMTxMIc7cw\"]}]}<\/script>\n<!-- \/ Yoast SEO Premium plugin. -->","yoast_head_json":{"title":"Die H\u00f6hle von La Pileta - Molino de Sim&oacute;n","robots":{"index":"index","follow":"follow","max-snippet":"max-snippet:-1","max-image-preview":"max-image-preview:large","max-video-preview":"max-video-preview:-1"},"canonical":"https:\/\/molinodesimon.es\/de\/die-hoehle-von-la-pileta\/","og_locale":"de_DE","og_type":"article","og_title":"Die H\u00f6hle von La Pileta","og_url":"https:\/\/molinodesimon.es\/de\/die-hoehle-von-la-pileta\/","og_site_name":"Molino de Sim&oacute;n","article_publisher":"https:\/\/www.facebook.com\/molinodesimon\/","article_modified_time":"2025-01-22T19:15:20+00:00","twitter_card":"summary_large_image","twitter_site":"@molinodesimon","twitter_misc":{"Gesch\u00e4tzte Lesezeit":"5\u00a0Minuten"},"schema":{"@context":"https:\/\/schema.org","@graph":[{"@type":"WebPage","@id":"https:\/\/molinodesimon.es\/de\/die-hoehle-von-la-pileta\/","url":"https:\/\/molinodesimon.es\/de\/die-hoehle-von-la-pileta\/","name":"Die H\u00f6hle von La Pileta - Molino de Sim&oacute;n","isPartOf":{"@id":"https:\/\/molinodesimon.es\/de\/#website"},"datePublished":"2025-01-22T19:15:15+00:00","dateModified":"2025-01-22T19:15:20+00:00","breadcrumb":{"@id":"https:\/\/molinodesimon.es\/de\/die-hoehle-von-la-pileta\/#breadcrumb"},"inLanguage":"de","potentialAction":[{"@type":"ReadAction","target":["https:\/\/molinodesimon.es\/de\/die-hoehle-von-la-pileta\/"]}]},{"@type":"BreadcrumbList","@id":"https:\/\/molinodesimon.es\/de\/die-hoehle-von-la-pileta\/#breadcrumb","itemListElement":[{"@type":"ListItem","position":1,"name":"Inicio","item":"https:\/\/molinodesimon.es\/de\/"},{"@type":"ListItem","position":2,"name":"Die H\u00f6hle von La Pileta"}]},{"@type":"WebSite","@id":"https:\/\/molinodesimon.es\/de\/#website","url":"https:\/\/molinodesimon.es\/de\/","name":"Molino de Sim&oacute;n","description":"Casa Rural en la Estaci&oacute;n de Benaoj&aacute;n","publisher":{"@id":"https:\/\/molinodesimon.es\/de\/#organization"},"potentialAction":[{"@type":"SearchAction","target":{"@type":"EntryPoint","urlTemplate":"https:\/\/molinodesimon.es\/de\/?s={search_term_string}"},"query-input":{"@type":"PropertyValueSpecification","valueRequired":true,"valueName":"search_term_string"}}],"inLanguage":"de"},{"@type":"Organization","@id":"https:\/\/molinodesimon.es\/de\/#organization","name":"Molino de Sim\u00f3n","url":"https:\/\/molinodesimon.es\/de\/","logo":{"@type":"ImageObject","inLanguage":"de","@id":"https:\/\/molinodesimon.es\/de\/#\/schema\/logo\/image\/","url":"https:\/\/molinodesimon.es\/wp-content\/uploads\/2019\/09\/niebla-en-la-estacion-de-benaojan-e1570199456228.jpg","contentUrl":"https:\/\/molinodesimon.es\/wp-content\/uploads\/2019\/09\/niebla-en-la-estacion-de-benaojan-e1570199456228.jpg","width":700,"height":700,"caption":"Molino de Sim\u00f3n"},"image":{"@id":"https:\/\/molinodesimon.es\/de\/#\/schema\/logo\/image\/"},"sameAs":["https:\/\/www.facebook.com\/molinodesimon\/","https:\/\/x.com\/molinodesimon","https:\/\/www.instagram.com\/molinodesimon\/","https:\/\/www.linkedin.com\/company\/51039578\/","https:\/\/www.pinterest.es\/molinodesimon\/","https:\/\/www.youtube.com\/channel\/UCtBlh0rPSz16lWMTxMIc7cw"]}]}},"_links":{"self":[{"href":"https:\/\/molinodesimon.es\/de\/wp-json\/wp\/v2\/pages\/3863","targetHints":{"allow":["GET"]}}],"collection":[{"href":"https:\/\/molinodesimon.es\/de\/wp-json\/wp\/v2\/pages"}],"about":[{"href":"https:\/\/molinodesimon.es\/de\/wp-json\/wp\/v2\/types\/page"}],"author":[{"embeddable":true,"href":"https:\/\/molinodesimon.es\/de\/wp-json\/wp\/v2\/users\/1"}],"replies":[{"embeddable":true,"href":"https:\/\/molinodesimon.es\/de\/wp-json\/wp\/v2\/comments?post=3863"}],"version-history":[{"count":2,"href":"https:\/\/molinodesimon.es\/de\/wp-json\/wp\/v2\/pages\/3863\/revisions"}],"predecessor-version":[{"id":3865,"href":"https:\/\/molinodesimon.es\/de\/wp-json\/wp\/v2\/pages\/3863\/revisions\/3865"}],"wp:attachment":[{"href":"https:\/\/molinodesimon.es\/de\/wp-json\/wp\/v2\/media?parent=3863"}],"curies":[{"name":"wp","href":"https:\/\/api.w.org\/{rel}","templated":true}]}}